{"id":9375,"date":"2015-03-11T14:31:29","date_gmt":"2015-03-11T14:31:29","guid":{"rendered":"https:\/\/www.margheritaviaggi.com\/?page_id=9375"},"modified":"2024-03-28T13:14:29","modified_gmt":"2024-03-28T13:14:29","slug":"mountain-bike","status":"publish","type":"page","link":"https:\/\/www.margheritaviaggi.com\/it\/gruppi\/mountain-bike\/","title":{"rendered":"Mountain Bike"},"content":{"rendered":"\n\n\t<section class=\"section hide-for-small\" id=\"section_1705781195\">\n\t\t<div class=\"section-bg fill\" >\n\t\t\t\t\t\t\t\t\t\n\t\t\t\n\n\t\t<\/div>\n\n\t\t\n\n\t\t<div class=\"section-content relative\">\n\t\t\t\n\n\t<div id=\"gap-1253330651\" class=\"gap-element clearfix\" style=\"display:block; height:auto;\">\n\t\t\n<style>\n#gap-1253330651 {\n  padding-top: 15px;\n}\n<\/style>\n\t<\/div>\n\t\n\n<div class=\"row\"  id=\"row-2019522561\">\n\n\n\t<div id=\"col-1220898798\" class=\"col small-12 large-12\"  >\n\t\t\t\t<div class=\"col-inner\"  >\n\t\t\t\n\t\t\t\n\n\t<div id=\"text-766047854\" class=\"text\">\n\t\t\n\n<p style=\"margin-bottom: 0px;\"><a href=\"\/\" style=\"color: #949494;\">Home<\/a><a href=\"\/it\/gruppi\/\" style=\"color: #949494;\"> &gt; Escursioni Isola d\u2019Elba<\/a> > Mountain Bike<\/p>\n\n\t\t\n<style>\n#text-766047854 {\n  font-size: 0.9rem;\n  color: rgb(0, 189, 233);\n}\n#text-766047854 > * {\n  color: rgb(0, 189, 233);\n}\n<\/style>\n\t<\/div>\n\t\n\n\t\t<\/div>\n\t\t\t\t\n<style>\n#col-1220898798 > .col-inner {\n  margin: 0px 0px -20px 0px;\n}\n<\/style>\n\t<\/div>\n\n\t\n\n<\/div>\n\n\t\t<\/div>\n\n\t\t\n<style>\n#section_1705781195 {\n  padding-top: 0px;\n  padding-bottom: 0px;\n  background-color: rgb(244, 244, 245);\n}\n<\/style>\n\t<\/section>\n\t\n\n\t<section class=\"section\" id=\"section_793323233\">\n\t\t<div class=\"section-bg fill\" >\n\t\t\t\t\t\t\t\t\t\n\t\t\t\n\n\t\t<\/div>\n\n\t\t\n\n\t\t<div class=\"section-content relative\">\n\t\t\t\n\n\t<div id=\"gap-1941049367\" class=\"gap-element clearfix\" style=\"display:block; height:auto;\">\n\t\t\n<style>\n#gap-1941049367 {\n  padding-top: 5px;\n}\n<\/style>\n\t<\/div>\n\t\n\n<div class=\"row\"  id=\"row-741112532\">\n\n\n\t<div id=\"col-775798048\" class=\"col small-12 large-12\"  >\n\t\t\t\t<div class=\"col-inner\"  >\n\t\t\t\n\t\t\t\n\n\t<div id=\"text-1327207715\" class=\"text\">\n\t\t\n\n<p style=\"margin-bottom: 0px;\"><strong>Mountain Bike<\/strong><\/p>\n\n\t\t\n<style>\n#text-1327207715 {\n  font-size: 1.5rem;\n  color: rgb(255, 255, 255);\n}\n#text-1327207715 > * {\n  color: rgb(255, 255, 255);\n}\n@media (min-width:550px) {\n  #text-1327207715 {\n    font-size: 2rem;\n  }\n}\n<\/style>\n\t<\/div>\n\t\n\n\t\t<\/div>\n\t\t\t\t\n<style>\n#col-775798048 > .col-inner {\n  margin: 0px 0px -25px 0px;\n}\n<\/style>\n\t<\/div>\n\n\t\n\n<\/div>\n\n\t\t<\/div>\n\n\t\t\n<style>\n#section_793323233 {\n  padding-top: 0px;\n  padding-bottom: 0px;\n  background-color: rgb(5, 18, 27);\n}\n<\/style>\n\t<\/section>\n\t\n<div class=\"row\"  id=\"row-332484384\">\n\n\n\t<div id=\"col-2054002996\" class=\"col small-12 large-12\"  >\n\t\t\t\t<div class=\"col-inner text-center\"  >\n\t\t\t\n\t\t\t\n\n\t<div id=\"text-2091927244\" class=\"text\">\n\t\t\n\n<p>Anche d&#8217;inverno, quando gran parte delle montagne della penisola sono al freddo sotto strati di neve, all&#8217;Isola d&#8217;Elba si pu\u00f2 godere di un clima pi\u00f9 mite e di giornate talvolta quasi primaverili che la rendono la meta ideale per gli sport all&#8217;aria aperta anche e soprattutto fuori stagione.<\/p>\n<p>I periodi in cui il turismo balneare \u00e8 meno fiorente, infatti, sono i migliori per godersi la natura dell&#8217;Isola in sella alla propria bicicletta.<\/p>\n<p>Che vogliate esplorarla su strada o su sterrato, l&#8217;Elba vi sfider\u00e0 con le sue numerose salite e discese e vi ripagher\u00e0 dello sforzo proponendovi, ad ogni curva, scorci mozzafiato e paesaggi sempre nuovi.<\/p>\n<p>La straordinaria peculiarit\u00e0 di quest&#8217;Isola \u00e8 infatti quella di racchiudere nel suo territorio una grande variet\u00e0 di terreni che determina la straordinaria variet\u00e0 della sua sentieristica: potreste pedalare in montagna, tra boschi di castagni e ruscelli di acqua sorgiva e trovarvi poco dopo ad ammirare dall&#8217;alto il capo di Sant&#8217;Andrea con il suo mare turchese oppure potreste a percorrere i molti sentieri che costeggiano il litorale dell&#8217;Isola inebriati dai profumi della macchia mediterranea e ammirare all&#8217;orizzonte i profili delle isole dell&#8217;Arcipelago Toscano o della Corsica.<\/p>\n<p>La sentieristica dell\u2019Isola vi permette di creare anelli e percorsi sterrati che possono raggiungere anche i 100 km di lunghezza e che proprio per la loro variet\u00e0 si adattano a ogni livello di allenamento.<\/p>\n<p>Per esempio, affittando un <u><a href=\"\/it\/marina-di-campo\/appartamenti\/\"> appartamento a Marina di Campo<\/a><\/u>, vi troverete in una posizione ottimale per raggiungere alcuni dei sentieri pi\u00e0 belli dell&#8217;Isola<\/p>\n<p>L\u2019attenzione che l\u2019Isola rivolge agli appassionati di mountain bike \u00e8 ben rappresentata anche dalle gare agonistiche che organizza durante l\u2019anno: tra le pi\u00f9 famose ci sono la Legend Cup di Capoliveri e il Gran Fondo Isola d\u2019Elba.<\/p>\n\n\t\t\n<style>\n#text-2091927244 {\n  text-align: left;\n}\n<\/style>\n\t<\/div>\n\t\n\n\t\t<\/div>\n\t\t\t\t\t<\/div>\n\n\t\n\n\t<div id=\"col-1324361557\" class=\"col small-12 large-12\"  >\n\t\t\t\t<div class=\"col-inner\"  >\n\t\t\t\n\t\t\t\n\n<div class=\"is-divider divider clearfix\" style=\"margin-top:0px;margin-bottom:0px;max-width:100%;height:1px;\"><\/div>\n\n\t<div id=\"gap-1924574544\" class=\"gap-element clearfix\" style=\"display:block; height:auto;\">\n\t\t\n<style>\n#gap-1924574544 {\n  padding-top: 10px;\n}\n<\/style>\n\t<\/div>\n\t\n\n<div class=\"social-icons share-icons share-row relative full-width text-center icon-style-fill\" ><span class=\"share-icons-title\">Condividi:<\/span><a href=\"whatsapp:\/\/send?text=Mountain%20Bike - https:\/\/www.margheritaviaggi.com\/it\/gruppi\/mountain-bike\/\" data-action=\"share\/whatsapp\/share\" class=\"icon primary button circle tooltip whatsapp show-for-medium\" title=\"Condividi su WhatsApp\" aria-label=\"Condividi su WhatsApp\"><i class=\"icon-whatsapp\" aria-hidden=\"true\"><\/i><\/a><a href=\"https:\/\/www.facebook.com\/sharer.php?u=https:\/\/www.margheritaviaggi.com\/it\/gruppi\/mountain-bike\/\" data-label=\"Facebook\" onclick=\"window.open(this.href,this.title,'width=500,height=500,top=300px,left=300px'); return false;\" target=\"_blank\" class=\"icon primary button circle tooltip facebook\" title=\"Condividi su Facebook\" aria-label=\"Condividi su Facebook\" rel=\"noopener nofollow\"><i class=\"icon-facebook\" aria-hidden=\"true\"><\/i><\/a><a href=\"https:\/\/twitter.com\/share?url=https:\/\/www.margheritaviaggi.com\/it\/gruppi\/mountain-bike\/\" onclick=\"window.open(this.href,this.title,'width=500,height=500,top=300px,left=300px'); return false;\" target=\"_blank\" class=\"icon primary button circle tooltip twitter\" title=\"Condividi su Twitter\" aria-label=\"Condividi su Twitter\" rel=\"noopener nofollow\"><i class=\"icon-twitter\" aria-hidden=\"true\"><\/i><\/a><a href=\"mailto:?subject=Mountain%20Bike&body=Dai%20un%26%23039%3Bocchiata%3A%20https%3A%2F%2Fwww.margheritaviaggi.com%2Fit%2Fgruppi%2Fmountain-bike%2F\" class=\"icon primary button circle tooltip email\" title=\"Invia per email ad un Amico\" aria-label=\"Invia per email ad un Amico\" rel=\"nofollow\"><i class=\"icon-envelop\" aria-hidden=\"true\"><\/i><\/a><a href=\"https:\/\/pinterest.com\/pin\/create\/button?url=https:\/\/www.margheritaviaggi.com\/it\/gruppi\/mountain-bike\/&media&description=Mountain%20Bike\" onclick=\"window.open(this.href,this.title,'width=500,height=500,top=300px,left=300px'); return false;\" target=\"_blank\" class=\"icon primary button circle tooltip pinterest\" title=\"Pin su Pinterest\" aria-label=\"Pin su Pinterest\" rel=\"noopener nofollow\"><i class=\"icon-pinterest\" aria-hidden=\"true\"><\/i><\/a><a href=\"https:\/\/www.linkedin.com\/shareArticle?mini=true&url=https:\/\/www.margheritaviaggi.com\/it\/gruppi\/mountain-bike\/&title=Mountain%20Bike\" onclick=\"window.open(this.href,this.title,'width=500,height=500,top=300px,left=300px'); return false;\" target=\"_blank\" class=\"icon primary button circle tooltip linkedin\" title=\"Condividi su LinkedIn\" aria-label=\"Condividi su LinkedIn\" rel=\"noopener nofollow\"><i class=\"icon-linkedin\" aria-hidden=\"true\"><\/i><\/a><\/div>\n\n<div class=\"is-divider divider clearfix\" style=\"margin-top:0px;margin-bottom:0px;max-width:100%;height:1px;\"><\/div>\n\n\n\t\t<\/div>\n\t\t\t\t\t<\/div>\n\n\t\n\n<\/div>\n\n","protected":false},"excerpt":{"rendered":"","protected":false},"author":1,"featured_media":0,"parent":2440,"menu_order":71,"comment_status":"closed","ping_status":"closed","template":"page-blank.php","meta":{"_joinchat":[],"footnotes":""},"class_list":["post-9375","page","type-page","status-publish","hentry"],"aioseo_notices":[],"_links":{"self":[{"href":"https:\/\/www.margheritaviaggi.com\/it\/wp-json\/wp\/v2\/pages\/9375","targetHints":{"allow":["GET"]}}],"collection":[{"href":"https:\/\/www.margheritaviaggi.com\/it\/wp-json\/wp\/v2\/pages"}],"about":[{"href":"https:\/\/www.margheritaviaggi.com\/it\/wp-json\/wp\/v2\/types\/page"}],"author":[{"embeddable":true,"href":"https:\/\/www.margheritaviaggi.com\/it\/wp-json\/wp\/v2\/users\/1"}],"replies":[{"embeddable":true,"href":"https:\/\/www.margheritaviaggi.com\/it\/wp-json\/wp\/v2\/comments?post=9375"}],"version-history":[{"count":6,"href":"https:\/\/www.margheritaviaggi.com\/it\/wp-json\/wp\/v2\/pages\/9375\/revisions"}],"predecessor-version":[{"id":49167,"href":"https:\/\/www.margheritaviaggi.com\/it\/wp-json\/wp\/v2\/pages\/9375\/revisions\/49167"}],"up":[{"embeddable":true,"href":"https:\/\/www.margheritaviaggi.com\/it\/wp-json\/wp\/v2\/pages\/2440"}],"wp:attachment":[{"href":"https:\/\/www.margheritaviaggi.com\/it\/wp-json\/wp\/v2\/media?parent=9375"}],"curies":[{"name":"wp","href":"https:\/\/api.w.org\/{rel}","templated":true}]}}