{"id":9373,"date":"2015-03-11T14:30:51","date_gmt":"2015-03-11T14:30:51","guid":{"rendered":"https:\/\/www.margheritaviaggi.com\/?page_id=9373"},"modified":"2024-03-28T13:07:54","modified_gmt":"2024-03-28T13:07:54","slug":"trekking","status":"publish","type":"page","link":"https:\/\/www.margheritaviaggi.com\/it\/gruppi\/trekking\/","title":{"rendered":"Trekking"},"content":{"rendered":"\n\n\t<section class=\"section hide-for-small\" id=\"section_2126593415\">\n\t\t<div class=\"section-bg fill\" >\n\t\t\t\t\t\t\t\t\t\n\t\t\t\n\n\t\t<\/div>\n\n\t\t\n\n\t\t<div class=\"section-content relative\">\n\t\t\t\n\n\t<div id=\"gap-1826826975\" class=\"gap-element clearfix\" style=\"display:block; height:auto;\">\n\t\t\n<style>\n#gap-1826826975 {\n  padding-top: 15px;\n}\n<\/style>\n\t<\/div>\n\t\n\n<div class=\"row\"  id=\"row-1064325989\">\n\n\n\t<div id=\"col-268062997\" class=\"col small-12 large-12\"  >\n\t\t\t\t<div class=\"col-inner\"  >\n\t\t\t\n\t\t\t\n\n\t<div id=\"text-4193620752\" class=\"text\">\n\t\t\n\n<p style=\"margin-bottom: 0px;\"><a href=\"\/\" style=\"color: #949494;\">Home<\/a><a href=\"\/it\/gruppi\/\" style=\"color: #949494;\"> > Escursioni Isola d\u2019Elba<\/a> > Trekking<\/p>\n\n\t\t\n<style>\n#text-4193620752 {\n  font-size: 0.9rem;\n  color: rgb(0, 189, 233);\n}\n#text-4193620752 > * {\n  color: rgb(0, 189, 233);\n}\n<\/style>\n\t<\/div>\n\t\n\n\t\t<\/div>\n\t\t\t\t\n<style>\n#col-268062997 > .col-inner {\n  margin: 0px 0px -20px 0px;\n}\n<\/style>\n\t<\/div>\n\n\t\n\n<\/div>\n\n\t\t<\/div>\n\n\t\t\n<style>\n#section_2126593415 {\n  padding-top: 0px;\n  padding-bottom: 0px;\n  background-color: rgb(244, 244, 245);\n}\n<\/style>\n\t<\/section>\n\t\n<div class=\"row row-collapse row-full-width\"  id=\"row-187775876\">\n\n\n\t<div id=\"col-1266791956\" class=\"col small-12 large-12\"  >\n\t\t\t\t<div class=\"col-inner\"  >\n\t\t\t\n\t\t\t\n\n\n  <div class=\"banner has-hover\" id=\"banner-61842015\">\n          <div class=\"banner-inner fill\">\n        <div class=\"banner-bg fill\" >\n            <img loading=\"lazy\" decoding=\"async\" width=\"1453\" height=\"817\" src=\"https:\/\/www.margheritaviaggi.com\/wp-content\/uploads\/2015\/03\/TREKKING-ALL-ISOLA-DELBA.jpg\" class=\"bg attachment-original size-original\" alt=\"\" \/>                                    \n                    <\/div>\n\t\t\n        <div class=\"banner-layers container\">\n            <div class=\"fill banner-link\"><\/div>            \n\n   <div id=\"text-box-917989416\" class=\"text-box banner-layer x50 md-x50 lg-x50 y50 md-y50 lg-y50 res-text\">\n                                <div class=\"text-box-content text dark\">\n              \n              <div class=\"text-inner text-center\">\n                  \n\n\n              <\/div>\n           <\/div>\n                            \n<style>\n#text-box-917989416 {\n  width: 60%;\n}\n#text-box-917989416 .text-box-content {\n  font-size: 100%;\n}\n@media (min-width:550px) {\n  #text-box-917989416 {\n    width: 60%;\n  }\n}\n<\/style>\n    <\/div>\n \n\n        <\/div>\n      <\/div>\n\n            \n<style>\n#banner-61842015 {\n  padding-top: 200px;\n  background-color: rgb(255, 255, 255);\n}\n#banner-61842015 .banner-bg img {\n  object-position: 50% 50%;\n}\n@media (min-width:550px) {\n  #banner-61842015 {\n    padding-top: 300px;\n  }\n}\n<\/style>\n  <\/div>\n\n\n\n\t\t<\/div>\n\t\t\t\t\n<style>\n#col-1266791956 > .col-inner {\n  margin: 0px 0px -48px 0px;\n}\n@media (min-width:550px) {\n  #col-1266791956 > .col-inner {\n    margin: 0px 0px -60px 0px;\n  }\n}\n<\/style>\n\t<\/div>\n\n\t\n\n<\/div>\n\n\t<section class=\"section\" id=\"section_1264990469\">\n\t\t<div class=\"section-bg fill\" >\n\t\t\t\t\t\t\t\t\t\n\t\t\t\n\n\t\t<\/div>\n\n\t\t\n\n\t\t<div class=\"section-content relative\">\n\t\t\t\n\n\t<div id=\"gap-2031562535\" class=\"gap-element clearfix\" style=\"display:block; height:auto;\">\n\t\t\n<style>\n#gap-2031562535 {\n  padding-top: 5px;\n}\n<\/style>\n\t<\/div>\n\t\n\n<div class=\"row\"  id=\"row-2016165769\">\n\n\n\t<div id=\"col-2095073270\" class=\"col small-12 large-12\"  >\n\t\t\t\t<div class=\"col-inner\"  >\n\t\t\t\n\t\t\t\n\n\t<div id=\"text-2610442753\" class=\"text\">\n\t\t\n\n<p style=\"margin-bottom: 0px;\"><strong>Trekking<\/strong><\/p>\n\n\t\t\n<style>\n#text-2610442753 {\n  font-size: 1.5rem;\n  color: rgb(255, 255, 255);\n}\n#text-2610442753 > * {\n  color: rgb(255, 255, 255);\n}\n@media (min-width:550px) {\n  #text-2610442753 {\n    font-size: 2rem;\n  }\n}\n<\/style>\n\t<\/div>\n\t\n\n\t\t<\/div>\n\t\t\t\t\n<style>\n#col-2095073270 > .col-inner {\n  margin: 0px 0px -25px 0px;\n}\n<\/style>\n\t<\/div>\n\n\t\n\n<\/div>\n\n\t\t<\/div>\n\n\t\t\n<style>\n#section_1264990469 {\n  padding-top: 0px;\n  padding-bottom: 0px;\n  background-color: rgba(0, 0, 0, 0.7);\n}\n<\/style>\n\t<\/section>\n\t\n<div class=\"row align-middle align-center\"  id=\"row-1022175255\">\n\n\n\t<div id=\"col-1296743596\" class=\"col small-12 large-12\"  >\n\t\t\t\t<div class=\"col-inner text-left\"  >\n\t\t\t\n\t\t\t\n\n<p>Accanto al turismo balneare che popola l&#8217;Elba durante i mesi estivi, c&#8217;\u00e8 il turismo sportivo, che porta molti appassionati sull&#8217;Isola in ogni periodo dell&#8217;anno.<\/p>\n<p>Al contrario di altre zone d&#8217;Italia, dove durante i mesi invernali le temperature si fanno pi\u00f9 rigide e poco adatte alla vita all&#8217;aria aperta, il clima pi\u00f9 mite dell&#8217;Elba \u00e8 perfetto per praticare sport all&#8217;aperto: fin da gennaio e febbraio infatti gli appassionati di trekking possono approfittare delle giornate in cui il sole caldo tempera l&#8217;aria fresca per scoprire l&#8217;isola e la sua natura.<\/p>\n<p>L&#8217;isola offre una grande variet\u00e0 di paesaggi e di sentieri: ci sono quelli che costeggiano il litorale, contraddistinti da dislivelli non troppo accentuati, ma ci sono anche sentieri di montagna che si arrampicano sul massiccio del Monte Capanne, la cima pi\u00f9 alta dell&#8217;arcipelago che sale dal mare con un dislivello di circa 1000 metri.<\/p>\n<p>Una delle maggiori attrattive dei percorsi di trekking dell&#8217;isola \u00e8 l&#8217;imprevedibilit\u00e0 del panorama: a ogni curva, a ogni sosta, a ogni vetta, vi si aprir\u00e0 davanti agli occhi uno scorcio nuovo che vi far\u00e0 scoprire non solo l&#8217;isola, ma l&#8217;intero arcipelago toscano, poich\u00e9 ciascuna delle isole che lo compongono \u00e8 visibile da diverse zone dell&#8217;Elba.<\/p>\n<p>Se la vostra passione per il trekking \u00e8 dettata dal desiderio di fare piacevoli passeggiate immersi nella natura per tenervi in forma, ci sono anche molti sentieri a bassa difficolt\u00e0 che garantiscono passeggiate brevi ma molto suggestive, come quelle sul promontorio di Fonza o nei dintorni della spiaggia della Galenzana, facilmente raggiungibili se avete affittato un\u00a0<u><a href=\"\/it\/marina-di-campo\/appartamenti\/\">appartamento all&#8217;Isola d&#8217;Elba<\/a><\/u>:\u00a0camminare in mezzo alla natura, avvolti dai profumi della macchia mediterranea \u00e8 un&#8217;emozione alla portata di tutti!<\/p>\n\n\n\t\t<\/div>\n\t\t\t\t\t<\/div>\n\n\t\n\n\t<div id=\"col-1191647762\" class=\"col small-12 large-12\"  >\n\t\t\t\t<div class=\"col-inner\"  >\n\t\t\t\n\t\t\t\n\n<div class=\"is-divider divider clearfix\" style=\"margin-top:0px;margin-bottom:0px;max-width:100%;height:1px;\"><\/div>\n\n\t<div id=\"gap-1351138243\" class=\"gap-element clearfix\" style=\"display:block; height:auto;\">\n\t\t\n<style>\n#gap-1351138243 {\n  padding-top: 10px;\n}\n<\/style>\n\t<\/div>\n\t\n\n<div class=\"social-icons share-icons share-row relative full-width text-center icon-style-fill\" ><span class=\"share-icons-title\">Condividi:<\/span><a href=\"whatsapp:\/\/send?text=Trekking - https:\/\/www.margheritaviaggi.com\/it\/gruppi\/trekking\/\" data-action=\"share\/whatsapp\/share\" class=\"icon primary button circle tooltip whatsapp show-for-medium\" title=\"Condividi su WhatsApp\" aria-label=\"Condividi su WhatsApp\"><i class=\"icon-whatsapp\" aria-hidden=\"true\"><\/i><\/a><a href=\"https:\/\/www.facebook.com\/sharer.php?u=https:\/\/www.margheritaviaggi.com\/it\/gruppi\/trekking\/\" data-label=\"Facebook\" onclick=\"window.open(this.href,this.title,'width=500,height=500,top=300px,left=300px'); return false;\" target=\"_blank\" class=\"icon primary button circle tooltip facebook\" title=\"Condividi su Facebook\" aria-label=\"Condividi su Facebook\" rel=\"noopener nofollow\"><i class=\"icon-facebook\" aria-hidden=\"true\"><\/i><\/a><a href=\"https:\/\/twitter.com\/share?url=https:\/\/www.margheritaviaggi.com\/it\/gruppi\/trekking\/\" onclick=\"window.open(this.href,this.title,'width=500,height=500,top=300px,left=300px'); return false;\" target=\"_blank\" class=\"icon primary button circle tooltip twitter\" title=\"Condividi su Twitter\" aria-label=\"Condividi su Twitter\" rel=\"noopener nofollow\"><i class=\"icon-twitter\" aria-hidden=\"true\"><\/i><\/a><a href=\"mailto:?subject=Trekking&body=Dai%20un%26%23039%3Bocchiata%3A%20https%3A%2F%2Fwww.margheritaviaggi.com%2Fit%2Fgruppi%2Ftrekking%2F\" class=\"icon primary button circle tooltip email\" title=\"Invia per email ad un Amico\" aria-label=\"Invia per email ad un Amico\" rel=\"nofollow\"><i class=\"icon-envelop\" aria-hidden=\"true\"><\/i><\/a><a href=\"https:\/\/pinterest.com\/pin\/create\/button?url=https:\/\/www.margheritaviaggi.com\/it\/gruppi\/trekking\/&media=https:\/\/www.margheritaviaggi.com\/wp-content\/uploads\/2015\/03\/TREKKING-ALL-ISOLA-DELBA-1024x576.jpg&description=Trekking\" onclick=\"window.open(this.href,this.title,'width=500,height=500,top=300px,left=300px'); return false;\" target=\"_blank\" class=\"icon primary button circle tooltip pinterest\" title=\"Pin su Pinterest\" aria-label=\"Pin su Pinterest\" rel=\"noopener nofollow\"><i class=\"icon-pinterest\" aria-hidden=\"true\"><\/i><\/a><a href=\"https:\/\/www.linkedin.com\/shareArticle?mini=true&url=https:\/\/www.margheritaviaggi.com\/it\/gruppi\/trekking\/&title=Trekking\" onclick=\"window.open(this.href,this.title,'width=500,height=500,top=300px,left=300px'); return false;\" target=\"_blank\" class=\"icon primary button circle tooltip linkedin\" title=\"Condividi su LinkedIn\" aria-label=\"Condividi su LinkedIn\" rel=\"noopener nofollow\"><i class=\"icon-linkedin\" aria-hidden=\"true\"><\/i><\/a><\/div>\n\n<div class=\"is-divider divider clearfix\" style=\"margin-top:0px;margin-bottom:0px;max-width:100%;height:1px;\"><\/div>\n\n\n\t\t<\/div>\n\t\t\t\t\t<\/div>\n\n\t\n\n<\/div>\n\n","protected":false},"excerpt":{"rendered":"","protected":false},"author":1,"featured_media":9522,"parent":2440,"menu_order":70,"comment_status":"closed","ping_status":"closed","template":"page-blank.php","meta":{"_joinchat":[],"footnotes":""},"class_list":["post-9373","page","type-page","status-publish","has-post-thumbnail","hentry"],"aioseo_notices":[],"_links":{"self":[{"href":"https:\/\/www.margheritaviaggi.com\/it\/wp-json\/wp\/v2\/pages\/9373","targetHints":{"allow":["GET"]}}],"collection":[{"href":"https:\/\/www.margheritaviaggi.com\/it\/wp-json\/wp\/v2\/pages"}],"about":[{"href":"https:\/\/www.margheritaviaggi.com\/it\/wp-json\/wp\/v2\/types\/page"}],"author":[{"embeddable":true,"href":"https:\/\/www.margheritaviaggi.com\/it\/wp-json\/wp\/v2\/users\/1"}],"replies":[{"embeddable":true,"href":"https:\/\/www.margheritaviaggi.com\/it\/wp-json\/wp\/v2\/comments?post=9373"}],"version-history":[{"count":7,"href":"https:\/\/www.margheritaviaggi.com\/it\/wp-json\/wp\/v2\/pages\/9373\/revisions"}],"predecessor-version":[{"id":49163,"href":"https:\/\/www.margheritaviaggi.com\/it\/wp-json\/wp\/v2\/pages\/9373\/revisions\/49163"}],"up":[{"embeddable":true,"href":"https:\/\/www.margheritaviaggi.com\/it\/wp-json\/wp\/v2\/pages\/2440"}],"wp:featuredmedia":[{"embeddable":true,"href":"https:\/\/www.margheritaviaggi.com\/it\/wp-json\/wp\/v2\/media\/9522"}],"wp:attachment":[{"href":"https:\/\/www.margheritaviaggi.com\/it\/wp-json\/wp\/v2\/media?parent=9373"}],"curies":[{"name":"wp","href":"https:\/\/api.w.org\/{rel}","templated":true}]}}