{"id":9253,"date":"2015-03-06T15:23:30","date_gmt":"2015-03-06T15:23:30","guid":{"rendered":"https:\/\/www.margheritaviaggi.com\/?page_id=9253"},"modified":"2024-03-28T10:49:07","modified_gmt":"2024-03-28T10:49:07","slug":"convenzioni-con-i-ristoranti","status":"publish","type":"page","link":"https:\/\/www.margheritaviaggi.com\/it\/convenzioni-con-i-ristoranti\/","title":{"rendered":"Convenzioni con i ristoranti"},"content":{"rendered":"\n\n\t<section class=\"section hide-for-small\" id=\"section_1371597037\">\n\t\t<div class=\"section-bg fill\" >\n\t\t\t\t\t\t\t\t\t\n\t\t\t\n\n\t\t<\/div>\n\n\t\t\n\n\t\t<div class=\"section-content relative\">\n\t\t\t\n\n\t<div id=\"gap-144629487\" class=\"gap-element clearfix\" style=\"display:block; height:auto;\">\n\t\t\n<style>\n#gap-144629487 {\n  padding-top: 15px;\n}\n<\/style>\n\t<\/div>\n\t\n\n<div class=\"row\"  id=\"row-1788611219\">\n\n\n\t<div id=\"col-1369042142\" class=\"col small-12 large-12\"  >\n\t\t\t\t<div class=\"col-inner\"  >\n\t\t\t\n\t\t\t\n\n\t<div id=\"text-1309979730\" class=\"text\">\n\t\t\n\n<p style=\"margin-bottom: 0px;\"><a href=\"\/\" style=\"color: #949494;\">Home<\/a> > Convenzioni con i ristoranti<\/p>\n\n\t\t\n<style>\n#text-1309979730 {\n  font-size: 0.9rem;\n  color: rgb(0, 189, 233);\n}\n#text-1309979730 > * {\n  color: rgb(0, 189, 233);\n}\n<\/style>\n\t<\/div>\n\t\n\n\t\t<\/div>\n\t\t\t\t\n<style>\n#col-1369042142 > .col-inner {\n  margin: 0px 0px -20px 0px;\n}\n<\/style>\n\t<\/div>\n\n\t\n\n<\/div>\n\n\t\t<\/div>\n\n\t\t\n<style>\n#section_1371597037 {\n  padding-top: 0px;\n  padding-bottom: 0px;\n  background-color: rgb(244, 244, 245);\n}\n<\/style>\n\t<\/section>\n\t\n<div class=\"row row-collapse row-full-width\"  id=\"row-1327837317\">\n\n\n\t<div id=\"col-242976554\" class=\"col small-12 large-12\"  >\n\t\t\t\t<div class=\"col-inner\"  >\n\t\t\t\n\t\t\t\n\n\n  <div class=\"banner has-hover\" id=\"banner-517303097\">\n          <div class=\"banner-inner fill\">\n        <div class=\"banner-bg fill\" >\n            <img loading=\"lazy\" decoding=\"async\" width=\"1024\" height=\"768\" src=\"https:\/\/www.margheritaviaggi.com\/wp-content\/uploads\/2015\/06\/da-Piero-cucina.jpg\" class=\"bg attachment-original size-original\" alt=\"\" \/>                                    \n                    <\/div>\n\t\t\n        <div class=\"banner-layers container\">\n            <div class=\"fill banner-link\"><\/div>            \n\n   <div id=\"text-box-388036665\" class=\"text-box banner-layer x50 md-x50 lg-x50 y50 md-y50 lg-y50 res-text\">\n                                <div class=\"text-box-content text dark\">\n              \n              <div class=\"text-inner text-center\">\n                  \n\n\n              <\/div>\n           <\/div>\n                            \n<style>\n#text-box-388036665 {\n  width: 60%;\n}\n#text-box-388036665 .text-box-content {\n  font-size: 100%;\n}\n@media (min-width:550px) {\n  #text-box-388036665 {\n    width: 60%;\n  }\n}\n<\/style>\n    <\/div>\n \n\n        <\/div>\n      <\/div>\n\n            \n<style>\n#banner-517303097 {\n  padding-top: 200px;\n  background-color: rgb(255, 255, 255);\n}\n#banner-517303097 .banner-bg img {\n  object-position: 50% 50%;\n}\n@media (min-width:550px) {\n  #banner-517303097 {\n    padding-top: 300px;\n  }\n}\n<\/style>\n  <\/div>\n\n\n\n\t\t<\/div>\n\t\t\t\t\n<style>\n#col-242976554 > .col-inner {\n  margin: 0px 0px -48px 0px;\n}\n@media (min-width:550px) {\n  #col-242976554 > .col-inner {\n    margin: 0px 0px -60px 0px;\n  }\n}\n<\/style>\n\t<\/div>\n\n\t\n\n<\/div>\n\n\t<section class=\"section\" id=\"section_1488065464\">\n\t\t<div class=\"section-bg fill\" >\n\t\t\t\t\t\t\t\t\t\n\t\t\t\n\n\t\t<\/div>\n\n\t\t\n\n\t\t<div class=\"section-content relative\">\n\t\t\t\n\n\t<div id=\"gap-925210108\" class=\"gap-element clearfix\" style=\"display:block; height:auto;\">\n\t\t\n<style>\n#gap-925210108 {\n  padding-top: 5px;\n}\n<\/style>\n\t<\/div>\n\t\n\n<div class=\"row\"  id=\"row-1809527421\">\n\n\n\t<div id=\"col-244511324\" class=\"col small-12 large-12\"  >\n\t\t\t\t<div class=\"col-inner\"  >\n\t\t\t\n\t\t\t\n\n\t<div id=\"text-3034761858\" class=\"text\">\n\t\t\n\n<p style=\"margin-bottom: 0px;\"><strong>Convenzioni con i ristoranti<\/strong><\/p>\n\n\t\t\n<style>\n#text-3034761858 {\n  font-size: 1.5rem;\n  color: rgb(255, 255, 255);\n}\n#text-3034761858 > * {\n  color: rgb(255, 255, 255);\n}\n@media (min-width:550px) {\n  #text-3034761858 {\n    font-size: 2rem;\n  }\n}\n<\/style>\n\t<\/div>\n\t\n\n\t\t<\/div>\n\t\t\t\t\n<style>\n#col-244511324 > .col-inner {\n  margin: 0px 0px -25px 0px;\n}\n<\/style>\n\t<\/div>\n\n\t\n\n<\/div>\n\n\t\t<\/div>\n\n\t\t\n<style>\n#section_1488065464 {\n  padding-top: 0px;\n  padding-bottom: 0px;\n  background-color: rgba(0, 0, 0, 0.7);\n}\n<\/style>\n\t<\/section>\n\t\n<div class=\"row align-middle align-center\"  id=\"row-1618828893\">\n\n\n\t<div id=\"col-1647417487\" class=\"col small-12 large-12\"  >\n\t\t\t\t<div class=\"col-inner text-left\"  >\n\t\t\t\n\t\t\t\n\n\t<div id=\"text-898951220\" class=\"text\">\n\t\t\n\n<p>Se per voi vacanza significa abbandonarsi al relax e dimenticarsi delle incombenze quotidiane, approfittate della nostra convenzione con alcuni ristoranti della zona, che vi permetter\u00e0 di godere della libert\u00e0 di una vacanza in appartamento, ma con la comodit\u00e0 di un hotel!<\/p>\n<p>Non dovrete pi\u00f9 preoccuparvi della spesa e non dovrete pi\u00f9 rubare tempo al divertimento e al relax per cucinare o per lavare i piatti: all&#8217;ora che vorrete, troverete un tavolo gi\u00e0 riservato per voi e un cameriere pronto a servirvi il pranzo o la cena proprio come se foste in hotel, ma senza i vincoli orari tipici degli alberghi!<\/p>\n<p>Con l&#8217;opzione &#8220;Mezza Pensione&#8221;, potrete infatti gustarvi un pranzo o una cena a prezzo concordato.<\/p>\n<p style=\"text-align: center;\"><strong>MEN\u00d9 A \u20ac 22<\/strong><\/p>\n<p style=\"text-align: center;\">scelta tra 4 primi e 3 secondi<\/p>\n<p style=\"text-align: center;\">+<\/p>\n<p style=\"text-align: center;\">contorno<\/p>\n<p style=\"text-align: center;\">+<\/p>\n<p style=\"text-align: center;\">dessert<\/p>\n<p style=\"text-align: center;\">OPPURE<\/p>\n<p style=\"text-align: center;\">antipasto<\/p>\n<p style=\"text-align: center;\">+<\/p>\n<p style=\"text-align: center;\">secondo<\/p>\n<p style=\"text-align: center;\">OPPURE<\/p>\n<p style=\"text-align: center;\">antipasto<\/p>\n<p style=\"text-align: center;\">+<\/p>\n<p style=\"text-align: center;\">pizza<\/p>\n<p style=\"text-align: left;\">E per le <u><a href=\"\/it\/famiglie-e-bambini\/\">famiglie con figli piccoli<\/a><\/u>, \u00e8 disponibile il Men\u00f9 Bambini.<\/p>\n<p style=\"text-align: center;\"><strong>MEN\u00d9 BAMBINI A \u20ac 12<\/strong><\/p>\n<p style=\"text-align: center;\">1\/2 porzione di penne al pomodoro<\/p>\n<p style=\"text-align: center;\">1\/2 porzione di cotoletta alla milanese<\/p>\n\n\t\t\n<style>\n#text-898951220 {\n  text-align: left;\n}\n<\/style>\n\t<\/div>\n\t\n\n\t\t<\/div>\n\t\t\t\t\t<\/div>\n\n\t\n\n\t<div id=\"col-1137915202\" class=\"col medium-4 small-12 large-4\"  >\n\t\t\t\t<div class=\"col-inner\"  >\n\t\t\t\n\t\t\t\n\n\t<div class=\"img has-hover x md-x lg-x y md-y lg-y\" id=\"image_858134010\">\n\t\t<a class=\"image-lightbox lightbox-gallery\" title=\"\" href=\"https:\/\/www.margheritaviaggi.com\/wp-content\/uploads\/2015\/06\/tagliolino-astice.jpg\">\t\t\t\t\t\t<div class=\"img-inner dark\" >\n\t\t\t<img loading=\"lazy\" decoding=\"async\" width=\"1024\" height=\"768\" src=\"https:\/\/www.margheritaviaggi.com\/wp-content\/uploads\/2015\/06\/tagliolino-astice.jpg\" class=\"attachment-original size-original\" alt=\"\" srcset=\"https:\/\/www.margheritaviaggi.com\/wp-content\/uploads\/2015\/06\/tagliolino-astice.jpg 1024w, https:\/\/www.margheritaviaggi.com\/wp-content\/uploads\/2015\/06\/tagliolino-astice-300x225.jpg 300w, https:\/\/www.margheritaviaggi.com\/wp-content\/uploads\/2015\/06\/tagliolino-astice-768x576.jpg 768w\" sizes=\"auto, (max-width: 1024px) 100vw, 1024px\" \/>\t\t\t\t\t\t\n\t\t\t\t\t<\/div>\n\t\t\t\t\t\t<\/a>\t\t\n<style>\n#image_858134010 {\n  width: 100%;\n}\n<\/style>\n\t<\/div>\n\t\n\n\n\t\t<\/div>\n\t\t\t\t\n<style>\n#col-1137915202 > .col-inner {\n  margin: -25px 0px 0px 0px;\n}\n<\/style>\n\t<\/div>\n\n\t\n\n\t<div id=\"col-2083986949\" class=\"col small-12 large-12\"  >\n\t\t\t\t<div class=\"col-inner\"  >\n\t\t\t\n\t\t\t\n\n<div class=\"is-divider divider clearfix\" style=\"margin-top:0px;margin-bottom:0px;max-width:100%;height:1px;\"><\/div>\n\n\t<div id=\"gap-704182854\" class=\"gap-element clearfix\" style=\"display:block; height:auto;\">\n\t\t\n<style>\n#gap-704182854 {\n  padding-top: 10px;\n}\n<\/style>\n\t<\/div>\n\t\n\n<div class=\"social-icons share-icons share-row relative full-width text-center icon-style-fill\" ><span class=\"share-icons-title\">Condividi:<\/span><a href=\"whatsapp:\/\/send?text=Convenzioni%20con%20i%20ristoranti - https:\/\/www.margheritaviaggi.com\/it\/convenzioni-con-i-ristoranti\/\" data-action=\"share\/whatsapp\/share\" class=\"icon primary button circle tooltip whatsapp show-for-medium\" title=\"Condividi su WhatsApp\" aria-label=\"Condividi su WhatsApp\"><i class=\"icon-whatsapp\" aria-hidden=\"true\"><\/i><\/a><a href=\"https:\/\/www.facebook.com\/sharer.php?u=https:\/\/www.margheritaviaggi.com\/it\/convenzioni-con-i-ristoranti\/\" data-label=\"Facebook\" onclick=\"window.open(this.href,this.title,'width=500,height=500,top=300px,left=300px'); return false;\" target=\"_blank\" class=\"icon primary button circle tooltip facebook\" title=\"Condividi su Facebook\" aria-label=\"Condividi su Facebook\" rel=\"noopener nofollow\"><i class=\"icon-facebook\" aria-hidden=\"true\"><\/i><\/a><a href=\"https:\/\/twitter.com\/share?url=https:\/\/www.margheritaviaggi.com\/it\/convenzioni-con-i-ristoranti\/\" onclick=\"window.open(this.href,this.title,'width=500,height=500,top=300px,left=300px'); return false;\" target=\"_blank\" class=\"icon primary button circle tooltip twitter\" title=\"Condividi su Twitter\" aria-label=\"Condividi su Twitter\" rel=\"noopener nofollow\"><i class=\"icon-twitter\" aria-hidden=\"true\"><\/i><\/a><a href=\"mailto:?subject=Convenzioni%20con%20i%20ristoranti&body=Dai%20un%26%23039%3Bocchiata%3A%20https%3A%2F%2Fwww.margheritaviaggi.com%2Fit%2Fconvenzioni-con-i-ristoranti%2F\" class=\"icon primary button circle tooltip email\" title=\"Invia per email ad un Amico\" aria-label=\"Invia per email ad un Amico\" rel=\"nofollow\"><i class=\"icon-envelop\" aria-hidden=\"true\"><\/i><\/a><a href=\"https:\/\/pinterest.com\/pin\/create\/button?url=https:\/\/www.margheritaviaggi.com\/it\/convenzioni-con-i-ristoranti\/&media=https:\/\/www.margheritaviaggi.com\/wp-content\/uploads\/2015\/06\/da-Piero-cucina.jpg&description=Convenzioni%20con%20i%20ristoranti\" onclick=\"window.open(this.href,this.title,'width=500,height=500,top=300px,left=300px'); return false;\" target=\"_blank\" class=\"icon primary button circle tooltip pinterest\" title=\"Pin su Pinterest\" aria-label=\"Pin su Pinterest\" rel=\"noopener nofollow\"><i class=\"icon-pinterest\" aria-hidden=\"true\"><\/i><\/a><a href=\"https:\/\/www.linkedin.com\/shareArticle?mini=true&url=https:\/\/www.margheritaviaggi.com\/it\/convenzioni-con-i-ristoranti\/&title=Convenzioni%20con%20i%20ristoranti\" onclick=\"window.open(this.href,this.title,'width=500,height=500,top=300px,left=300px'); return false;\" target=\"_blank\" class=\"icon primary button circle tooltip linkedin\" title=\"Condividi su LinkedIn\" aria-label=\"Condividi su LinkedIn\" rel=\"noopener nofollow\"><i class=\"icon-linkedin\" aria-hidden=\"true\"><\/i><\/a><\/div>\n\n<div class=\"is-divider divider clearfix\" style=\"margin-top:0px;margin-bottom:0px;max-width:100%;height:1px;\"><\/div>\n\n\n\t\t<\/div>\n\t\t\t\t\t<\/div>\n\n\t\n\n<\/div>\n\n","protected":false},"excerpt":{"rendered":"","protected":false},"author":1,"featured_media":10456,"parent":0,"menu_order":53,"comment_status":"closed","ping_status":"closed","template":"page-blank.php","meta":{"_joinchat":[],"footnotes":""},"class_list":["post-9253","page","type-page","status-publish","has-post-thumbnail","hentry"],"aioseo_notices":[],"_links":{"self":[{"href":"https:\/\/www.margheritaviaggi.com\/it\/wp-json\/wp\/v2\/pages\/9253","targetHints":{"allow":["GET"]}}],"collection":[{"href":"https:\/\/www.margheritaviaggi.com\/it\/wp-json\/wp\/v2\/pages"}],"about":[{"href":"https:\/\/www.margheritaviaggi.com\/it\/wp-json\/wp\/v2\/types\/page"}],"author":[{"embeddable":true,"href":"https:\/\/www.margheritaviaggi.com\/it\/wp-json\/wp\/v2\/users\/1"}],"replies":[{"embeddable":true,"href":"https:\/\/www.margheritaviaggi.com\/it\/wp-json\/wp\/v2\/comments?post=9253"}],"version-history":[{"count":11,"href":"https:\/\/www.margheritaviaggi.com\/it\/wp-json\/wp\/v2\/pages\/9253\/revisions"}],"predecessor-version":[{"id":49126,"href":"https:\/\/www.margheritaviaggi.com\/it\/wp-json\/wp\/v2\/pages\/9253\/revisions\/49126"}],"wp:featuredmedia":[{"embeddable":true,"href":"https:\/\/www.margheritaviaggi.com\/it\/wp-json\/wp\/v2\/media\/10456"}],"wp:attachment":[{"href":"https:\/\/www.margheritaviaggi.com\/it\/wp-json\/wp\/v2\/media?parent=9253"}],"curies":[{"name":"wp","href":"https:\/\/api.w.org\/{rel}","templated":true}]}}