{"id":8870,"date":"2015-03-05T14:54:15","date_gmt":"2015-03-05T14:54:15","guid":{"rendered":"https:\/\/www.margheritaviaggi.com\/?page_id=8870"},"modified":"2024-03-28T11:14:02","modified_gmt":"2024-03-28T11:14:02","slug":"famiglie-e-bambini","status":"publish","type":"page","link":"https:\/\/www.margheritaviaggi.com\/it\/famiglie-e-bambini\/","title":{"rendered":"Famiglie con bambini"},"content":{"rendered":"\n\n\t<section class=\"section hide-for-small\" id=\"section_1037111264\">\n\t\t<div class=\"section-bg fill\" >\n\t\t\t\t\t\t\t\t\t\n\t\t\t\n\n\t\t<\/div>\n\n\t\t\n\n\t\t<div class=\"section-content relative\">\n\t\t\t\n\n\t<div id=\"gap-2105283511\" class=\"gap-element clearfix\" style=\"display:block; height:auto;\">\n\t\t\n<style>\n#gap-2105283511 {\n  padding-top: 15px;\n}\n<\/style>\n\t<\/div>\n\t\n\n<div class=\"row\"  id=\"row-1228513983\">\n\n\n\t<div id=\"col-1044433090\" class=\"col small-12 large-12\"  >\n\t\t\t\t<div class=\"col-inner\"  >\n\t\t\t\n\t\t\t\n\n\t<div id=\"text-2378125121\" class=\"text\">\n\t\t\n\n<p style=\"margin-bottom: 0px;\"><a href=\"\/\" style=\"color: #949494;\">Home<\/a> > Famiglie con bambini<\/p>\n\n\t\t\n<style>\n#text-2378125121 {\n  font-size: 0.9rem;\n  color: rgb(0, 189, 233);\n}\n#text-2378125121 > * {\n  color: rgb(0, 189, 233);\n}\n<\/style>\n\t<\/div>\n\t\n\n\t\t<\/div>\n\t\t\t\t\n<style>\n#col-1044433090 > .col-inner {\n  margin: 0px 0px -20px 0px;\n}\n<\/style>\n\t<\/div>\n\n\t\n\n<\/div>\n\n\t\t<\/div>\n\n\t\t\n<style>\n#section_1037111264 {\n  padding-top: 0px;\n  padding-bottom: 0px;\n  background-color: rgb(244, 244, 245);\n}\n<\/style>\n\t<\/section>\n\t\n\n\t<section class=\"section\" id=\"section_1812693015\">\n\t\t<div class=\"section-bg fill\" >\n\t\t\t\t\t\t\t\t\t\n\t\t\t\n\n\t\t<\/div>\n\n\t\t\n\n\t\t<div class=\"section-content relative\">\n\t\t\t\n\n\t<div id=\"gap-73740917\" class=\"gap-element clearfix\" style=\"display:block; height:auto;\">\n\t\t\n<style>\n#gap-73740917 {\n  padding-top: 5px;\n}\n<\/style>\n\t<\/div>\n\t\n\n<div class=\"row\"  id=\"row-1408682848\">\n\n\n\t<div id=\"col-428783471\" class=\"col small-12 large-12\"  >\n\t\t\t\t<div class=\"col-inner\"  >\n\t\t\t\n\t\t\t\n\n\t<div id=\"text-935454267\" class=\"text\">\n\t\t\n\n<p style=\"margin-bottom: 0px;\"><strong>Famiglie con bambini<\/strong><\/p>\n\n\t\t\n<style>\n#text-935454267 {\n  font-size: 1.5rem;\n  color: rgb(255, 255, 255);\n}\n#text-935454267 > * {\n  color: rgb(255, 255, 255);\n}\n@media (min-width:550px) {\n  #text-935454267 {\n    font-size: 2rem;\n  }\n}\n<\/style>\n\t<\/div>\n\t\n\n\t\t<\/div>\n\t\t\t\t\n<style>\n#col-428783471 > .col-inner {\n  margin: 0px 0px -25px 0px;\n}\n<\/style>\n\t<\/div>\n\n\t\n\n<\/div>\n\n\t\t<\/div>\n\n\t\t\n<style>\n#section_1812693015 {\n  padding-top: 0px;\n  padding-bottom: 0px;\n  background-color: rgb(5, 18, 27);\n}\n<\/style>\n\t<\/section>\n\t\n<div class=\"row\"  id=\"row-239640373\">\n\n\n\t<div id=\"col-2131899388\" class=\"col small-12 large-12\"  >\n\t\t\t\t<div class=\"col-inner text-center\"  >\n\t\t\t\n\t\t\t\n\n\t<div id=\"text-740307503\" class=\"text\">\n\t\t\n\n<p>Stai cercando un posto ideale per andare all&#8217;Isola d&#8217;Elba con Bambini? Marina di Campo \u00e8 un luogo di vacanza perfetto per le famiglie con bambini di ogni et\u00e0!<\/p>\n<p>Il paese \u00e8 completamente pianeggiante e si presta quindi a passeggiate in famiglia, sia nella fresca pineta che costeggia una parte della spiaggia, sia nelle vie del centro. Proprio in centro si trova anche un lungo corso pedonale, perfetto tanto per il giorno quanto per la sera: qui i ragazzi pi\u00f9 grandi possono divertirsi in sala giochi, i bimbi possono giocare e correre in sicurezza sia nel viale che nelle piazze chiuse al traffico che lo costeggiano e tutti possono gustarsi un buon gelato artigianale o un dolce di pasticceria o una bibita rinfrescante in uno dei tanti locali lungo il corso.<\/p>\n<p>In centro al paese si trovano anche numerosi ristoranti i cui assaggiare la deliziosa cucina locale. Alcuni di questi hanno pensato anche ai pi\u00f9 piccoli, con men\u00f9 per bambini con porzioni e prezzi ridotti.<\/p>\n<p>La splendida e lunga spiaggia di sabbia dorata che costeggia il paese di Marina di Campo \u00e8 la pi\u00f9 lunga dell&#8217;isola d&#8217;Elba e offre alle famiglie la possibilit\u00e0 di godersi il meritato relax in riva al mare senza allontanarsi dai servizi e dalle comodit\u00e0 del paese.<\/p>\n<p>Sulla spiaggia si alternano tratti di spiaggia libera e <u><a href=\"\/it\/stabilimenti-balneari\/\">stabilimenti balneari<\/a><\/u> e le famiglie sono quindi libere di scegliere tra la comodit\u00e0 dei bagni e il risparmio.<\/p>\n<p>Il divertimento dei bambini in spiaggia \u00e8 garantito, perch\u00e9 qui i bimbi possono alternare le buche e le costruzioni con la sabbia a momenti di rinfrescanti giochi nell&#8217;acqua bassa, dove possono stare in piena sicurezza grazie al fondale sabbioso che digrada nel mare lentamente.<\/p>\n<p>In alternativa possono divertirsi nelle parti di spiaggia pensate per loro e attrezzate con scivoli e giochi gonfiabili o, i pi\u00f9 sportivi, possono avvicinarsi agli <u><a href=\"\/it\/vacanza-vela-e-windsurf\/\">sport nautici<\/a><\/u> grazie ai corsi delle numerose scuole di vela o di windsurf che si trovano sulla spiaggia.<\/p>\n<p>E se giocando il bambino dovesse farsi male, le mamme possono stare tranquille: la farmacia e la parafarmacia di Marina di Campo sono in centro al paese e la guardia medica turistica \u00e8 a disposizione tutti i giorni!<\/p>\n\n\t\t\n<style>\n#text-740307503 {\n  text-align: left;\n}\n<\/style>\n\t<\/div>\n\t\n\n\t\t<\/div>\n\t\t\t\t\t<\/div>\n\n\t\n\n\t<div id=\"col-220785263\" class=\"col small-12 large-12\"  >\n\t\t\t\t<div class=\"col-inner\"  >\n\t\t\t\n\t\t\t\n\n<div class=\"is-divider divider clearfix\" style=\"margin-top:0px;margin-bottom:0px;max-width:100%;height:1px;\"><\/div>\n\n\t<div id=\"gap-1891323524\" class=\"gap-element clearfix\" style=\"display:block; height:auto;\">\n\t\t\n<style>\n#gap-1891323524 {\n  padding-top: 10px;\n}\n<\/style>\n\t<\/div>\n\t\n\n<div class=\"social-icons share-icons share-row relative full-width text-center icon-style-fill\" ><span class=\"share-icons-title\">Condividi:<\/span><a href=\"whatsapp:\/\/send?text=Famiglie%20con%20bambini - https:\/\/www.margheritaviaggi.com\/it\/famiglie-e-bambini\/\" data-action=\"share\/whatsapp\/share\" class=\"icon primary button circle tooltip whatsapp show-for-medium\" title=\"Condividi su WhatsApp\" aria-label=\"Condividi su WhatsApp\"><i class=\"icon-whatsapp\" aria-hidden=\"true\"><\/i><\/a><a href=\"https:\/\/www.facebook.com\/sharer.php?u=https:\/\/www.margheritaviaggi.com\/it\/famiglie-e-bambini\/\" data-label=\"Facebook\" onclick=\"window.open(this.href,this.title,'width=500,height=500,top=300px,left=300px'); return false;\" target=\"_blank\" class=\"icon primary button circle tooltip facebook\" title=\"Condividi su Facebook\" aria-label=\"Condividi su Facebook\" rel=\"noopener nofollow\"><i class=\"icon-facebook\" aria-hidden=\"true\"><\/i><\/a><a href=\"https:\/\/twitter.com\/share?url=https:\/\/www.margheritaviaggi.com\/it\/famiglie-e-bambini\/\" onclick=\"window.open(this.href,this.title,'width=500,height=500,top=300px,left=300px'); return false;\" target=\"_blank\" class=\"icon primary button circle tooltip twitter\" title=\"Condividi su Twitter\" aria-label=\"Condividi su Twitter\" rel=\"noopener nofollow\"><i class=\"icon-twitter\" aria-hidden=\"true\"><\/i><\/a><a href=\"mailto:?subject=Famiglie%20con%20bambini&body=Dai%20un%26%23039%3Bocchiata%3A%20https%3A%2F%2Fwww.margheritaviaggi.com%2Fit%2Ffamiglie-e-bambini%2F\" class=\"icon primary button circle tooltip email\" title=\"Invia per email ad un Amico\" aria-label=\"Invia per email ad un Amico\" rel=\"nofollow\"><i class=\"icon-envelop\" aria-hidden=\"true\"><\/i><\/a><a href=\"https:\/\/pinterest.com\/pin\/create\/button?url=https:\/\/www.margheritaviaggi.com\/it\/famiglie-e-bambini\/&media&description=Famiglie%20con%20bambini\" onclick=\"window.open(this.href,this.title,'width=500,height=500,top=300px,left=300px'); return false;\" target=\"_blank\" class=\"icon primary button circle tooltip pinterest\" title=\"Pin su Pinterest\" aria-label=\"Pin su Pinterest\" rel=\"noopener nofollow\"><i class=\"icon-pinterest\" aria-hidden=\"true\"><\/i><\/a><a href=\"https:\/\/www.linkedin.com\/shareArticle?mini=true&url=https:\/\/www.margheritaviaggi.com\/it\/famiglie-e-bambini\/&title=Famiglie%20con%20bambini\" onclick=\"window.open(this.href,this.title,'width=500,height=500,top=300px,left=300px'); return false;\" target=\"_blank\" class=\"icon primary button circle tooltip linkedin\" title=\"Condividi su LinkedIn\" aria-label=\"Condividi su LinkedIn\" rel=\"noopener nofollow\"><i class=\"icon-linkedin\" aria-hidden=\"true\"><\/i><\/a><\/div>\n\n<div class=\"is-divider divider clearfix\" style=\"margin-top:0px;margin-bottom:0px;max-width:100%;height:1px;\"><\/div>\n\n\n\t\t<\/div>\n\t\t\t\t\t<\/div>\n\n\t\n\n<\/div>\n\n","protected":false},"excerpt":{"rendered":"","protected":false},"author":1,"featured_media":0,"parent":0,"menu_order":55,"comment_status":"closed","ping_status":"closed","template":"page-blank.php","meta":{"_joinchat":[],"footnotes":""},"class_list":["post-8870","page","type-page","status-publish","hentry"],"aioseo_notices":[],"_links":{"self":[{"href":"https:\/\/www.margheritaviaggi.com\/it\/wp-json\/wp\/v2\/pages\/8870","targetHints":{"allow":["GET"]}}],"collection":[{"href":"https:\/\/www.margheritaviaggi.com\/it\/wp-json\/wp\/v2\/pages"}],"about":[{"href":"https:\/\/www.margheritaviaggi.com\/it\/wp-json\/wp\/v2\/types\/page"}],"author":[{"embeddable":true,"href":"https:\/\/www.margheritaviaggi.com\/it\/wp-json\/wp\/v2\/users\/1"}],"replies":[{"embeddable":true,"href":"https:\/\/www.margheritaviaggi.com\/it\/wp-json\/wp\/v2\/comments?post=8870"}],"version-history":[{"count":5,"href":"https:\/\/www.margheritaviaggi.com\/it\/wp-json\/wp\/v2\/pages\/8870\/revisions"}],"predecessor-version":[{"id":49144,"href":"https:\/\/www.margheritaviaggi.com\/it\/wp-json\/wp\/v2\/pages\/8870\/revisions\/49144"}],"wp:attachment":[{"href":"https:\/\/www.margheritaviaggi.com\/it\/wp-json\/wp\/v2\/media?parent=8870"}],"curies":[{"name":"wp","href":"https:\/\/api.w.org\/{rel}","templated":true}]}}