{"id":8852,"date":"2015-03-05T13:14:47","date_gmt":"2015-03-05T13:14:47","guid":{"rendered":"https:\/\/www.margheritaviaggi.com\/?page_id=8852"},"modified":"2024-03-29T09:07:03","modified_gmt":"2024-03-29T09:07:03","slug":"stabilimenti-balneari","status":"publish","type":"page","link":"https:\/\/www.margheritaviaggi.com\/it\/stabilimenti-balneari\/","title":{"rendered":"Spiagge Isola d&#8217;Elba Marina di Campo: Anche per Cani"},"content":{"rendered":"\n\n\t<section class=\"section hide-for-small\" id=\"section_1146715858\">\n\t\t<div class=\"section-bg fill\" >\n\t\t\t\t\t\t\t\t\t\n\t\t\t\n\n\t\t<\/div>\n\n\t\t\n\n\t\t<div class=\"section-content relative\">\n\t\t\t\n\n\t<div id=\"gap-2003570760\" class=\"gap-element clearfix\" style=\"display:block; height:auto;\">\n\t\t\n<style>\n#gap-2003570760 {\n  padding-top: 15px;\n}\n<\/style>\n\t<\/div>\n\t\n\n<div class=\"row\"  id=\"row-1113108278\">\n\n\n\t<div id=\"col-689255667\" class=\"col small-12 large-12\"  >\n\t\t\t\t<div class=\"col-inner\"  >\n\t\t\t\n\t\t\t\n\n\t<div id=\"text-818799377\" class=\"text\">\n\t\t\n\n<p style=\"margin-bottom: 0px;\"><a href=\"\/\" style=\"color: #949494;\">Home<\/a> > Spiagge Isola d\u2019Elba Marina di Campo: Anche per Cani<\/p>\n\t\t\n<style>\n#text-818799377 {\n  font-size: 0.9rem;\n  color: rgb(0, 189, 233);\n}\n#text-818799377 > * {\n  color: rgb(0, 189, 233);\n}\n<\/style>\n\t<\/div>\n\t\n\n\t\t<\/div>\n\t\t\t\t\n<style>\n#col-689255667 > .col-inner {\n  margin: 0px 0px -20px 0px;\n}\n<\/style>\n\t<\/div>\n\n\t\n\n<\/div>\n\n\t\t<\/div>\n\n\t\t\n<style>\n#section_1146715858 {\n  padding-top: 0px;\n  padding-bottom: 0px;\n  background-color: rgb(244, 244, 245);\n}\n<\/style>\n\t<\/section>\n\t\n<div class=\"row align-middle align-center\"  id=\"row-936846126\">\n\n\n\t<div id=\"col-189549774\" class=\"col small-12 large-12\"  >\n\t\t\t\t<div class=\"col-inner\"  >\n\t\t\t\n\t\t\t\n\n\t<div id=\"text-128506362\" class=\"text\">\n\t\t\n\n<h1>Spiagge Isola d\u2019Elba Marina di Campo: Anche per Cani<br \/>\n<\/h1>\n\t\t\n<style>\n#text-128506362 {\n  text-align: center;\n}\n<\/style>\n\t<\/div>\n\t\n\n\t\t<\/div>\n\t\t\t\t\t<\/div>\n\n\t\n\n\t<div id=\"col-811695150\" class=\"col medium-5 small-12 large-5\"  >\n\t\t\t\t<div class=\"col-inner\"  >\n\t\t\t\n\t\t\t\n\n\t<div class=\"img has-hover x md-x lg-x y md-y lg-y\" id=\"image_1559055499\">\n\t\t<a class=\"image-lightbox lightbox-gallery\" title=\"\" href=\"https:\/\/www.margheritaviaggi.com\/wp-content\/uploads\/2015\/03\/spiaggia-campo-Marina-di-campo-_3.jpg\">\t\t\t\t\t\t<div class=\"img-inner dark\" >\n\t\t\t<img loading=\"lazy\" decoding=\"async\" width=\"1050\" height=\"750\" src=\"https:\/\/www.margheritaviaggi.com\/wp-content\/uploads\/2015\/03\/spiaggia-campo-Marina-di-campo-_3.jpg\" class=\"attachment-original size-original\" alt=\"\" srcset=\"https:\/\/www.margheritaviaggi.com\/wp-content\/uploads\/2015\/03\/spiaggia-campo-Marina-di-campo-_3.jpg 1050w, https:\/\/www.margheritaviaggi.com\/wp-content\/uploads\/2015\/03\/spiaggia-campo-Marina-di-campo-_3-300x214.jpg 300w, https:\/\/www.margheritaviaggi.com\/wp-content\/uploads\/2015\/03\/spiaggia-campo-Marina-di-campo-_3-1024x731.jpg 1024w, https:\/\/www.margheritaviaggi.com\/wp-content\/uploads\/2015\/03\/spiaggia-campo-Marina-di-campo-_3-768x549.jpg 768w\" sizes=\"auto, (max-width: 1050px) 100vw, 1050px\" \/>\t\t\t\t\t\t\n\t\t\t\t\t<\/div>\n\t\t\t\t\t\t<\/a>\t\t\n<style>\n#image_1559055499 {\n  width: 100%;\n}\n<\/style>\n\t<\/div>\n\t\n\n\n\t\t<\/div>\n\t\t\t\t\t<\/div>\n\n\t\n\n\t<div id=\"col-1295909615\" class=\"col small-12 large-12\"  >\n\t\t\t\t<div class=\"col-inner\"  >\n\t\t\t\n\t\t\t\n\n<h2><strong>Stabilimenti Balneari Marina di Campo? Ti Aiutiamo Noi!<\/strong><\/h2>\n<p>La <strong>spiaggia di Marina di Campo, con il suo chilometro e mezzo di sabbia dorata<\/strong> \u00e8 la pi\u00f9 lunga dell\u2019isola e alle sue spalle si trovano il paese, con tutti i suoi servizi, e una grande pineta, che costituisce un riparo fresco e ombreggiato ideale per passeggiare o riposare durante le ore pi\u00f9 calde.<\/p>\n<p>Questa \u00e8 una delle spiagge pi\u00f9 apprezzate di tutta l&#8217;isola anche perch\u00e9 il suo fondale sabbioso digrada dolcemente nelle acque cristalline del golfo, rendendola una spiaggia amata da chi vuole passeggiare nell&#8217;acqua bassa e dalle famiglie con figli, che possono lasciare giocare i bambini in acqua in piena sicurezza.<\/p>\n<p>Sulla spiaggia di <strong>Marina di Campo <\/strong>troverete: i bar e ristoranti degli <strong>stabilimenti balneari\u00a0<\/strong> affacciati sul mare,\u00a0 i <strong>punti blu<\/strong> su spiaggia in concessione, noleggiano ombrelloni e lettini gi\u00e0 posizionati.\u00a0 Mentre per gli amanti della libert\u00e0 ci sono ampie parti di <strong>spiaggia a libera<\/strong>.<\/p>\n<p><strong>PUNTI BLU SULLA SPIAGGIA DI MARINA DI CAMPO<\/strong><\/p>\n<div class=\"margherita-table\">\n<table style=\"height: 122px;\" width=\"627\">\n<tbody>\n<tr>\n<td>\u00a01<\/td>\n<td>\u00a0 DA RICCARDO<\/td>\n<td>\u00a03384208467<\/td>\n<td>\u00a0rentdariccardo@libero.it<\/td>\n<\/tr>\n<tr>\n<td>\u00a04<\/td>\n<td>\u00a0DA GABRIELE<\/td>\n<td>\u00a03285761871<\/td>\n<td>\u00a0nika83_08@yahoo.com<\/td>\n<\/tr>\n<tr>\n<td>\u00a05<\/td>\n<td>\u00a0DA MARINO<\/td>\n<td>\u00a0\u00a0 3495658487<\/td>\n<td>\u00a0 320.5724400<\/td>\n<\/tr>\n<tr>\n<td>\u00a011<\/td>\n<td>\u00a0IL GRANELLO<\/td>\n<td>\u00a0 3393829289<\/td>\n<td>\u00a0info@ilgranello.com<\/td>\n<\/tr>\n<\/tbody>\n<\/table>\n<\/div>\n<p><strong>STABILIMENTI BALNEARI SULLA SPIAGGIA DI MARINA DI CAMPO<\/strong><\/p>\n<div class=\"margherita-table\">\n<table style=\"height: 262px;\" width=\"501\" class=\"margherita-table\">\n<tbody>\n<tr>\n<td>\u00a02<\/td>\n<td>BAGNO IL CAPRICCIO<\/td>\n<td>3282785850<\/td>\n<td>\u00a0magicliv68@yahoo.it<\/td>\n<\/tr>\n<tr>\n<td>\u00a03<\/td>\n<td>\u00a0 BAGNO LA LUCCIOLA<\/td>\n<td>\u00a0 0565976395<\/td>\n<td>\u00a0<\/td>\n<\/tr>\n<tr>\n<td>\u00a06<\/td>\n<td>\u00a0BAGNI PINETA<\/td>\n<td>\u00a0 0565976966<\/td>\n<td>\u00a0info@bagnipineta.it<\/td>\n<\/tr>\n<tr>\n<td>\u00a07<\/td>\n<td>\u00a0BAGNI DA SERGIO<\/td>\n<td>\u00a0 3387894814<\/td>\n<td>\u00a0papallino@alice.it<\/td>\n<\/tr>\n<tr>\n<td>\u00a08<\/td>\n<td>\u00a0PAGLICCE BEACH<\/td>\n<td>\u00a03355330148<\/td>\n<td>\u00a0info@paglicce.com<\/td>\n<\/tr>\n<tr>\n<td>\u00a09<\/td>\n<td>\u00a0BAGNI TROPICAL<\/td>\n<td>\u00a00565976006<\/td>\n<td>\u00a0mainagi71@hotmail.it<\/td>\n<\/tr>\n<tr>\n<td>\u00a010<\/td>\n<td>\u00a0BAGNI ISELBA<\/td>\n<td>\u00a0 0565977123<\/td>\n<td>\u00a0info@iselba.it<\/td>\n<\/tr>\n<\/tbody>\n<\/table>\n<\/div>\n\n\n\t\t<\/div>\n\t\t\t\t\t<\/div>\n\n\t\n\n<\/div>\n\n","protected":false},"excerpt":{"rendered":"","protected":false},"author":1,"featured_media":34873,"parent":0,"menu_order":57,"comment_status":"closed","ping_status":"closed","template":"page-blank.php","meta":{"_joinchat":[],"footnotes":""},"class_list":["post-8852","page","type-page","status-publish","has-post-thumbnail","hentry"],"aioseo_notices":[],"_links":{"self":[{"href":"https:\/\/www.margheritaviaggi.com\/it\/wp-json\/wp\/v2\/pages\/8852","targetHints":{"allow":["GET"]}}],"collection":[{"href":"https:\/\/www.margheritaviaggi.com\/it\/wp-json\/wp\/v2\/pages"}],"about":[{"href":"https:\/\/www.margheritaviaggi.com\/it\/wp-json\/wp\/v2\/types\/page"}],"author":[{"embeddable":true,"href":"https:\/\/www.margheritaviaggi.com\/it\/wp-json\/wp\/v2\/users\/1"}],"replies":[{"embeddable":true,"href":"https:\/\/www.margheritaviaggi.com\/it\/wp-json\/wp\/v2\/comments?post=8852"}],"version-history":[{"count":9,"href":"https:\/\/www.margheritaviaggi.com\/it\/wp-json\/wp\/v2\/pages\/8852\/revisions"}],"predecessor-version":[{"id":49257,"href":"https:\/\/www.margheritaviaggi.com\/it\/wp-json\/wp\/v2\/pages\/8852\/revisions\/49257"}],"wp:featuredmedia":[{"embeddable":true,"href":"https:\/\/www.margheritaviaggi.com\/it\/wp-json\/wp\/v2\/media\/34873"}],"wp:attachment":[{"href":"https:\/\/www.margheritaviaggi.com\/it\/wp-json\/wp\/v2\/media?parent=8852"}],"curies":[{"name":"wp","href":"https:\/\/api.w.org\/{rel}","templated":true}]}}