{"id":8850,"date":"2015-03-05T13:13:23","date_gmt":"2015-03-05T13:13:23","guid":{"rendered":"https:\/\/www.margheritaviaggi.com\/?page_id=8850"},"modified":"2024-03-28T09:11:26","modified_gmt":"2024-03-28T09:11:26","slug":"noleggi","status":"publish","type":"page","link":"https:\/\/www.margheritaviaggi.com\/it\/noleggi\/","title":{"rendered":"Noleggi"},"content":{"rendered":"\n\n\t<section class=\"section hide-for-small\" id=\"section_96680487\">\n\t\t<div class=\"section-bg fill\" >\n\t\t\t\t\t\t\t\t\t\n\t\t\t\n\n\t\t<\/div>\n\n\t\t\n\n\t\t<div class=\"section-content relative\">\n\t\t\t\n\n\t<div id=\"gap-214242894\" class=\"gap-element clearfix\" style=\"display:block; height:auto;\">\n\t\t\n<style>\n#gap-214242894 {\n  padding-top: 15px;\n}\n<\/style>\n\t<\/div>\n\t\n\n<div class=\"row\"  id=\"row-1507583941\">\n\n\n\t<div id=\"col-2128149723\" class=\"col small-12 large-12\"  >\n\t\t\t\t<div class=\"col-inner\"  >\n\t\t\t\n\t\t\t\n\n\t<div id=\"text-3369926139\" class=\"text\">\n\t\t\n\n<p style=\"margin-bottom: 0px;\"><a href=\"\/\" style=\"color: #949494;\">Home<\/a> > Noleggi<\/p>\n\n\t\t\n<style>\n#text-3369926139 {\n  font-size: 0.9rem;\n  color: rgb(0, 189, 233);\n}\n#text-3369926139 > * {\n  color: rgb(0, 189, 233);\n}\n<\/style>\n\t<\/div>\n\t\n\n\t\t<\/div>\n\t\t\t\t\n<style>\n#col-2128149723 > .col-inner {\n  margin: 0px 0px -20px 0px;\n}\n<\/style>\n\t<\/div>\n\n\t\n\n<\/div>\n\n\t\t<\/div>\n\n\t\t\n<style>\n#section_96680487 {\n  padding-top: 0px;\n  padding-bottom: 0px;\n  background-color: rgb(244, 244, 245);\n}\n<\/style>\n\t<\/section>\n\t\n\n\t<section class=\"section\" id=\"section_1051992470\">\n\t\t<div class=\"section-bg fill\" >\n\t\t\t\t\t\t\t\t\t\n\t\t\t\n\n\t\t<\/div>\n\n\t\t\n\n\t\t<div class=\"section-content relative\">\n\t\t\t\n\n\t<div id=\"gap-694474866\" class=\"gap-element clearfix\" style=\"display:block; height:auto;\">\n\t\t\n<style>\n#gap-694474866 {\n  padding-top: 5px;\n}\n<\/style>\n\t<\/div>\n\t\n\n<div class=\"row\"  id=\"row-1654711829\">\n\n\n\t<div id=\"col-631427650\" class=\"col small-12 large-12\"  >\n\t\t\t\t<div class=\"col-inner\"  >\n\t\t\t\n\t\t\t\n\n\t<div id=\"text-2703745813\" class=\"text\">\n\t\t\n\n<p style=\"margin-bottom: 0px;\"><strong>Noleggi<br \/>\n<\/strong><\/p>\n\n\t\t\n<style>\n#text-2703745813 {\n  font-size: 1.5rem;\n  color: rgb(255, 255, 255);\n}\n#text-2703745813 > * {\n  color: rgb(255, 255, 255);\n}\n@media (min-width:550px) {\n  #text-2703745813 {\n    font-size: 2rem;\n  }\n}\n<\/style>\n\t<\/div>\n\t\n\n\t\t<\/div>\n\t\t\t\t\n<style>\n#col-631427650 > .col-inner {\n  margin: 0px 0px -25px 0px;\n}\n<\/style>\n\t<\/div>\n\n\t\n\n<\/div>\n\n\t\t<\/div>\n\n\t\t\n<style>\n#section_1051992470 {\n  padding-top: 0px;\n  padding-bottom: 0px;\n  background-color: rgb(5, 18, 27);\n}\n<\/style>\n\t<\/section>\n\t\n<div class=\"row\"  id=\"row-1703670717\">\n\n\n\t<div id=\"col-241442961\" class=\"col small-12 large-12\"  >\n\t\t\t\t<div class=\"col-inner text-center\"  >\n\t\t\t\n\t\t\t\n\n\t<div id=\"text-2288268384\" class=\"text\">\n\t\t\n\n<p>Soggiornare a Marina di Campo senza il proprio mezzo di trasposto \u00e8 possibile, grazie ai numerosi noleggiatori di veicoli sul territorio.<\/p>\n<p>La bicicletta \u00e8 il mezzo di trasporto ideale a Marina di Campo, che sorge su un territorio totalmente pianeggiante: in pochi minuti infatti potrete spostarvi dall\u2019appartamento alla spiaggia e raggiungere i principali servizi del paese con la comodit\u00e0 di non dovervi preoccupare del parcheggio.<\/p>\n<p>Lo scooter e la moto sono perfette per muoversi sulle strade poco trafficate dell&#8217;Isola d&#8217;Elba: permettono di spostarsi in modo agile, raggiungendo anche spiagge e calette pi\u00f9 riservate e esclusive, e trasformano il viaggio in un&#8217;esperienza che vi far\u00e0 respirare la libert\u00e0.<br \/>Una delle gite pi\u00f9 belle da fare sulle due ruote \u00e8 sicuramente il giro dell&#8217;anello occidentale dell&#8217;Isola, che da Procchio costeggia il lato ovest fino a Marina di Campo: un esperienza suggestiva soprattutto al tramonto, quanto la luce calda del sole che cala dietro i monti della Corsica tinge di rosso il mare e le scogliere di granito.<\/p>\n<p>Se siete arrivati all&#8217;Elba con il bus o con l&#8217;aereo, non avrete problemi a noleggiare un&#8217;automobile per uno o pi\u00f9 giorni.<\/p>\n\n\t\t\n<style>\n#text-2288268384 {\n  text-align: left;\n}\n<\/style>\n\t<\/div>\n\t\n\n\t\t<\/div>\n\t\t\t\t\t<\/div>\n\n\t\n\n\t<div id=\"col-1691788989\" class=\"col small-12 large-12\"  >\n\t\t\t\t<div class=\"col-inner\"  >\n\t\t\t\n\t\t\t\n\n<div class=\"is-divider divider clearfix\" style=\"margin-top:0px;margin-bottom:0px;max-width:100%;height:1px;\"><\/div>\n\n\t<div id=\"gap-543652257\" class=\"gap-element clearfix\" style=\"display:block; height:auto;\">\n\t\t\n<style>\n#gap-543652257 {\n  padding-top: 10px;\n}\n<\/style>\n\t<\/div>\n\t\n\n<div class=\"social-icons share-icons share-row relative full-width text-center icon-style-fill\" ><span class=\"share-icons-title\">Condividi:<\/span><a href=\"whatsapp:\/\/send?text=Noleggi - https:\/\/www.margheritaviaggi.com\/it\/noleggi\/\" data-action=\"share\/whatsapp\/share\" class=\"icon primary button circle tooltip whatsapp show-for-medium\" title=\"Condividi su WhatsApp\" aria-label=\"Condividi su WhatsApp\"><i class=\"icon-whatsapp\" aria-hidden=\"true\"><\/i><\/a><a href=\"https:\/\/www.facebook.com\/sharer.php?u=https:\/\/www.margheritaviaggi.com\/it\/noleggi\/\" data-label=\"Facebook\" onclick=\"window.open(this.href,this.title,'width=500,height=500,top=300px,left=300px'); return false;\" target=\"_blank\" class=\"icon primary button circle tooltip facebook\" title=\"Condividi su Facebook\" aria-label=\"Condividi su Facebook\" rel=\"noopener nofollow\"><i class=\"icon-facebook\" aria-hidden=\"true\"><\/i><\/a><a href=\"https:\/\/twitter.com\/share?url=https:\/\/www.margheritaviaggi.com\/it\/noleggi\/\" onclick=\"window.open(this.href,this.title,'width=500,height=500,top=300px,left=300px'); return false;\" target=\"_blank\" class=\"icon primary button circle tooltip twitter\" title=\"Condividi su Twitter\" aria-label=\"Condividi su Twitter\" rel=\"noopener nofollow\"><i class=\"icon-twitter\" aria-hidden=\"true\"><\/i><\/a><a href=\"mailto:?subject=Noleggi&body=Dai%20un%26%23039%3Bocchiata%3A%20https%3A%2F%2Fwww.margheritaviaggi.com%2Fit%2Fnoleggi%2F\" class=\"icon primary button circle tooltip email\" title=\"Invia per email ad un Amico\" aria-label=\"Invia per email ad un Amico\" rel=\"nofollow\"><i class=\"icon-envelop\" aria-hidden=\"true\"><\/i><\/a><a href=\"https:\/\/pinterest.com\/pin\/create\/button?url=https:\/\/www.margheritaviaggi.com\/it\/noleggi\/&media&description=Noleggi\" onclick=\"window.open(this.href,this.title,'width=500,height=500,top=300px,left=300px'); return false;\" target=\"_blank\" class=\"icon primary button circle tooltip pinterest\" title=\"Pin su Pinterest\" aria-label=\"Pin su Pinterest\" rel=\"noopener nofollow\"><i class=\"icon-pinterest\" aria-hidden=\"true\"><\/i><\/a><a href=\"https:\/\/www.linkedin.com\/shareArticle?mini=true&url=https:\/\/www.margheritaviaggi.com\/it\/noleggi\/&title=Noleggi\" onclick=\"window.open(this.href,this.title,'width=500,height=500,top=300px,left=300px'); return false;\" target=\"_blank\" class=\"icon primary button circle tooltip linkedin\" title=\"Condividi su LinkedIn\" aria-label=\"Condividi su LinkedIn\" rel=\"noopener nofollow\"><i class=\"icon-linkedin\" aria-hidden=\"true\"><\/i><\/a><\/div>\n\n<div class=\"is-divider divider clearfix\" style=\"margin-top:0px;margin-bottom:0px;max-width:100%;height:1px;\"><\/div>\n\n\n\t\t<\/div>\n\t\t\t\t\t<\/div>\n\n\t\n\n<\/div>\n\n","protected":false},"excerpt":{"rendered":"","protected":false},"author":1,"featured_media":0,"parent":0,"menu_order":58,"comment_status":"closed","ping_status":"closed","template":"page-blank.php","meta":{"_joinchat":[],"footnotes":""},"class_list":["post-8850","page","type-page","status-publish","hentry"],"aioseo_notices":[],"_links":{"self":[{"href":"https:\/\/www.margheritaviaggi.com\/it\/wp-json\/wp\/v2\/pages\/8850","targetHints":{"allow":["GET"]}}],"collection":[{"href":"https:\/\/www.margheritaviaggi.com\/it\/wp-json\/wp\/v2\/pages"}],"about":[{"href":"https:\/\/www.margheritaviaggi.com\/it\/wp-json\/wp\/v2\/types\/page"}],"author":[{"embeddable":true,"href":"https:\/\/www.margheritaviaggi.com\/it\/wp-json\/wp\/v2\/users\/1"}],"replies":[{"embeddable":true,"href":"https:\/\/www.margheritaviaggi.com\/it\/wp-json\/wp\/v2\/comments?post=8850"}],"version-history":[{"count":5,"href":"https:\/\/www.margheritaviaggi.com\/it\/wp-json\/wp\/v2\/pages\/8850\/revisions"}],"predecessor-version":[{"id":49082,"href":"https:\/\/www.margheritaviaggi.com\/it\/wp-json\/wp\/v2\/pages\/8850\/revisions\/49082"}],"wp:attachment":[{"href":"https:\/\/www.margheritaviaggi.com\/it\/wp-json\/wp\/v2\/media?parent=8850"}],"curies":[{"name":"wp","href":"https:\/\/api.w.org\/{rel}","templated":true}]}}