{"id":6843,"date":"2015-02-13T16:40:35","date_gmt":"2015-02-13T16:40:35","guid":{"rendered":"https:\/\/www.margheritaviaggi.com\/?page_id=6843"},"modified":"2025-09-08T08:20:59","modified_gmt":"2025-09-08T08:20:59","slug":"offerte","status":"publish","type":"page","link":"https:\/\/www.margheritaviaggi.com\/it\/offerte\/","title":{"rendered":"Offerte Last Minute Isola d&#8217;Elba e Marina di Campo"},"content":{"rendered":"\n\n\t<section class=\"section hide-for-small\" id=\"section_702276589\">\n\t\t<div class=\"section-bg fill\" >\n\t\t\t\t\t\t\t\t\t\n\t\t\t\n\n\t\t<\/div>\n\n\t\t\n\n\t\t<div class=\"section-content relative\">\n\t\t\t\n\n\t<div id=\"gap-219575750\" class=\"gap-element clearfix\" style=\"display:block; height:auto;\">\n\t\t\n<style>\n#gap-219575750 {\n  padding-top: 15px;\n}\n<\/style>\n\t<\/div>\n\t\n\n<div class=\"row\"  id=\"row-1615811923\">\n\n\n\t<div id=\"col-1247506089\" class=\"col small-12 large-12\"  >\n\t\t\t\t<div class=\"col-inner\"  >\n\t\t\t\n\t\t\t\n\n\t<div id=\"text-3294505774\" class=\"text\">\n\t\t\n\n<p style=\"margin-bottom: 0px;\"><a href=\"\/\" style=\"color: #949494;\">Home<\/a> &gt; Offerte Last Minute Isola d\u2019Elba e Marina di Campo<\/p>\n\t\t\n<style>\n#text-3294505774 {\n  font-size: 0.9rem;\n  color: rgb(0, 189, 233);\n}\n#text-3294505774 > * {\n  color: rgb(0, 189, 233);\n}\n<\/style>\n\t<\/div>\n\t\n\n\t\t<\/div>\n\t\t\t\t\n<style>\n#col-1247506089 > .col-inner {\n  margin: 0px 0px -20px 0px;\n}\n<\/style>\n\t<\/div>\n\n\t\n\n<\/div>\n\n\t\t<\/div>\n\n\t\t\n<style>\n#section_702276589 {\n  padding-top: 0px;\n  padding-bottom: 0px;\n  background-color: rgb(244, 244, 245);\n}\n<\/style>\n\t<\/section>\n\t\n<div class=\"row\"  id=\"row-954010947\">\n\n\n\t<div id=\"col-1425509958\" class=\"col small-12 large-12\"  >\n\t\t\t\t<div class=\"col-inner text-center\"  >\n\t\t\t\n\t\t\t\n\n\t<div id=\"text-898929694\" class=\"text\">\n\t\t\n\n<h1>Offerte Last Minute Isola d\u2019Elba e Marina di Campo<br>\n<\/h1>\n\t\t\n<style>\n#text-898929694 {\n  text-align: center;\n}\n<\/style>\n\t<\/div>\n\t\n\t<div id=\"gap-233406993\" class=\"gap-element clearfix\" style=\"display:block; height:auto;\">\n\t\t\n<style>\n#gap-233406993 {\n  padding-top: 15px;\n}\n<\/style>\n\t<\/div>\n\t\n\n\t<div id=\"text-3805433221\" class=\"text\">\n\t\t\n\n<p>In questa pagina aggiornata quotidianamente, puoi trovare tutte le nostre <strong>offerte, le promozioni ed i last minute, tante soluzioni a Marina di Campo, e su tutta l\u2019Isola d\u2019Elba con sconti dal 10 al 50%!<\/strong><\/p>\n<p>Trovare la soluzione pi\u00f9 adatta \u00e8 semplice: per visualizzare le offerte \u00e8 sufficiente selezionare il periodo e la soluzione desiderati. Ad esempio seleziona il mese di agosto e i monolocali e bilocali: il sistema proporr\u00e0 tutte le strutture in offerta nel periodo desiderato.<\/p>\n<p>\u00c8 possibile anche utilizzare il box <u>ricerca per strutture disponibili<\/u> in alto, inserendo le date ed il numero di partecipanti. Potrete visualizzare non solo gli <strong>appartamenti disponibili, ma anche vedere direttamente il preventivo con i prezzi e gli sconti<\/strong> applicati.<\/p>\n<p><strong>Margherita Viaggi: i Migliori last minute all\u2019Isola d\u2019Elba.<\/strong><\/p>\n\t\t\n<style>\n#text-3805433221 {\n  text-align: left;\n}\n<\/style>\n\t<\/div>\n\t\n<a href=\"\/it\/marina-di-campo\/appartamenti\/\" class=\"button primary button-margherita-viaggi\" >\n\t\t<span>Scopri gli appartamenti!<\/span>\n\t<\/a>\n\n\n\n\t\t<\/div>\n\t\t\t\t\t<\/div>\n\n\t\n\n<\/div>\n\n","protected":false},"excerpt":{"rendered":"","protected":false},"author":1,"featured_media":0,"parent":0,"menu_order":66,"comment_status":"closed","ping_status":"closed","template":"page-blank.php","meta":{"_joinchat":[],"footnotes":""},"class_list":["post-6843","page","type-page","status-publish","hentry"],"aioseo_notices":[],"_links":{"self":[{"href":"https:\/\/www.margheritaviaggi.com\/it\/wp-json\/wp\/v2\/pages\/6843","targetHints":{"allow":["GET"]}}],"collection":[{"href":"https:\/\/www.margheritaviaggi.com\/it\/wp-json\/wp\/v2\/pages"}],"about":[{"href":"https:\/\/www.margheritaviaggi.com\/it\/wp-json\/wp\/v2\/types\/page"}],"author":[{"embeddable":true,"href":"https:\/\/www.margheritaviaggi.com\/it\/wp-json\/wp\/v2\/users\/1"}],"replies":[{"embeddable":true,"href":"https:\/\/www.margheritaviaggi.com\/it\/wp-json\/wp\/v2\/comments?post=6843"}],"version-history":[{"count":11,"href":"https:\/\/www.margheritaviaggi.com\/it\/wp-json\/wp\/v2\/pages\/6843\/revisions"}],"predecessor-version":[{"id":49661,"href":"https:\/\/www.margheritaviaggi.com\/it\/wp-json\/wp\/v2\/pages\/6843\/revisions\/49661"}],"wp:attachment":[{"href":"https:\/\/www.margheritaviaggi.com\/it\/wp-json\/wp\/v2\/media?parent=6843"}],"curies":[{"name":"wp","href":"https:\/\/api.w.org\/{rel}","templated":true}]}}