{"id":6625,"date":"2015-02-11T14:12:54","date_gmt":"2015-02-11T14:12:54","guid":{"rendered":"http:\/\/alema.altramarca.net\/?page_id=6625"},"modified":"2024-03-28T08:42:27","modified_gmt":"2024-03-28T08:42:27","slug":"rio-nellelba","status":"publish","type":"page","link":"https:\/\/www.margheritaviaggi.com\/it\/esplora-isola-elba\/rio-nellelba\/","title":{"rendered":"Rio nell&#8217;Elba"},"content":{"rendered":"\n\n\t<section class=\"section hide-for-small\" id=\"section_659258080\">\n\t\t<div class=\"section-bg fill\" >\n\t\t\t\t\t\t\t\t\t\n\t\t\t\n\n\t\t<\/div>\n\n\t\t\n\n\t\t<div class=\"section-content relative\">\n\t\t\t\n\n\t<div id=\"gap-361066826\" class=\"gap-element clearfix\" style=\"display:block; height:auto;\">\n\t\t\n<style>\n#gap-361066826 {\n  padding-top: 15px;\n}\n<\/style>\n\t<\/div>\n\t\n\n<div class=\"row\"  id=\"row-8803910\">\n\n\n\t<div id=\"col-1427986815\" class=\"col small-12 large-12\"  >\n\t\t\t\t<div class=\"col-inner\"  >\n\t\t\t\n\t\t\t\n\n\t<div id=\"text-3727052349\" class=\"text\">\n\t\t\n\n<p style=\"margin-bottom: 0px;\"><a href=\"\/\" style=\"color: #949494;\">Home<\/a> <a href=\"\/it\/esplora-isola-elba\/\" style=\"color: #949494;\">&gt;  Esplora l\u2019Elba<\/a> > Rio nell\u2019Elba\n<\/p>\n\n\t\t\n<style>\n#text-3727052349 {\n  font-size: 0.9rem;\n  color: rgb(0, 189, 233);\n}\n#text-3727052349 > * {\n  color: rgb(0, 189, 233);\n}\n<\/style>\n\t<\/div>\n\t\n\n\t\t<\/div>\n\t\t\t\t\n<style>\n#col-1427986815 > .col-inner {\n  margin: 0px 0px -20px 0px;\n}\n<\/style>\n\t<\/div>\n\n\t\n\n<\/div>\n\n\t\t<\/div>\n\n\t\t\n<style>\n#section_659258080 {\n  padding-top: 0px;\n  padding-bottom: 0px;\n  background-color: rgb(244, 244, 245);\n}\n<\/style>\n\t<\/section>\n\t\n<div class=\"row row-collapse row-full-width\"  id=\"row-178509024\">\n\n\n\t<div id=\"col-1152463694\" class=\"col small-12 large-12\"  >\n\t\t\t\t<div class=\"col-inner\"  >\n\t\t\t\n\t\t\t\n\n\n  <div class=\"banner has-hover\" id=\"banner-1999643227\">\n          <div class=\"banner-inner fill\">\n        <div class=\"banner-bg fill\" >\n            <img loading=\"lazy\" decoding=\"async\" width=\"1800\" height=\"1201\" src=\"https:\/\/www.margheritaviaggi.com\/wp-content\/uploads\/2015\/02\/RIO-ELBA-VACANZE.jpg\" class=\"bg attachment-original size-original\" alt=\"\" \/>                                    \n                    <\/div>\n\t\t\n        <div class=\"banner-layers container\">\n            <div class=\"fill banner-link\"><\/div>            \n\n   <div id=\"text-box-2103219706\" class=\"text-box banner-layer x50 md-x50 lg-x50 y50 md-y50 lg-y50 res-text\">\n                                <div class=\"text-box-content text dark\">\n              \n              <div class=\"text-inner text-center\">\n                  \n\n\n              <\/div>\n           <\/div>\n                            \n<style>\n#text-box-2103219706 {\n  width: 60%;\n}\n#text-box-2103219706 .text-box-content {\n  font-size: 100%;\n}\n@media (min-width:550px) {\n  #text-box-2103219706 {\n    width: 60%;\n  }\n}\n<\/style>\n    <\/div>\n \n\n        <\/div>\n      <\/div>\n\n            \n<style>\n#banner-1999643227 {\n  padding-top: 200px;\n  background-color: rgb(255, 255, 255);\n}\n#banner-1999643227 .banner-bg img {\n  object-position: 50% 50%;\n}\n@media (min-width:550px) {\n  #banner-1999643227 {\n    padding-top: 300px;\n  }\n}\n<\/style>\n  <\/div>\n\n\n\n\t\t<\/div>\n\t\t\t\t\n<style>\n#col-1152463694 > .col-inner {\n  margin: 0px 0px -48px 0px;\n}\n@media (min-width:550px) {\n  #col-1152463694 > .col-inner {\n    margin: 0px 0px -60px 0px;\n  }\n}\n<\/style>\n\t<\/div>\n\n\t\n\n<\/div>\n\n\t<section class=\"section\" id=\"section_1891676612\">\n\t\t<div class=\"section-bg fill\" >\n\t\t\t\t\t\t\t\t\t\n\t\t\t\n\n\t\t<\/div>\n\n\t\t\n\n\t\t<div class=\"section-content relative\">\n\t\t\t\n\n\t<div id=\"gap-1435304786\" class=\"gap-element clearfix\" style=\"display:block; height:auto;\">\n\t\t\n<style>\n#gap-1435304786 {\n  padding-top: 5px;\n}\n<\/style>\n\t<\/div>\n\t\n\n<div class=\"row\"  id=\"row-797076289\">\n\n\n\t<div id=\"col-671321565\" class=\"col small-12 large-12\"  >\n\t\t\t\t<div class=\"col-inner\"  >\n\t\t\t\n\t\t\t\n\n\t<div id=\"text-3291763665\" class=\"text\">\n\t\t\n\n<p style=\"margin-bottom: 0px;\"><strong>Rio nell\u2019Elba<br \/>\n<\/strong><\/p>\n\n\t\t\n<style>\n#text-3291763665 {\n  font-size: 1.5rem;\n  color: rgb(255, 255, 255);\n}\n#text-3291763665 > * {\n  color: rgb(255, 255, 255);\n}\n@media (min-width:550px) {\n  #text-3291763665 {\n    font-size: 2rem;\n  }\n}\n<\/style>\n\t<\/div>\n\t\n\n\t\t<\/div>\n\t\t\t\t\n<style>\n#col-671321565 > .col-inner {\n  margin: 0px 0px -25px 0px;\n}\n<\/style>\n\t<\/div>\n\n\t\n\n<\/div>\n\n\t\t<\/div>\n\n\t\t\n<style>\n#section_1891676612 {\n  padding-top: 0px;\n  padding-bottom: 0px;\n  background-color: rgba(0, 0, 0, 0.7);\n}\n<\/style>\n\t<\/section>\n\t\n<div class=\"row\"  id=\"row-992604264\">\n\n\n\t<div id=\"col-2123654851\" class=\"col small-12 large-12\"  >\n\t\t\t\t<div class=\"col-inner text-left\"  >\n\t\t\t\n\t\t\t\n\n<p>Arroccato sulle pendici del Monte Capannello a 180 m.s.l.m., Rio nell\u2019Elba \u00e8 uno dei pi\u00f9 antichi borghi dell\u2019Isola che lega inscindibilmente la sua storia ai preziosi giacimenti di minerali, classificati come veri e propri monumenti geologici e inseriti dall\u2019UNESCO nel \u00abWorld Heritage Provisional List of Geological Sites\u00bb.<br \/>Abitata gi\u00e0 nell\u2019Et\u00e0 del Bronzo, resta a testimonianza di ci\u00f2 in loc. San Giuseppe una delle necropoli italiane pi\u00f9 importanti mai ritrovate, i cui reperti sono esposti nel Museo Archeologico del paese.<br \/>La fama di questo piccolo borgo risiede nelle sue miniere di ferro risalenti al periodo Etrusco. I pisani, considerandola per questi motivi una capitale economica, la fortificarono creando il nucleo dell\u2019attuale chiesa di S.S. Giacomo e Quirico Martire e strutturando tutte le abitazioni come bastioni fortificati. Distrutta dal pirata Barbarossa nel 1534 e poi rifortificata durante il regno degli Appiani, rimase il centro minerario dell\u2019Isola fino alla chiusura dei giacimenti nel 1981.<br \/>Altro importante segno della dominazione Pisana \u00e8 il Castello del Volterraio, mai espugnato dai pirati, costruito nel XI secolo dall\u2019architetto Vanni di Gherardo Rau, su preesistenti rovine etrusche in cima ad una rupe a 380 m che domina il Golfo di Portoferraio.<br \/>Nel XVI secolo venne costruito l\u2019Eremo di Santa Caterina sulle pendici del Monte Serra in prossimit\u00e0 dell\u2019antico paese di Grassera, villaggio medievale completamente raso al suolo dai pirati turchi nel 1500. Eremo che ad oggi ospita l\u2019interessante \u201corto dei semplici\u201d, luogo scientifico di conservazione, studio e di ricerca delle piante del Mediterraneo. Molto interessanti sono i vecchi lavatoi, alimentati dalle abbondanti acque sorgive della fonte del Canali. E fu proprio per questa ricchezza di acque sorgive che nel tempo sorsero numerosi mulini &#8211; ben 22 \u2013 dai quali prese il nome l\u2019attuale Valle dei Mulini.<br \/>Rio nell\u2019Elba non \u00e8 stata travolta dall\u2019avvento del turismo e ha mantenuto inalterate le sue affascinanti caratteristiche di borgo medievale.<\/p>\n<p>Giorno di mercato: marted\u00ec.<\/p>\n\n\n\t\t<\/div>\n\t\t\t\t\t<\/div>\n\n\t\n\n\t<div id=\"col-1848611616\" class=\"col small-12 large-12\"  >\n\t\t\t\t<div class=\"col-inner\"  >\n\t\t\t\n\t\t\t\n\n<div class=\"is-divider divider clearfix\" style=\"margin-top:0px;margin-bottom:0px;max-width:100%;height:1px;\"><\/div>\n\n\t<div id=\"gap-1617953530\" class=\"gap-element clearfix\" style=\"display:block; height:auto;\">\n\t\t\n<style>\n#gap-1617953530 {\n  padding-top: 10px;\n}\n<\/style>\n\t<\/div>\n\t\n\n<div class=\"social-icons share-icons share-row relative full-width text-center icon-style-fill\" ><span class=\"share-icons-title\">Condividi:<\/span><a href=\"whatsapp:\/\/send?text=Rio%20nell%26%238217%3BElba - https:\/\/www.margheritaviaggi.com\/it\/esplora-isola-elba\/rio-nellelba\/\" data-action=\"share\/whatsapp\/share\" class=\"icon primary button circle tooltip whatsapp show-for-medium\" title=\"Condividi su WhatsApp\" aria-label=\"Condividi su WhatsApp\"><i class=\"icon-whatsapp\" aria-hidden=\"true\"><\/i><\/a><a href=\"https:\/\/www.facebook.com\/sharer.php?u=https:\/\/www.margheritaviaggi.com\/it\/esplora-isola-elba\/rio-nellelba\/\" data-label=\"Facebook\" onclick=\"window.open(this.href,this.title,'width=500,height=500,top=300px,left=300px'); return false;\" target=\"_blank\" class=\"icon primary button circle tooltip facebook\" title=\"Condividi su Facebook\" aria-label=\"Condividi su Facebook\" rel=\"noopener nofollow\"><i class=\"icon-facebook\" aria-hidden=\"true\"><\/i><\/a><a href=\"https:\/\/twitter.com\/share?url=https:\/\/www.margheritaviaggi.com\/it\/esplora-isola-elba\/rio-nellelba\/\" onclick=\"window.open(this.href,this.title,'width=500,height=500,top=300px,left=300px'); return false;\" target=\"_blank\" class=\"icon primary button circle tooltip twitter\" title=\"Condividi su Twitter\" aria-label=\"Condividi su Twitter\" rel=\"noopener nofollow\"><i class=\"icon-twitter\" aria-hidden=\"true\"><\/i><\/a><a href=\"mailto:?subject=Rio%20nell%26%238217%3BElba&body=Dai%20un%26%23039%3Bocchiata%3A%20https%3A%2F%2Fwww.margheritaviaggi.com%2Fit%2Fesplora-isola-elba%2Frio-nellelba%2F\" class=\"icon primary button circle tooltip email\" title=\"Invia per email ad un Amico\" aria-label=\"Invia per email ad un Amico\" rel=\"nofollow\"><i class=\"icon-envelop\" aria-hidden=\"true\"><\/i><\/a><a href=\"https:\/\/pinterest.com\/pin\/create\/button?url=https:\/\/www.margheritaviaggi.com\/it\/esplora-isola-elba\/rio-nellelba\/&media=https:\/\/www.margheritaviaggi.com\/wp-content\/uploads\/2015\/02\/RIO-ELBA-VACANZE-1024x683.jpg&description=Rio%20nell%26%238217%3BElba\" onclick=\"window.open(this.href,this.title,'width=500,height=500,top=300px,left=300px'); return false;\" target=\"_blank\" class=\"icon primary button circle tooltip pinterest\" title=\"Pin su Pinterest\" aria-label=\"Pin su Pinterest\" rel=\"noopener nofollow\"><i class=\"icon-pinterest\" aria-hidden=\"true\"><\/i><\/a><a href=\"https:\/\/www.linkedin.com\/shareArticle?mini=true&url=https:\/\/www.margheritaviaggi.com\/it\/esplora-isola-elba\/rio-nellelba\/&title=Rio%20nell%26%238217%3BElba\" onclick=\"window.open(this.href,this.title,'width=500,height=500,top=300px,left=300px'); return false;\" target=\"_blank\" class=\"icon primary button circle tooltip linkedin\" title=\"Condividi su LinkedIn\" aria-label=\"Condividi su LinkedIn\" rel=\"noopener nofollow\"><i class=\"icon-linkedin\" aria-hidden=\"true\"><\/i><\/a><\/div>\n\n<div class=\"is-divider divider clearfix\" style=\"margin-top:0px;margin-bottom:0px;max-width:100%;height:1px;\"><\/div>\n\n\n\t\t<\/div>\n\t\t\t\t\t<\/div>\n\n\t\n\n<\/div>\n\n","protected":false},"excerpt":{"rendered":"","protected":false},"author":1,"featured_media":9515,"parent":6611,"menu_order":68,"comment_status":"closed","ping_status":"closed","template":"page-blank.php","meta":{"_joinchat":[],"footnotes":""},"class_list":["post-6625","page","type-page","status-publish","has-post-thumbnail","hentry"],"aioseo_notices":[],"_links":{"self":[{"href":"https:\/\/www.margheritaviaggi.com\/it\/wp-json\/wp\/v2\/pages\/6625","targetHints":{"allow":["GET"]}}],"collection":[{"href":"https:\/\/www.margheritaviaggi.com\/it\/wp-json\/wp\/v2\/pages"}],"about":[{"href":"https:\/\/www.margheritaviaggi.com\/it\/wp-json\/wp\/v2\/types\/page"}],"author":[{"embeddable":true,"href":"https:\/\/www.margheritaviaggi.com\/it\/wp-json\/wp\/v2\/users\/1"}],"replies":[{"embeddable":true,"href":"https:\/\/www.margheritaviaggi.com\/it\/wp-json\/wp\/v2\/comments?post=6625"}],"version-history":[{"count":6,"href":"https:\/\/www.margheritaviaggi.com\/it\/wp-json\/wp\/v2\/pages\/6625\/revisions"}],"predecessor-version":[{"id":49057,"href":"https:\/\/www.margheritaviaggi.com\/it\/wp-json\/wp\/v2\/pages\/6625\/revisions\/49057"}],"up":[{"embeddable":true,"href":"https:\/\/www.margheritaviaggi.com\/it\/wp-json\/wp\/v2\/pages\/6611"}],"wp:featuredmedia":[{"embeddable":true,"href":"https:\/\/www.margheritaviaggi.com\/it\/wp-json\/wp\/v2\/media\/9515"}],"wp:attachment":[{"href":"https:\/\/www.margheritaviaggi.com\/it\/wp-json\/wp\/v2\/media?parent=6625"}],"curies":[{"name":"wp","href":"https:\/\/api.w.org\/{rel}","templated":true}]}}