{"id":6617,"date":"2015-02-11T14:11:32","date_gmt":"2015-02-11T14:11:32","guid":{"rendered":"http:\/\/alema.altramarca.net\/?page_id=6617"},"modified":"2024-03-28T08:30:12","modified_gmt":"2024-03-28T08:30:12","slug":"portoferraio","status":"publish","type":"page","link":"https:\/\/www.margheritaviaggi.com\/it\/esplora-isola-elba\/portoferraio\/","title":{"rendered":"Portoferraio"},"content":{"rendered":"\n\n\t<section class=\"section hide-for-small\" id=\"section_1162438624\">\n\t\t<div class=\"section-bg fill\" >\n\t\t\t\t\t\t\t\t\t\n\t\t\t\n\n\t\t<\/div>\n\n\t\t\n\n\t\t<div class=\"section-content relative\">\n\t\t\t\n\n\t<div id=\"gap-1276066977\" class=\"gap-element clearfix\" style=\"display:block; height:auto;\">\n\t\t\n<style>\n#gap-1276066977 {\n  padding-top: 15px;\n}\n<\/style>\n\t<\/div>\n\t\n\n<div class=\"row\"  id=\"row-1411103270\">\n\n\n\t<div id=\"col-1069554575\" class=\"col small-12 large-12\"  >\n\t\t\t\t<div class=\"col-inner\"  >\n\t\t\t\n\t\t\t\n\n\t<div id=\"text-3894096525\" class=\"text\">\n\t\t\n\n<p style=\"margin-bottom: 0px;\"><a href=\"\/\" style=\"color: #949494;\">Home<\/a> <a href=\"\/it\/esplora-isola-elba\/\" style=\"color: #949494;\">&gt;  Esplora l\u2019Elba<\/a> > Portoferraio\n<\/p>\n\n\t\t\n<style>\n#text-3894096525 {\n  font-size: 0.9rem;\n  color: rgb(0, 189, 233);\n}\n#text-3894096525 > * {\n  color: rgb(0, 189, 233);\n}\n<\/style>\n\t<\/div>\n\t\n\n\t\t<\/div>\n\t\t\t\t\n<style>\n#col-1069554575 > .col-inner {\n  margin: 0px 0px -20px 0px;\n}\n<\/style>\n\t<\/div>\n\n\t\n\n<\/div>\n\n\t\t<\/div>\n\n\t\t\n<style>\n#section_1162438624 {\n  padding-top: 0px;\n  padding-bottom: 0px;\n  background-color: rgb(244, 244, 245);\n}\n<\/style>\n\t<\/section>\n\t\n<div class=\"row row-collapse row-full-width\"  id=\"row-993465479\">\n\n\n\t<div id=\"col-395592993\" class=\"col small-12 large-12\"  >\n\t\t\t\t<div class=\"col-inner\"  >\n\t\t\t\n\t\t\t\n\n\n  <div class=\"banner has-hover\" id=\"banner-286429256\">\n          <div class=\"banner-inner fill\">\n        <div class=\"banner-bg fill\" >\n            <img loading=\"lazy\" decoding=\"async\" width=\"2560\" height=\"1920\" src=\"https:\/\/www.margheritaviaggi.com\/wp-content\/uploads\/2015\/02\/PORTOFERRAIO-VACANZE-ISOLA-ELBA-scaled.jpg\" class=\"bg attachment-original size-original\" alt=\"PORTOFERRAIO VACANZE ISOLA ELBA\" \/>                                    \n                    <\/div>\n\t\t\n        <div class=\"banner-layers container\">\n            <div class=\"fill banner-link\"><\/div>            \n\n   <div id=\"text-box-496976714\" class=\"text-box banner-layer x50 md-x50 lg-x50 y50 md-y50 lg-y50 res-text\">\n                                <div class=\"text-box-content text dark\">\n              \n              <div class=\"text-inner text-center\">\n                  \n\n\n              <\/div>\n           <\/div>\n                            \n<style>\n#text-box-496976714 {\n  width: 60%;\n}\n#text-box-496976714 .text-box-content {\n  font-size: 100%;\n}\n@media (min-width:550px) {\n  #text-box-496976714 {\n    width: 60%;\n  }\n}\n<\/style>\n    <\/div>\n \n\n        <\/div>\n      <\/div>\n\n            \n<style>\n#banner-286429256 {\n  padding-top: 200px;\n  background-color: rgb(255, 255, 255);\n}\n#banner-286429256 .banner-bg img {\n  object-position: 50% 50%;\n}\n@media (min-width:550px) {\n  #banner-286429256 {\n    padding-top: 300px;\n  }\n}\n<\/style>\n  <\/div>\n\n\n\n\t\t<\/div>\n\t\t\t\t\n<style>\n#col-395592993 > .col-inner {\n  margin: 0px 0px -48px 0px;\n}\n@media (min-width:550px) {\n  #col-395592993 > .col-inner {\n    margin: 0px 0px -60px 0px;\n  }\n}\n<\/style>\n\t<\/div>\n\n\t\n\n<\/div>\n\n\t<section class=\"section\" id=\"section_635400348\">\n\t\t<div class=\"section-bg fill\" >\n\t\t\t\t\t\t\t\t\t\n\t\t\t\n\n\t\t<\/div>\n\n\t\t\n\n\t\t<div class=\"section-content relative\">\n\t\t\t\n\n\t<div id=\"gap-1359290011\" class=\"gap-element clearfix\" style=\"display:block; height:auto;\">\n\t\t\n<style>\n#gap-1359290011 {\n  padding-top: 5px;\n}\n<\/style>\n\t<\/div>\n\t\n\n<div class=\"row\"  id=\"row-515264519\">\n\n\n\t<div id=\"col-242182001\" class=\"col small-12 large-12\"  >\n\t\t\t\t<div class=\"col-inner\"  >\n\t\t\t\n\t\t\t\n\n\t<div id=\"text-1732531576\" class=\"text\">\n\t\t\n\n<p style=\"margin-bottom: 0px;\"><strong>Portoferraio<br \/>\n<\/strong><\/p>\n\n\t\t\n<style>\n#text-1732531576 {\n  font-size: 1.5rem;\n  color: rgb(255, 255, 255);\n}\n#text-1732531576 > * {\n  color: rgb(255, 255, 255);\n}\n@media (min-width:550px) {\n  #text-1732531576 {\n    font-size: 2rem;\n  }\n}\n<\/style>\n\t<\/div>\n\t\n\n\t\t<\/div>\n\t\t\t\t\n<style>\n#col-242182001 > .col-inner {\n  margin: 0px 0px -25px 0px;\n}\n<\/style>\n\t<\/div>\n\n\t\n\n<\/div>\n\n\t\t<\/div>\n\n\t\t\n<style>\n#section_635400348 {\n  padding-top: 0px;\n  padding-bottom: 0px;\n  background-color: rgba(0, 0, 0, 0.7);\n}\n<\/style>\n\t<\/section>\n\t\n<div class=\"row\"  id=\"row-1341540985\">\n\n\n\t<div id=\"col-2136115886\" class=\"col small-12 large-12\"  >\n\t\t\t\t<div class=\"col-inner text-left\"  >\n\t\t\t\n\t\t\t\n\n<p>Il pi\u00f9 importante centro dell\u2019isola, con i suoi 11.000 abitanti, \u00e8 Portoferraio che si\u00a0 sviluppa e si affaccia sull\u2019omonimo grande golfo.<br \/>Proprio a questa fortunata posizione protetta \u00e8 data la presenza dei Romani che qui vi si stanziarono e che la battezzarono Fabricia. Il sito della Villa Romana delle Grotte e i resti rimasti della Villa alla Linguella sono la testimonianza di un grande passato.<br \/>Conosciuta poi nel periodo medievale come Feraia, vide il suo rifiorire con l\u2019avvento di Cosimo de\u2019 Medici che nel 1548 diede inizio al grande sviluppo di Portoferraio attraverso la realizzazione delle imponenti opere di fortificazione che tuttora segnano l\u2019assetto urbanistico della citt\u00e0: Forte Falcone, Forte Stella, la Torre del Martello e tanti altri forti e contrafforti. Da questa immensa opera ingegneristica, Feraia nel 1594 prese il nome di Cosmopoli: che fosse la citt\u00e0 di Cosimo o del greco \u201cCosmo\u201d, armonia, si trattava a tutti gli effetti di un autentico capolavoro di architettura militare.<\/p>\n<p>Altra presenza che segn\u00f2 la storia di Portoferraio fu quella di Napoleone Bonaparte. Fu proprio nel centro storico della citt\u00e0, tra il Forte Stella e il Falcone in una splendida posizione panoramica, che l\u2019Imperatore elesse la sua dimora ufficiale: la Villa dei Mulini che ancora oggi offre la possibilit\u00e0 di essere visitata e di avvicinarsi al mito napoleonico. A questa residenza altern\u00f2 quella di campagna a San Martino, a pochi chilometri da Portoferraio, completamente immersa nel verde. Ovunque vi \u00e8 il ricordo del passaggio del grande Imperatore che in soli 10 mesi di regno segn\u00f2 profondamente la storia elbana al punto che la bandiera dell\u2019Elba \u00e8 ad oggi ancora la stessa espressamente voluta da Napoleone per onorare la laboriosit\u00e0 degli abitanti: nella chiesa della Reverenda Misericordia costruita nel 1677 dall\u2019omonima confraternita, oltre alle reliquie del partono della citt\u00e0, San Cristino martire, \u00e8 conservata la maschera di bronzo di Napoleone portata dal suo medico personale dottor Antonmarchi da Sant\u2019Elena. A ricordo di questa gloriosa pagina di storia, ogni anno il 5 maggio si celebra una Messa in ricordo di Napoleone.<\/p>\n<p>Portoferraio porta nel suo nome ci\u00f2 che ha contraddistinto il suo recente sviluppo di centro industriale siderurgico, motivo per il quale ha conosciuto lo slancio del turismo molto pi\u00f9 tardi rispetto alle altre localit\u00e0 dell\u2019isola mantenendo pressoch\u00e9 intatta la propria identit\u00e0. Il centro storico della citt\u00e0 all\u2019interno delle mura medicee ha conservato il carattere paesano, sincero, ricco di profumi e colori ed insieme alle numerose chiese, alle fortezze, ai resti romani si mescolano perfettamente alla nuova personalit\u00e0 di Portoferraio, porto principale e capitale dell\u2019Isola.<br \/>Molto interessanti da visitare sono le cinquecentesche chiese del SS Sacramento edificata nel 1551 al cui interno si pu\u00f2 trovare un tempio votivo dedicato ai Caduti elbani durante il primo conflitto mondiale, e di San Rocco con il suo piccolo cimitero dove venivano sepolti le vittime di pestilenza e i giustiziati.<br \/>Da non perdere sono inoltre: la Villa Romana in\u00a0 loc. Le Grotte (I sec.), la Villa Romana e il Museo Archeologico della Linguella, la Chiesa Romanica di S. Stefano alle Trane &#8211; loc. Le Trane (XII sec.), la Fortezza d&#8217;altura dell&#8217;eta&#8217; preromana &#8211; loc. S. Martino, International Art Center di Italo Bolano &#8211; loc. San Martino, la Pinacoteca Foresiana, Salita Napoleone, la Biblioteca Foresiana, il Palazzo Comunale.<\/p>\n<p>Giorno di mercato: Venerd\u00ec<\/p>\n\n\n\t\t<\/div>\n\t\t\t\t\t<\/div>\n\n\t\n\n\t<div id=\"col-2094066115\" class=\"col small-12 large-12\"  >\n\t\t\t\t<div class=\"col-inner\"  >\n\t\t\t\n\t\t\t\n\n<div class=\"is-divider divider clearfix\" style=\"margin-top:0px;margin-bottom:0px;max-width:100%;height:1px;\"><\/div>\n\n\t<div id=\"gap-9828909\" class=\"gap-element clearfix\" style=\"display:block; height:auto;\">\n\t\t\n<style>\n#gap-9828909 {\n  padding-top: 10px;\n}\n<\/style>\n\t<\/div>\n\t\n\n<div class=\"social-icons share-icons share-row relative full-width text-center icon-style-fill\" ><span class=\"share-icons-title\">Condividi:<\/span><a href=\"whatsapp:\/\/send?text=Portoferraio - https:\/\/www.margheritaviaggi.com\/it\/esplora-isola-elba\/portoferraio\/\" data-action=\"share\/whatsapp\/share\" class=\"icon primary button circle tooltip whatsapp show-for-medium\" title=\"Condividi su WhatsApp\" aria-label=\"Condividi su WhatsApp\"><i class=\"icon-whatsapp\" aria-hidden=\"true\"><\/i><\/a><a href=\"https:\/\/www.facebook.com\/sharer.php?u=https:\/\/www.margheritaviaggi.com\/it\/esplora-isola-elba\/portoferraio\/\" data-label=\"Facebook\" onclick=\"window.open(this.href,this.title,'width=500,height=500,top=300px,left=300px'); return false;\" target=\"_blank\" class=\"icon primary button circle tooltip facebook\" title=\"Condividi su Facebook\" aria-label=\"Condividi su Facebook\" rel=\"noopener nofollow\"><i class=\"icon-facebook\" aria-hidden=\"true\"><\/i><\/a><a href=\"https:\/\/twitter.com\/share?url=https:\/\/www.margheritaviaggi.com\/it\/esplora-isola-elba\/portoferraio\/\" onclick=\"window.open(this.href,this.title,'width=500,height=500,top=300px,left=300px'); return false;\" target=\"_blank\" class=\"icon primary button circle tooltip twitter\" title=\"Condividi su Twitter\" aria-label=\"Condividi su Twitter\" rel=\"noopener nofollow\"><i class=\"icon-twitter\" aria-hidden=\"true\"><\/i><\/a><a href=\"mailto:?subject=Portoferraio&body=Dai%20un%26%23039%3Bocchiata%3A%20https%3A%2F%2Fwww.margheritaviaggi.com%2Fit%2Fesplora-isola-elba%2Fportoferraio%2F\" class=\"icon primary button circle tooltip email\" title=\"Invia per email ad un Amico\" aria-label=\"Invia per email ad un Amico\" rel=\"nofollow\"><i class=\"icon-envelop\" aria-hidden=\"true\"><\/i><\/a><a href=\"https:\/\/pinterest.com\/pin\/create\/button?url=https:\/\/www.margheritaviaggi.com\/it\/esplora-isola-elba\/portoferraio\/&media=https:\/\/www.margheritaviaggi.com\/wp-content\/uploads\/2015\/02\/PORTOFERRAIO-VACANZE-ISOLA-ELBA-1024x768.jpg&description=Portoferraio\" onclick=\"window.open(this.href,this.title,'width=500,height=500,top=300px,left=300px'); return false;\" target=\"_blank\" class=\"icon primary button circle tooltip pinterest\" title=\"Pin su Pinterest\" aria-label=\"Pin su Pinterest\" rel=\"noopener nofollow\"><i class=\"icon-pinterest\" aria-hidden=\"true\"><\/i><\/a><a href=\"https:\/\/www.linkedin.com\/shareArticle?mini=true&url=https:\/\/www.margheritaviaggi.com\/it\/esplora-isola-elba\/portoferraio\/&title=Portoferraio\" onclick=\"window.open(this.href,this.title,'width=500,height=500,top=300px,left=300px'); return false;\" target=\"_blank\" class=\"icon primary button circle tooltip linkedin\" title=\"Condividi su LinkedIn\" aria-label=\"Condividi su LinkedIn\" rel=\"noopener nofollow\"><i class=\"icon-linkedin\" aria-hidden=\"true\"><\/i><\/a><\/div>\n\n<div class=\"is-divider divider clearfix\" style=\"margin-top:0px;margin-bottom:0px;max-width:100%;height:1px;\"><\/div>\n\n\n\t\t<\/div>\n\t\t\t\t\t<\/div>\n\n\t\n\n<\/div>\n\n","protected":false},"excerpt":{"rendered":"","protected":false},"author":1,"featured_media":9513,"parent":6611,"menu_order":59,"comment_status":"closed","ping_status":"closed","template":"page-blank.php","meta":{"_joinchat":[],"footnotes":""},"class_list":["post-6617","page","type-page","status-publish","has-post-thumbnail","hentry"],"aioseo_notices":[],"_links":{"self":[{"href":"https:\/\/www.margheritaviaggi.com\/it\/wp-json\/wp\/v2\/pages\/6617","targetHints":{"allow":["GET"]}}],"collection":[{"href":"https:\/\/www.margheritaviaggi.com\/it\/wp-json\/wp\/v2\/pages"}],"about":[{"href":"https:\/\/www.margheritaviaggi.com\/it\/wp-json\/wp\/v2\/types\/page"}],"author":[{"embeddable":true,"href":"https:\/\/www.margheritaviaggi.com\/it\/wp-json\/wp\/v2\/users\/1"}],"replies":[{"embeddable":true,"href":"https:\/\/www.margheritaviaggi.com\/it\/wp-json\/wp\/v2\/comments?post=6617"}],"version-history":[{"count":6,"href":"https:\/\/www.margheritaviaggi.com\/it\/wp-json\/wp\/v2\/pages\/6617\/revisions"}],"predecessor-version":[{"id":49046,"href":"https:\/\/www.margheritaviaggi.com\/it\/wp-json\/wp\/v2\/pages\/6617\/revisions\/49046"}],"up":[{"embeddable":true,"href":"https:\/\/www.margheritaviaggi.com\/it\/wp-json\/wp\/v2\/pages\/6611"}],"wp:featuredmedia":[{"embeddable":true,"href":"https:\/\/www.margheritaviaggi.com\/it\/wp-json\/wp\/v2\/media\/9513"}],"wp:attachment":[{"href":"https:\/\/www.margheritaviaggi.com\/it\/wp-json\/wp\/v2\/media?parent=6617"}],"curies":[{"name":"wp","href":"https:\/\/api.w.org\/{rel}","templated":true}]}}