{"id":6611,"date":"2015-02-11T14:10:29","date_gmt":"2015-02-11T14:10:29","guid":{"rendered":"http:\/\/alema.altramarca.net\/?page_id=6611"},"modified":"2024-03-27T22:27:30","modified_gmt":"2024-03-27T22:27:30","slug":"esplora-isola-elba","status":"publish","type":"page","link":"https:\/\/www.margheritaviaggi.com\/it\/esplora-isola-elba\/","title":{"rendered":"Esplora l&#8217;Elba"},"content":{"rendered":"\n\n\t<section class=\"section hide-for-small\" id=\"section_418687544\">\n\t\t<div class=\"section-bg fill\" >\n\t\t\t\t\t\t\t\t\t\n\t\t\t\n\n\t\t<\/div>\n\n\t\t\n\n\t\t<div class=\"section-content relative\">\n\t\t\t\n\n\t<div id=\"gap-2126858180\" class=\"gap-element clearfix\" style=\"display:block; height:auto;\">\n\t\t\n<style>\n#gap-2126858180 {\n  padding-top: 15px;\n}\n<\/style>\n\t<\/div>\n\t\n\n<div class=\"row\"  id=\"row-134946852\">\n\n\n\t<div id=\"col-103607785\" class=\"col small-12 large-12\"  >\n\t\t\t\t<div class=\"col-inner\"  >\n\t\t\t\n\t\t\t\n\n\t<div id=\"text-577539521\" class=\"text\">\n\t\t\n\n<p style=\"margin-bottom: 0px;\"><a href=\"\/\" style=\"color: #949494;\">Home<\/a> > Esplora l\u2019Elba<\/p>\n\n\t\t\n<style>\n#text-577539521 {\n  font-size: 0.9rem;\n  color: rgb(0, 189, 233);\n}\n#text-577539521 > * {\n  color: rgb(0, 189, 233);\n}\n<\/style>\n\t<\/div>\n\t\n\n\t\t<\/div>\n\t\t\t\t\n<style>\n#col-103607785 > .col-inner {\n  margin: 0px 0px -20px 0px;\n}\n<\/style>\n\t<\/div>\n\n\t\n\n<\/div>\n\n\t\t<\/div>\n\n\t\t\n<style>\n#section_418687544 {\n  padding-top: 0px;\n  padding-bottom: 0px;\n  background-color: rgb(244, 244, 245);\n}\n<\/style>\n\t<\/section>\n\t\n\n\t<section class=\"section\" id=\"section_1392347109\">\n\t\t<div class=\"section-bg fill\" >\n\t\t\t\t\t\t\t\t\t\n\t\t\t\n\n\t\t<\/div>\n\n\t\t\n\n\t\t<div class=\"section-content relative\">\n\t\t\t\n\n\t<div id=\"gap-1947471564\" class=\"gap-element clearfix\" style=\"display:block; height:auto;\">\n\t\t\n<style>\n#gap-1947471564 {\n  padding-top: 5px;\n}\n<\/style>\n\t<\/div>\n\t\n\n<div class=\"row\"  id=\"row-1917368989\">\n\n\n\t<div id=\"col-696083249\" class=\"col small-12 large-12\"  >\n\t\t\t\t<div class=\"col-inner\"  >\n\t\t\t\n\t\t\t\n\n\t<div id=\"text-1193196784\" class=\"text\">\n\t\t\n\n<p style=\"margin-bottom: 0px;\"><strong>Esplora l\u2019Elba<br \/>\n<\/strong><\/p>\n\n\t\t\n<style>\n#text-1193196784 {\n  font-size: 1.5rem;\n  color: rgb(255, 255, 255);\n}\n#text-1193196784 > * {\n  color: rgb(255, 255, 255);\n}\n@media (min-width:550px) {\n  #text-1193196784 {\n    font-size: 2rem;\n  }\n}\n<\/style>\n\t<\/div>\n\t\n\n\t\t<\/div>\n\t\t\t\t\n<style>\n#col-696083249 > .col-inner {\n  margin: 0px 0px -25px 0px;\n}\n<\/style>\n\t<\/div>\n\n\t\n\n<\/div>\n\n\t\t<\/div>\n\n\t\t\n<style>\n#section_1392347109 {\n  padding-top: 0px;\n  padding-bottom: 0px;\n  background-color: rgb(5, 18, 27);\n}\n<\/style>\n\t<\/section>\n\t\n<div class=\"row\"  id=\"row-1807461224\">\n\n\n\t<div id=\"col-2051422286\" class=\"col small-12 large-12\"  >\n\t\t\t\t<div class=\"col-inner text-center\"  >\n\t\t\t\n\t\t\t\n\n\t<div id=\"text-1677004024\" class=\"text\">\n\t\t\n\n<p>L\u2019Isola d\u2019Elba ha l\u2019eccezionale vantaggio di concentrare in un territorio abbastanza ridotto una grande variet\u00e0 di paesaggi. Questa variet\u00e0 emerge gi\u00e0 dalla diversit\u00e0 degli otto comuni che ne costituiscono il territorio.<\/p>\n<p>Portoferraio \u00e8 il centro abitato pi\u00f9 grande dell\u2019Isola e pi\u00f9 di ogni altro porta i segni del passaggio delle grandi personalit\u00e0 che hanno dominato l\u2019Isola nel corso dei secoli: in particolare Cosimo de Medici e Napoleone Bonaparte.<\/p>\n<p>Marina di Campo \u00e8 la frazione pi\u00f9 importante del comune di Campo nell\u2019Elba ed \u00e8 \u00a0una delle localit\u00e0 turistiche pi\u00f9 apprezzate, grazie alla sua spiaggia di sabbia bianca \u2013 la pi\u00f9 lunga dell\u2019Isola \u2013 e al suo vivace corso pedonale, ricco di negozi, bar e ristoranti, in cui \u00e8 piacevole passeggiare tanto di giorno quanto di sera. Anche la grande pineta che costeggia parte della spiaggia \u00e8 una singolare caratteristica del paese: qui, si pu\u00f2 cercare un po\u2019 di ristoro durante le ore pi\u00f9 calde della giornata, oppure passeggiare o fare jogging.<\/p>\n<p>Capoliveri \u00e8 un borgo di origine medievale che, grazie alla sua posizione strategica, domina tanto Golfo Stella quanto il Golfo di Porto Azzurro. Questo paese \u00e8 fortemente legato alla sua storia e alle sue radici, come testimoniano la tradizionale Festa dell\u2019Uva e la rievocazione della Leggenda dell\u2019Innamorata.<\/p>\n<p>Un\u2019altra anima dell\u2019Isola, quella mineraria, emerge con forza dai paesi di Rio Marina e Rio nell\u2019Elba, la cui identit\u00e0 \u00e8 strettamente legata ai giacimenti minerari, alcuni dei quali inseriti dall\u2019Unesco nel World Heritage Provisional List of Geological Sites.<\/p>\n<p>Porto Azzurro, sfruttato come porto naturale fin dall\u2019antichit\u00e0, \u00e8 un grazioso paesino ricco di viuzze con boutique pittoresche ideali per fare shopping o mangiare in uno dei caratteristici ristorantini posti lungo le vie, o ancora per mangiare un gelato o bere un caff\u00e8 nella piazza del paese, che si affaccia direttamente sul mare.<\/p>\n<p>Il borgo di Marciana \u00e8 il pi\u00f9 antico dell\u2019Isola e pu\u00f2 vantare il territorio pi\u00f9 eterogeneo di tutti i comuni: infatti questo include gran parte del massiccio del Monte Capanne, ma anche stupende zone balneari, come Sant\u2019Andrea.<\/p>\n<p>Infine Marciana Marina che \u00e8 il pi\u00f9 piccolo dei comuni elbani e uno dei pi\u00f9 piccoli d\u2019Italia. Nato intorno al caratteristico borgo di pescatori detto \u201cil Cotone\u201d, il paese basa oggi la sua economia principalmente sul turismo \u2013 come quasi tutti i comuni elbani.<\/p>\n\n\t\t\n<style>\n#text-1677004024 {\n  text-align: left;\n}\n<\/style>\n\t<\/div>\n\t\n\n\t\t<\/div>\n\t\t\t\t\t<\/div>\n\n\t\n\n\t<div id=\"col-1233877170\" class=\"col small-12 large-12\"  >\n\t\t\t\t<div class=\"col-inner\"  >\n\t\t\t\n\t\t\t\n\n<div class=\"is-divider divider clearfix\" style=\"margin-top:0px;margin-bottom:0px;max-width:100%;height:1px;\"><\/div>\n\n\t<div id=\"gap-384064103\" class=\"gap-element clearfix\" style=\"display:block; height:auto;\">\n\t\t\n<style>\n#gap-384064103 {\n  padding-top: 10px;\n}\n<\/style>\n\t<\/div>\n\t\n\n<div class=\"social-icons share-icons share-row relative full-width text-center icon-style-fill\" ><span class=\"share-icons-title\">Condividi:<\/span><a href=\"whatsapp:\/\/send?text=Esplora%20l%26%238217%3BElba - https:\/\/www.margheritaviaggi.com\/it\/esplora-isola-elba\/\" data-action=\"share\/whatsapp\/share\" class=\"icon primary button circle tooltip whatsapp show-for-medium\" title=\"Condividi su WhatsApp\" aria-label=\"Condividi su WhatsApp\"><i class=\"icon-whatsapp\" aria-hidden=\"true\"><\/i><\/a><a href=\"https:\/\/www.facebook.com\/sharer.php?u=https:\/\/www.margheritaviaggi.com\/it\/esplora-isola-elba\/\" data-label=\"Facebook\" onclick=\"window.open(this.href,this.title,'width=500,height=500,top=300px,left=300px'); return false;\" target=\"_blank\" class=\"icon primary button circle tooltip facebook\" title=\"Condividi su Facebook\" aria-label=\"Condividi su Facebook\" rel=\"noopener nofollow\"><i class=\"icon-facebook\" aria-hidden=\"true\"><\/i><\/a><a href=\"https:\/\/twitter.com\/share?url=https:\/\/www.margheritaviaggi.com\/it\/esplora-isola-elba\/\" onclick=\"window.open(this.href,this.title,'width=500,height=500,top=300px,left=300px'); return false;\" target=\"_blank\" class=\"icon primary button circle tooltip twitter\" title=\"Condividi su Twitter\" aria-label=\"Condividi su Twitter\" rel=\"noopener nofollow\"><i class=\"icon-twitter\" aria-hidden=\"true\"><\/i><\/a><a href=\"mailto:?subject=Esplora%20l%26%238217%3BElba&body=Dai%20un%26%23039%3Bocchiata%3A%20https%3A%2F%2Fwww.margheritaviaggi.com%2Fit%2Fesplora-isola-elba%2F\" class=\"icon primary button circle tooltip email\" title=\"Invia per email ad un Amico\" aria-label=\"Invia per email ad un Amico\" rel=\"nofollow\"><i class=\"icon-envelop\" aria-hidden=\"true\"><\/i><\/a><a href=\"https:\/\/pinterest.com\/pin\/create\/button?url=https:\/\/www.margheritaviaggi.com\/it\/esplora-isola-elba\/&media&description=Esplora%20l%26%238217%3BElba\" onclick=\"window.open(this.href,this.title,'width=500,height=500,top=300px,left=300px'); return false;\" target=\"_blank\" class=\"icon primary button circle tooltip pinterest\" title=\"Pin su Pinterest\" aria-label=\"Pin su Pinterest\" rel=\"noopener nofollow\"><i class=\"icon-pinterest\" aria-hidden=\"true\"><\/i><\/a><a href=\"https:\/\/www.linkedin.com\/shareArticle?mini=true&url=https:\/\/www.margheritaviaggi.com\/it\/esplora-isola-elba\/&title=Esplora%20l%26%238217%3BElba\" onclick=\"window.open(this.href,this.title,'width=500,height=500,top=300px,left=300px'); return false;\" target=\"_blank\" class=\"icon primary button circle tooltip linkedin\" title=\"Condividi su LinkedIn\" aria-label=\"Condividi su LinkedIn\" rel=\"noopener nofollow\"><i class=\"icon-linkedin\" aria-hidden=\"true\"><\/i><\/a><\/div>\n\n<div class=\"is-divider divider clearfix\" style=\"margin-top:0px;margin-bottom:0px;max-width:100%;height:1px;\"><\/div>\n\n\n\t\t<\/div>\n\t\t\t\t\t<\/div>\n\n\t\n\n<\/div>\n\n","protected":false},"excerpt":{"rendered":"","protected":false},"author":1,"featured_media":0,"parent":0,"menu_order":45,"comment_status":"closed","ping_status":"closed","template":"page-blank.php","meta":{"_joinchat":[],"footnotes":""},"class_list":["post-6611","page","type-page","status-publish","hentry"],"aioseo_notices":[],"_links":{"self":[{"href":"https:\/\/www.margheritaviaggi.com\/it\/wp-json\/wp\/v2\/pages\/6611","targetHints":{"allow":["GET"]}}],"collection":[{"href":"https:\/\/www.margheritaviaggi.com\/it\/wp-json\/wp\/v2\/pages"}],"about":[{"href":"https:\/\/www.margheritaviaggi.com\/it\/wp-json\/wp\/v2\/types\/page"}],"author":[{"embeddable":true,"href":"https:\/\/www.margheritaviaggi.com\/it\/wp-json\/wp\/v2\/users\/1"}],"replies":[{"embeddable":true,"href":"https:\/\/www.margheritaviaggi.com\/it\/wp-json\/wp\/v2\/comments?post=6611"}],"version-history":[{"count":6,"href":"https:\/\/www.margheritaviaggi.com\/it\/wp-json\/wp\/v2\/pages\/6611\/revisions"}],"predecessor-version":[{"id":48985,"href":"https:\/\/www.margheritaviaggi.com\/it\/wp-json\/wp\/v2\/pages\/6611\/revisions\/48985"}],"wp:attachment":[{"href":"https:\/\/www.margheritaviaggi.com\/it\/wp-json\/wp\/v2\/media?parent=6611"}],"curies":[{"name":"wp","href":"https:\/\/api.w.org\/{rel}","templated":true}]}}