{"id":11309,"date":"2015-07-14T06:39:39","date_gmt":"2015-07-14T06:39:39","guid":{"rendered":"https:\/\/www.margheritaviaggi.com\/?page_id=11309"},"modified":"2024-03-27T23:25:33","modified_gmt":"2024-03-27T23:25:33","slug":"cookie-policy","status":"publish","type":"page","link":"https:\/\/www.margheritaviaggi.com\/it\/cookie-policy\/","title":{"rendered":"Cookie Policy"},"content":{"rendered":"\n\n\t<section class=\"section hide-for-small\" id=\"section_303533923\">\n\t\t<div class=\"section-bg fill\" >\n\t\t\t\t\t\t\t\t\t\n\t\t\t\n\n\t\t<\/div>\n\n\t\t\n\n\t\t<div class=\"section-content relative\">\n\t\t\t\n\n\t<div id=\"gap-135429232\" class=\"gap-element clearfix\" style=\"display:block; height:auto;\">\n\t\t\n<style>\n#gap-135429232 {\n  padding-top: 15px;\n}\n<\/style>\n\t<\/div>\n\t\n\n<div class=\"row\"  id=\"row-694153089\">\n\n\n\t<div id=\"col-1113297461\" class=\"col small-12 large-12\"  >\n\t\t\t\t<div class=\"col-inner\"  >\n\t\t\t\n\t\t\t\n\n\t<div id=\"text-732438969\" class=\"text\">\n\t\t\n\n<p style=\"margin-bottom: 0px;\"><a href=\"\/\" style=\"color: #949494;\">Home<\/a> > Cookie Policy<\/p>\n\n\t\t\n<style>\n#text-732438969 {\n  font-size: 0.9rem;\n  color: rgb(0, 189, 233);\n}\n#text-732438969 > * {\n  color: rgb(0, 189, 233);\n}\n<\/style>\n\t<\/div>\n\t\n\n\t\t<\/div>\n\t\t\t\t\n<style>\n#col-1113297461 > .col-inner {\n  margin: 0px 0px -20px 0px;\n}\n<\/style>\n\t<\/div>\n\n\t\n\n<\/div>\n\n\t\t<\/div>\n\n\t\t\n<style>\n#section_303533923 {\n  padding-top: 0px;\n  padding-bottom: 0px;\n  background-color: rgb(244, 244, 245);\n}\n<\/style>\n\t<\/section>\n\t\n<div class=\"row\"  id=\"row-304936711\">\n\n\n\t<div id=\"col-214640685\" class=\"col small-12 large-12\"  >\n\t\t\t\t<div class=\"col-inner\"  >\n\t\t\t\n\t\t\t\n\n\t<div id=\"text-970803970\" class=\"text\">\n\t\t\n\n<h1>Cookie Policy<\/h1>\n\n\t\t\n<style>\n#text-970803970 {\n  text-align: center;\n}\n<\/style>\n\t<\/div>\n\t\n\t<div id=\"gap-1165284541\" class=\"gap-element clearfix\" style=\"display:block; height:auto;\">\n\t\t\n<style>\n#gap-1165284541 {\n  padding-top: 15px;\n}\n<\/style>\n\t<\/div>\n\t\n\n<p style=\"text-align: justify;\">Il sito web in questione utilizza cookie e tecnologie simili per garantire il corretto funzionamento delle procedure e migliorare l&#8217;esperienza di uso delle applicazioni online. Il presente documento fornisce informazioni dettagliate sull&#8217;uso dei cookie e di tecnologie similari, su come sono utilizzati da Margherita Viaggi e su come gestirli.<\/p>\n<h3 style=\"text-align: justify;\"><strong>DEFINIZIONI<\/strong><\/h3>\n<p style=\"text-align: justify;\">I cookie sono brevi frammenti di testo (lettere e\/o numeri) che permettono al server web di memorizzare sul client (il browser) informazioni da riutilizzare nel corso della medesima visita al sito (cookie di sessione) o in seguito, anche a distanza di giorni (cookie persistenti). I cookie vengono memorizzati, in base alle preferenze dell&#8217;utente, dal singolo browser sullo specifico dispositivo utilizzato (computer, tablet, smartphone). Tecnologie similari, come, ad esempio, web beacon, GIF trasparenti e tutte le forme di storage locale introdotte con HTML5, sono utilizzabili per raccogliere informazioni sul comportamento dell&#8217;utente e sull&#8217;utilizzo dei servizi. Nel seguito di questo documento faremo riferimento ai cookie e a tutte le tecnologie similari utilizzando semplicemente il termine \u201ccookie\u201d.<\/p>\n<h3 style=\"text-align: justify;\"><strong>TIPOLOGIE DI COOKIE<\/strong><\/h3>\n<p style=\"text-align: justify;\">In base alle caratteristiche e all&#8217;utilizzo dei cookie possiamo distinguere diverse categorie:<\/p>\n<p style=\"text-align: justify;\">o\u00a0\u00a0 Cookie strettamente necessari<br \/>Si tratta di cookie indispensabili per il corretto funzionamento dei siti di Margherita Viaggi e sono utilizzati per gestire il login e l&#8217;accesso alle funzioni riservate del sito. La durata dei cookie ha durata limitata (con scadenza 1 anno) volti a riconoscere, per tale limitato periodo, il computer del visitatore &#8211; attraverso un codice alfa-numerico generato alla prima sessione di accesso &#8211; in modo da riproporgli il risultato del test effettuato dall&#8217;utente. La loro disattivazione compromette l&#8217;utilizzo dei servizi accessibili da login. La parte pubblica dei siti Margherita Viaggi resta normalmente utilizzabile.<\/p>\n<p style=\"text-align: justify;\">o\u00a0\u00a0 Cookie di analisi e prestazioni<br \/>Sono cookie utilizzati per raccogliere e analizzare il traffico e l&#8217;utilizzo del sito in modo anonimo. Questi cookie, pur senza identificare l&#8217;utente, consentono, per esempio, di rilevare se il medesimo utente torna a collegarsi in momenti diversi. Permettono inoltre di monitorare il sistema e migliorarne le prestazioni e l&#8217;usabilit\u00e0. La disattivazione di tali cookie pu\u00f2 essere eseguita senza alcuna perdita di funzionalit\u00e0.<\/p>\n<p style=\"text-align: justify;\">o\u00a0\u00a0 Cookie di profilazione<br \/>Si tratta di cookie permanenti utilizzati per identificare (in modo anonimo e non) le preferenze dell&#8217;utente e migliorare la sua esperienza di navigazione.<\/p>\n<h3 style=\"text-align: justify;\"><strong>COOKIE DI TERZE PARTI<\/strong><\/h3>\n<p style=\"text-align: justify;\">Visitando un sito web si possono ricevere cookie sia dal sito visitato (\u201cproprietari\u201d), sia da siti gestiti da altre organizzazioni (\u201cterze parti\u201d). Un esempio notevole \u00e8 rappresentato dalla presenza dei \u201csocial plugin\u201d per Facebook, Twitter, Google+ e Pinterest. Si tratta di parti della pagina visitata generate direttamente dai suddetti siti ed integrati nella pagina del sito ospitante. L&#8217;utilizzo pi\u00f9 comune dei social plugin \u00e8 finalizzato alla condivisione dei contenuti sui social network.<\/p>\n<p style=\"text-align: justify;\">La presenza di questi plugin comporta la trasmissione di cookie da e verso tutti i siti gestiti da terze parti. La gestione delle informazioni raccolte da \u201cterze parti\u201d \u00e8 disciplinata dalle relative informative cui si prega di fare riferimento.<\/p>\n\n\t\t<\/div>\n\t\t\t\t\t<\/div>\n\n\t\n\n<\/div>\n\n","protected":false},"excerpt":{"rendered":"","protected":false},"author":1,"featured_media":0,"parent":0,"menu_order":25,"comment_status":"closed","ping_status":"closed","template":"page-blank.php","meta":{"_joinchat":[],"footnotes":""},"class_list":["post-11309","page","type-page","status-publish","hentry"],"aioseo_notices":[],"_links":{"self":[{"href":"https:\/\/www.margheritaviaggi.com\/it\/wp-json\/wp\/v2\/pages\/11309","targetHints":{"allow":["GET"]}}],"collection":[{"href":"https:\/\/www.margheritaviaggi.com\/it\/wp-json\/wp\/v2\/pages"}],"about":[{"href":"https:\/\/www.margheritaviaggi.com\/it\/wp-json\/wp\/v2\/types\/page"}],"author":[{"embeddable":true,"href":"https:\/\/www.margheritaviaggi.com\/it\/wp-json\/wp\/v2\/users\/1"}],"replies":[{"embeddable":true,"href":"https:\/\/www.margheritaviaggi.com\/it\/wp-json\/wp\/v2\/comments?post=11309"}],"version-history":[{"count":8,"href":"https:\/\/www.margheritaviaggi.com\/it\/wp-json\/wp\/v2\/pages\/11309\/revisions"}],"predecessor-version":[{"id":49029,"href":"https:\/\/www.margheritaviaggi.com\/it\/wp-json\/wp\/v2\/pages\/11309\/revisions\/49029"}],"wp:attachment":[{"href":"https:\/\/www.margheritaviaggi.com\/it\/wp-json\/wp\/v2\/media?parent=11309"}],"curies":[{"name":"wp","href":"https:\/\/api.w.org\/{rel}","templated":true}]}}