{"id":10081,"date":"2015-05-07T08:12:51","date_gmt":"2015-05-07T08:12:51","guid":{"rendered":"https:\/\/www.margheritaviaggi.com\/?page_id=10081"},"modified":"2024-03-27T23:15:07","modified_gmt":"2024-03-27T23:15:07","slug":"se-piove","status":"publish","type":"page","link":"https:\/\/www.margheritaviaggi.com\/it\/cosa-fare\/se-piove\/","title":{"rendered":"Cosa Fare Se Piove all&#8217;Isola d&#8217;Elba"},"content":{"rendered":"\n\n\t<section class=\"section hide-for-small\" id=\"section_868459235\">\n\t\t<div class=\"section-bg fill\" >\n\t\t\t\t\t\t\t\t\t\n\t\t\t\n\n\t\t<\/div>\n\n\t\t\n\n\t\t<div class=\"section-content relative\">\n\t\t\t\n\n\t<div id=\"gap-1482655761\" class=\"gap-element clearfix\" style=\"display:block; height:auto;\">\n\t\t\n<style>\n#gap-1482655761 {\n  padding-top: 15px;\n}\n<\/style>\n\t<\/div>\n\t\n\n<div class=\"row\"  id=\"row-1800642599\">\n\n\n\t<div id=\"col-517411472\" class=\"col small-12 large-12\"  >\n\t\t\t\t<div class=\"col-inner\"  >\n\t\t\t\n\t\t\t\n\n\t<div id=\"text-2929473421\" class=\"text\">\n\t\t\n\n<p style=\"margin-bottom: 0px;\"><a href=\"\/\" style=\"color: #949494;\">Home<\/a> <a href=\"\/it\/cosa-fare\/\" style=\"color: #949494;\">&gt;  Cosa fare<\/a> > Cosa Fare Se Piove all\u2019Isola d\u2019Elba<\/p>\n\n\t\t\n<style>\n#text-2929473421 {\n  font-size: 0.9rem;\n  color: rgb(0, 189, 233);\n}\n#text-2929473421 > * {\n  color: rgb(0, 189, 233);\n}\n<\/style>\n\t<\/div>\n\t\n\n\t\t<\/div>\n\t\t\t\t\n<style>\n#col-517411472 > .col-inner {\n  margin: 0px 0px -20px 0px;\n}\n<\/style>\n\t<\/div>\n\n\t\n\n<\/div>\n\n\t\t<\/div>\n\n\t\t\n<style>\n#section_868459235 {\n  padding-top: 0px;\n  padding-bottom: 0px;\n  background-color: rgb(244, 244, 245);\n}\n<\/style>\n\t<\/section>\n\t\n\n\t<section class=\"section\" id=\"section_1527131404\">\n\t\t<div class=\"section-bg fill\" >\n\t\t\t\t\t\t\t\t\t\n\t\t\t\n\n\t\t<\/div>\n\n\t\t\n\n\t\t<div class=\"section-content relative\">\n\t\t\t\n\n\t<div id=\"gap-345795711\" class=\"gap-element clearfix\" style=\"display:block; height:auto;\">\n\t\t\n<style>\n#gap-345795711 {\n  padding-top: 5px;\n}\n<\/style>\n\t<\/div>\n\t\n\n<div class=\"row\"  id=\"row-1739715089\">\n\n\n\t<div id=\"col-147328358\" class=\"col small-12 large-12\"  >\n\t\t\t\t<div class=\"col-inner\"  >\n\t\t\t\n\t\t\t\n\n\t<div id=\"text-1319188973\" class=\"text\">\n\t\t\n\n<p style=\"margin-bottom: 0px;\"><strong>Cosa Fare Se Piove all\u2019Isola d\u2019Elba<br \/>\n<\/strong><\/p>\n\n\t\t\n<style>\n#text-1319188973 {\n  font-size: 1.5rem;\n  color: rgb(255, 255, 255);\n}\n#text-1319188973 > * {\n  color: rgb(255, 255, 255);\n}\n@media (min-width:550px) {\n  #text-1319188973 {\n    font-size: 2rem;\n  }\n}\n<\/style>\n\t<\/div>\n\t\n\n\t\t<\/div>\n\t\t\t\t\n<style>\n#col-147328358 > .col-inner {\n  margin: 0px 0px -25px 0px;\n}\n<\/style>\n\t<\/div>\n\n\t\n\n<\/div>\n\n\t\t<\/div>\n\n\t\t\n<style>\n#section_1527131404 {\n  padding-top: 0px;\n  padding-bottom: 0px;\n  background-color: rgb(5, 18, 27);\n}\n<\/style>\n\t<\/section>\n\t\n<div class=\"row\"  id=\"row-1570943729\">\n\n\n\t<div id=\"col-1809942001\" class=\"col small-12 large-12\"  >\n\t\t\t\t<div class=\"col-inner text-center\"  >\n\t\t\t\n\t\t\t\n\n\t<div id=\"text-621622870\" class=\"text\">\n\t\t\n\n<p>Se avete preso un <u><a href=\"\/it\/marina-di-campo\/appartamenti\/\"><strong>appartamento in affitto all&#8217;Isola d&#8217;Elba<\/strong><\/a><\/u> e all&#8217;improvviso si mette a piovere, non disperate! L&#8217;Isola offre numerose soluzioni per trascorrere piacevolmente il vostro tempo anche al chiuso e lontano dalla spiaggia.<\/p>\n<p><strong>Le Case del Parco<\/strong><\/p>\n<p>Le Case del Parco Nazionale dell\u2019Arcipelago Toscano sono centri visita inaugurati nel 2000 e sono da considerarsi dei veri e propri strumenti di accoglienza e di presentazione del contesto ambientale e culturale del Parco.<\/p>\n<p>La Casa del Parco di Marciana si trova nei pressi della Fortezza Pisana. Divisa in due sale racconta, attraverso l\u2019elaborazione di varie tecniche che vanno dalla ricostruzione di ambienti naturali e antropizzati, al materiale informatico, alla cartellonistica, alla diffusione di suoni, profumi, tutto l\u2019ambiente dell\u2019Elba, della sua terra e del suo mare, della sua gente, le sue caratteristiche, e soprattutto riesce a far capire i motivi per cui questo straordinario territorio deve essere salvaguardato.<\/p>\n<p>La Casa del Parco di Rio nell\u2019Elba si trova nel centro storico del paese e focalizza la sua attivit\u00e0 di centro visita per spiegare le caratteristiche del versante orientale dell\u2019isola, presentando anche il banco dei minerali che si trovano all\u2019Elba. Di grande suggestione sono i nuovi lavatoi del 1907 che si trovano all\u2019esterno; qui l\u2019acqua proveniente dalla vicina sorgente attraversa in una vasca di cemento il fabbricato per poi gettarsi nel fosso che origina la Valle dei Mulini.<\/p>\n<p><strong>Le Ville Napoleoniche<\/strong><\/p>\n<p>Napoleone scelse due residenze, entrambe a Portoferraio.<\/p>\n<p>Villa dei Mulini: Residenza ufficiale di Napoleone Bonaparte, nella parte alta del centro storico di Portoferraio tra il Forte Stella e il Forte Falcone. L\u2019edificio, preesistente a Napoleone, assunse il nome di Villa dei Mulini per il fatto che in origine vi fossero quattro mulini fatti costruire per la zona particolarmente ventilata e indispensabili per il fabbisogno di una piazzaforte. Napoleone fece ristrutturare l\u2019edificio ampliandolo di un piano per renderlo pi\u00f9 idoneo alla convivenza con sua moglie che mai per\u00f2 lo raggiunse. Convisse per cui con la sorella Paolina e con la madre Letizia. Largo spazio venne concesso al salone dei ricevimenti, dove Napoleone amava circondarsi costantemente dei suoi ospiti. Sontuosamente arredata e decorata, la villa fu arricchita anche con un giardino molto curato dal quale si gode una vista splendida.<\/p>\n<p>Villa San Martino: Questa villa si trova immersa in una verde vallata molto fresca appena fuori Portoferraio, ad oggi il grande edificio in stile neoclassico non rispetta l\u2019aspetto originario che era invece molto modesto. Fu infatti ingrandita dal Principe Demidoff nel 1851 con l\u2019intento di aprirvi una collezione napoleonica.<\/p>\n<p>Scoperta da Napoleone durante una passeggiata a cavallo, la villa venne destinata a residenza estiva. Era composta da 8 ambienti su un unico piano con un seminterrato. La particolarit\u00e0 di questa residenza stava nelle splendide e sgargianti decorazioni realizzate dal Ravelli, tra le quali spiccano quelle della sala egizia \u2013 sala da pranzo \u2013 voluta da Napoleone per ricordare i fasti della campagna in Egitto.<\/p>\n<p><strong>Degustazioni<\/strong><\/p>\n<p>Molte sono le opportunit\u00e0 che vengono offerte per assaporare i prodotti tipici dell\u2019Isola d\u2019Elba.<\/p>\n<p>La produzione di vini \u00e8 di significativa qualit\u00e0, certificata con il marchio DOP, propone una gamma sempre pi\u00f9 importante che annovera al suo interno l\u2019Elba Bianco, l\u2019Elba Rosso, l\u2019Aleatico e molti altri. Si possono visitare aziende vinicole, si pu\u00f2 prendere parte a degustazioni in enoteche molto caratteristiche come l\u2019Enoteca della Fortezza realizzata all\u2019interno delle Fortezze Medicee di Portoferraio.<\/p>\n<p>Molto interessante \u00e8 anche la possibilit\u00e0 di assaggiare l\u2019innovativa produzione di birra artigianale elbana, di ottima qualit\u00e0 e prodotta con estrema attenzione rivolta all\u2019utilizzo delle materie prime del territorio. La Birra Artigianale alle Castagne propone sapori davvero inconsueti che non deluderanno le aspettative anche dei pi\u00f9 esigenti.<\/p>\n<p>Numerose inoltre sono le attivit\u00e0 artigianali che propongono al turista ricercato i prodotti legati al territorio, miele, confetture, gelatine, realizzate esclusivamente con l\u2019elaborazione dei prodotti stagionali del territorio, mescolando ai preziosi sapori, antiche tradizioni e idee innovative.<\/p>\n<p>Tutto questo \u00e8 sicuramente una cornice di grande qualit\u00e0 alla rinomata cucina elbana. Di semplici origini, propone sempre piatti legati alla tradizione.<\/p>\n<p>Nell\u2019arco di tutto l\u2019anno vengono realizzate molte manifestazioni eno-gastronomiche che offrono l\u2019opportunit\u00e0 di gustare gli inconfondibili sapori di questa terra.<\/p>\n\n\t\t\n<style>\n#text-621622870 {\n  text-align: left;\n}\n<\/style>\n\t<\/div>\n\t\n\n\t\t<\/div>\n\t\t\t\t\t<\/div>\n\n\t\n\n\t<div id=\"col-1028120611\" class=\"col small-12 large-12\"  >\n\t\t\t\t<div class=\"col-inner\"  >\n\t\t\t\n\t\t\t\n\n<div class=\"is-divider divider clearfix\" style=\"margin-top:0px;margin-bottom:0px;max-width:100%;height:1px;\"><\/div>\n\n\t<div id=\"gap-2078567365\" class=\"gap-element clearfix\" style=\"display:block; height:auto;\">\n\t\t\n<style>\n#gap-2078567365 {\n  padding-top: 10px;\n}\n<\/style>\n\t<\/div>\n\t\n\n<div class=\"social-icons share-icons share-row relative full-width text-center icon-style-fill\" ><span class=\"share-icons-title\">Condividi:<\/span><a href=\"whatsapp:\/\/send?text=Cosa%20Fare%20Se%20Piove%20all%26%238217%3BIsola%20d%26%238217%3BElba - https:\/\/www.margheritaviaggi.com\/it\/cosa-fare\/se-piove\/\" data-action=\"share\/whatsapp\/share\" class=\"icon primary button circle tooltip whatsapp show-for-medium\" title=\"Condividi su WhatsApp\" aria-label=\"Condividi su WhatsApp\"><i class=\"icon-whatsapp\" aria-hidden=\"true\"><\/i><\/a><a href=\"https:\/\/www.facebook.com\/sharer.php?u=https:\/\/www.margheritaviaggi.com\/it\/cosa-fare\/se-piove\/\" data-label=\"Facebook\" onclick=\"window.open(this.href,this.title,'width=500,height=500,top=300px,left=300px'); return false;\" target=\"_blank\" class=\"icon primary button circle tooltip facebook\" title=\"Condividi su Facebook\" aria-label=\"Condividi su Facebook\" rel=\"noopener nofollow\"><i class=\"icon-facebook\" aria-hidden=\"true\"><\/i><\/a><a href=\"https:\/\/twitter.com\/share?url=https:\/\/www.margheritaviaggi.com\/it\/cosa-fare\/se-piove\/\" onclick=\"window.open(this.href,this.title,'width=500,height=500,top=300px,left=300px'); return false;\" target=\"_blank\" class=\"icon primary button circle tooltip twitter\" title=\"Condividi su Twitter\" aria-label=\"Condividi su Twitter\" rel=\"noopener nofollow\"><i class=\"icon-twitter\" aria-hidden=\"true\"><\/i><\/a><a href=\"mailto:?subject=Cosa%20Fare%20Se%20Piove%20all%26%238217%3BIsola%20d%26%238217%3BElba&body=Dai%20un%26%23039%3Bocchiata%3A%20https%3A%2F%2Fwww.margheritaviaggi.com%2Fit%2Fcosa-fare%2Fse-piove%2F\" class=\"icon primary button circle tooltip email\" title=\"Invia per email ad un Amico\" aria-label=\"Invia per email ad un Amico\" rel=\"nofollow\"><i class=\"icon-envelop\" aria-hidden=\"true\"><\/i><\/a><a href=\"https:\/\/pinterest.com\/pin\/create\/button?url=https:\/\/www.margheritaviaggi.com\/it\/cosa-fare\/se-piove\/&media&description=Cosa%20Fare%20Se%20Piove%20all%26%238217%3BIsola%20d%26%238217%3BElba\" onclick=\"window.open(this.href,this.title,'width=500,height=500,top=300px,left=300px'); return false;\" target=\"_blank\" class=\"icon primary button circle tooltip pinterest\" title=\"Pin su Pinterest\" aria-label=\"Pin su Pinterest\" rel=\"noopener nofollow\"><i class=\"icon-pinterest\" aria-hidden=\"true\"><\/i><\/a><a href=\"https:\/\/www.linkedin.com\/shareArticle?mini=true&url=https:\/\/www.margheritaviaggi.com\/it\/cosa-fare\/se-piove\/&title=Cosa%20Fare%20Se%20Piove%20all%26%238217%3BIsola%20d%26%238217%3BElba\" onclick=\"window.open(this.href,this.title,'width=500,height=500,top=300px,left=300px'); return false;\" target=\"_blank\" class=\"icon primary button circle tooltip linkedin\" title=\"Condividi su LinkedIn\" aria-label=\"Condividi su LinkedIn\" rel=\"noopener nofollow\"><i class=\"icon-linkedin\" aria-hidden=\"true\"><\/i><\/a><\/div>\n\n<div class=\"is-divider divider clearfix\" style=\"margin-top:0px;margin-bottom:0px;max-width:100%;height:1px;\"><\/div>\n\n\n\t\t<\/div>\n\t\t\t\t\t<\/div>\n\n\t\n\n<\/div>\n\n","protected":false},"excerpt":{"rendered":"","protected":false},"author":1,"featured_media":0,"parent":9556,"menu_order":41,"comment_status":"closed","ping_status":"closed","template":"page-blank.php","meta":{"_joinchat":[],"footnotes":""},"class_list":["post-10081","page","type-page","status-publish","hentry"],"aioseo_notices":[],"_links":{"self":[{"href":"https:\/\/www.margheritaviaggi.com\/it\/wp-json\/wp\/v2\/pages\/10081","targetHints":{"allow":["GET"]}}],"collection":[{"href":"https:\/\/www.margheritaviaggi.com\/it\/wp-json\/wp\/v2\/pages"}],"about":[{"href":"https:\/\/www.margheritaviaggi.com\/it\/wp-json\/wp\/v2\/types\/page"}],"author":[{"embeddable":true,"href":"https:\/\/www.margheritaviaggi.com\/it\/wp-json\/wp\/v2\/users\/1"}],"replies":[{"embeddable":true,"href":"https:\/\/www.margheritaviaggi.com\/it\/wp-json\/wp\/v2\/comments?post=10081"}],"version-history":[{"count":8,"href":"https:\/\/www.margheritaviaggi.com\/it\/wp-json\/wp\/v2\/pages\/10081\/revisions"}],"predecessor-version":[{"id":49022,"href":"https:\/\/www.margheritaviaggi.com\/it\/wp-json\/wp\/v2\/pages\/10081\/revisions\/49022"}],"up":[{"embeddable":true,"href":"https:\/\/www.margheritaviaggi.com\/it\/wp-json\/wp\/v2\/pages\/9556"}],"wp:attachment":[{"href":"https:\/\/www.margheritaviaggi.com\/it\/wp-json\/wp\/v2\/media?parent=10081"}],"curies":[{"name":"wp","href":"https:\/\/api.w.org\/{rel}","templated":true}]}}