{"id":10077,"date":"2015-05-07T08:04:43","date_gmt":"2015-05-07T08:04:43","guid":{"rendered":"https:\/\/www.margheritaviaggi.com\/?page_id=10077"},"modified":"2024-03-27T22:59:49","modified_gmt":"2024-03-27T22:59:49","slug":"di-giorno","status":"publish","type":"page","link":"https:\/\/www.margheritaviaggi.com\/it\/cosa-fare\/di-giorno\/","title":{"rendered":"Cosa Fare di Di Giorno all&#8217;Isola d&#8217;Elba"},"content":{"rendered":"\n\n\t<section class=\"section hide-for-small\" id=\"section_1503217273\">\n\t\t<div class=\"section-bg fill\" >\n\t\t\t\t\t\t\t\t\t\n\t\t\t\n\n\t\t<\/div>\n\n\t\t\n\n\t\t<div class=\"section-content relative\">\n\t\t\t\n\n\t<div id=\"gap-98457582\" class=\"gap-element clearfix\" style=\"display:block; height:auto;\">\n\t\t\n<style>\n#gap-98457582 {\n  padding-top: 15px;\n}\n<\/style>\n\t<\/div>\n\t\n\n<div class=\"row\"  id=\"row-1967894590\">\n\n\n\t<div id=\"col-467878468\" class=\"col small-12 large-12\"  >\n\t\t\t\t<div class=\"col-inner\"  >\n\t\t\t\n\t\t\t\n\n\t<div id=\"text-3371890698\" class=\"text\">\n\t\t\n\n<p style=\"margin-bottom: 0px;\"><a href=\"\/\" style=\"color: #949494;\">Home<\/a> <a href=\"\/it\/cosa-fare\/\" style=\"color: #949494;\">&gt;  Cosa fare<\/a> &gt; Cosa Fare di Di Giorno all\u2019Isola d\u2019Elba<\/p>\n\t\t\n<style>\n#text-3371890698 {\n  font-size: 0.9rem;\n  color: rgb(0, 189, 233);\n}\n#text-3371890698 > * {\n  color: rgb(0, 189, 233);\n}\n<\/style>\n\t<\/div>\n\t\n\n\t\t<\/div>\n\t\t\t\t\n<style>\n#col-467878468 > .col-inner {\n  margin: 0px 0px -20px 0px;\n}\n<\/style>\n\t<\/div>\n\n\t\n\n<\/div>\n\n\t\t<\/div>\n\n\t\t\n<style>\n#section_1503217273 {\n  padding-top: 0px;\n  padding-bottom: 0px;\n  background-color: rgb(244, 244, 245);\n}\n<\/style>\n\t<\/section>\n\t\n\n\t<section class=\"section\" id=\"section_1567632847\">\n\t\t<div class=\"section-bg fill\" >\n\t\t\t\t\t\t\t\t\t\n\t\t\t\n\n\t\t<\/div>\n\n\t\t\n\n\t\t<div class=\"section-content relative\">\n\t\t\t\n\n\t<div id=\"gap-1107682493\" class=\"gap-element clearfix\" style=\"display:block; height:auto;\">\n\t\t\n<style>\n#gap-1107682493 {\n  padding-top: 5px;\n}\n<\/style>\n\t<\/div>\n\t\n\n<div class=\"row\"  id=\"row-1099943823\">\n\n\n\t<div id=\"col-1168198257\" class=\"col small-12 large-12\"  >\n\t\t\t\t<div class=\"col-inner\"  >\n\t\t\t\n\t\t\t\n\n\t<div id=\"text-1109354465\" class=\"text\">\n\t\t\n\n<p style=\"margin-bottom: 0px;\"><strong>Cosa Fare di Di Giorno all\u2019Isola d\u2019Elba<br>\n<\/strong><\/p>\n\t\t\n<style>\n#text-1109354465 {\n  font-size: 1.5rem;\n  color: rgb(255, 255, 255);\n}\n#text-1109354465 > * {\n  color: rgb(255, 255, 255);\n}\n@media (min-width:550px) {\n  #text-1109354465 {\n    font-size: 2rem;\n  }\n}\n<\/style>\n\t<\/div>\n\t\n\n\t\t<\/div>\n\t\t\t\t\n<style>\n#col-1168198257 > .col-inner {\n  margin: 0px 0px -25px 0px;\n}\n<\/style>\n\t<\/div>\n\n\t\n\n<\/div>\n\n\t\t<\/div>\n\n\t\t\n<style>\n#section_1567632847 {\n  padding-top: 0px;\n  padding-bottom: 0px;\n  background-color: rgb(5, 18, 27);\n}\n<\/style>\n\t<\/section>\n\t\n<div class=\"row\"  id=\"row-813538499\">\n\n\n\t<div id=\"col-1740711753\" class=\"col small-12 large-12\"  >\n\t\t\t\t<div class=\"col-inner text-center\"  >\n\t\t\t\n\t\t\t\n\n\t<div id=\"text-1888342255\" class=\"text\">\n\t\t\n\n<p><strong>Scalare il Monte Capanne<\/strong><\/p>\n<p>Se vi trovate in <u><strong>vacanza in <a href=\"\/it\/marina-di-campo\/appartamenti\/\">appartamento a Marina di Campo<\/a><\/strong><\/u>, potrete raggiungere in poche decine di minuti la montagna pi\u00f9 alta dell\u2019intero Arcipelago. Con i suoi 1019 m la vetta del Monte Capanne regala al visitatore un panorama incredibile. Raggiungibile a piedi con un trekking impegnativo, \u00e8 per\u00f2 comodamente visitabile grazie alla Cabinovia che dal Piazzale ai piedi dell\u2019abitato di Marciana porta in pochissimo tempo sulla cima. Scegliendo una giornata soleggiata e di aria tersa, si vedr\u00e0 con i propri occhi com\u2019\u00e8 fatta interamente l\u2019isola e lo sguardo spazier\u00e0 fino a toccare tutte le isole dell\u2019Arcipelago, la costa toscana e la Corsica.<\/p>\n<p><strong>Visitare le Miniere di Capoliveri<\/strong><\/p>\n<p>Partendo dalla visita al Museo della Vecchia Officina, struttura nata negli edifici originari dove veniva effettuata la lavorazione del ferro, che ripropone la storia antichissima del prezioso minerale e degli uomini che lo lavoravano, si prosegue in un viaggio ricco di emozione. Attraversando parte del promontorio del Monte Calamita a bordo di minibus si raggiunge la Galleria sotterranea del Ginevro, vero e proprio sito di archeologia industriale in un ambiente affascinante che propone, attraverso un percorso guidato, la storia delle varie tecniche di estrazione della Magnetite, e la scoperta del mondo dei minatori.<\/p>\n<p><strong>Fare una gita in barca<\/strong><\/p>\n<p>Passare una giornata a bordo di una barca \u00e8 sicuramente un\u2019esperienza imperdibile. Un\u2019occasione unica per visitare baie, spiaggette, grotte non raggiungibili da terra e godersi bagni esclusivi e lontano dal caos delle spiagge. Una vera giornata di totale relax immersi nel blu e vissuta in completa armonia con la natura.<\/p>\n<p>Si possono scegliere varie formule per godersi appieno un\u2019esperienza simile: itinerari, durata e il tipo di mezzo.<\/p>\n<p>Il porto di Marina di Campo \u00e8 uno dei punti di partenza delle gite in barca: esperienze emozionanti tanto per le giovani coppie che hanno affittato un <u><a href=\"\/it\/marina-di-campo\/appartamenti\/monolocali\/\">monolocale<\/a><\/u> quanto per le famiglie con bambini che sono in vacanza in una <u><a href=\"\/it\/marina-di-campo\/appartamenti\/ville\/\">villetta<\/a><\/u>.<\/p>\n<p><strong>Scoprire il castello del Volterraio<\/strong><\/p>\n<p>Raggiungibile con un percorso a piedi di circa un\u2019ora, che parte dalla strada provinciale del Volterraio, l\u2019inespugnato castello del Volterraio si manifesta in tutta la sua straordinaria bellezza. Costruito in cima ad una rupe che domina la rada di Portoferraio, assecondando perfettamente le forme della roccia \u00e8 un vero capolavoro di architettura militare. Fortezza etrusca, poi romana, venne ricostruito ed ampliato dai Pisani su progetto dell\u2019architetto Vanni di Gherardo Rau. L\u2019origine del suo nome deriva dal nome dello stesso progettista o, con pi\u00f9 probabilit\u00e0, dal latino \u201cvultur\u201d, avvoltoio, animale molto comune all\u2019epoca che nidifica sulle rupi. E\u2019 proprio la sua particolare posizione arroccata come un nido d\u2019avvoltoio su aspri dirupi che ha garantito la sua inespugnabilit\u00e0. Grazie ad ulteriori opere di rafforzamento effettuate dagli Appiani del XV secolo, riusc\u00ec a resistere agli attacchi dei turchi prima e in seguito a quelli del terribile pirata Dragut.<\/p>\n<p><strong>Visitare il parco minerario di Rio Marina<\/strong><\/p>\n<p>Proprio dal centro storico del paese di Rio Marina parte un percorso molto interessante e particolare. E\u2019 all\u2019interno del Palazzo del Bur\u00f2, infatti, che \u00e8 stato creato il Museo Mineralogico, una tra le pi\u00f9 importanti collezioni di minerali che oltre a straordinari campioni mette in luce anche il mondo dei minatori attraverso la fedele ricostruzione degli ambienti delle miniere realizzato con materiali e macchinari originali.<\/p>\n<p>Ma questo \u00e8 solo l\u2019inizio. Il Parco Minerario infatti \u00e8 un vero e proprio percorso di recupero e valorizzazione delle ex aree minerarie. Dopo la visita al museo \u00e8 possibile effettuare delle escursioni sia a piedi sia a bordo di un trenino, accompagnati da esperte guide ambientali alla scoperta dei principali cantieri delle miniere.<\/p>\n<p><strong>Il promontorio di calamita<\/strong><\/p>\n<p>Il promontorio di Calamita oggi \u00e8 una delle aree pi\u00f9 selvagge e suggestive di tutta l&#8217;isola, con spiagge assolate, sentieri panoramici e le uniche miniere sotterranee di tutta l&#8217;isola d&#8217;Elba, visitabili accompagnati dalle guide locali.<br>Qui ha sede anche il Capoliveri Bike Park, pi\u00f9 di 100 km di sentieri e strade spettacolari ed interscambiabili tra loro da percorrere in bici oppure a piedi.<\/p>\n<p>Il promontorio deve il proprio nome al giacimento di magnetite di queste miniere&nbsp; che \u00e8 il pi\u00f9 grande d&#8217;Europa!<br>Sul promontorio \u00e8 presente un museo delle miniere, dove viene raccontata la storia, la vita e le tradizioni dei cavatori del Monte Calamita.<br>Le sale riproducono infatti alcuni ambienti tipici di una miniera: l&#8217;officina meccanica, gli attrezzi di lavoro, l&#8217;infermiera, gli uffici e l&#8217;archivio, con i documenti, i registri degli infortuni e le cartografie antiche.<\/p>\n<p>Dal museo, con il bus navetta, \u00e8 possibile raggiungere i cantieri della miniera del Ginevro accompagnati dalle guide.<br>Arrivati alla miniera \u00e8 possibile ammirare le gigantesche strutture di ferro del grande cantiere dove venivano estratti diversi minerali.<\/p>\n<p>Ginevro \u00e8 l&#8217;unica miniera elbana in cui \u00e8 stata intrapresa un&#8217;escavazione interna attraverso gallerie che partendo da +6 metri si sono sviluppate su diversi livelli fino a raggiungere i 54 metri sotto il livello del mare. Attualmente \u00e8 possibile effettuare diverse escursioni e visite guidate fino a -24 metri sotto il livello del mare.<\/p>\n<p><strong>Monte Capanne<\/strong><\/p>\n<p>Lo sapevi che il Monte Capanne, con i suoi 1019 metri di altezza, \u00e8 la vetta pi\u00f9 alta dell&#8217;Arcipelago Toscano?<br>Posizionato nella parte occidentale dell&#8217;Isola d&#8217;Elba, \u00e8 un paradiso per gli amanti del trekking e del bird watching: dai numerosi sentieri che lo percorrono \u00e8 possibile ammirare varie forme endemiche, orchidee di rara bellezza, profumatissime fioriture e nello stesso tempo contemplare scorci panoramici di grande effetto.<br>La zona alle pendici del Monte Capanne, \u00e8 caratterizzata da macchia mediterranea e grandi rocce granitiche; salendo si incontrano invece boschi di lecci e castagni che si diradano verso la vetta. Con un po&#8217; d&#8217;attenzione e di fortuna si possono osservare isolati branchi di mufloni o il maestoso volo di qualche splendido rapace.<br>Per raggiungere la vetta del Monte Capanne, oltre ai numerosi sentieri, vi \u00e8 una cabinovia biposto che parte da Marciana, aperta nel periodo estivo. In pochi minuti si pu\u00f2 raggiungere la cima del massiccio, godendo di un panorama unico!<br>In una giornata particolarmente limpida, dalla vetta potrete vedere tutta l&#8217;Elba e ben oltre propri piedi tutta l&#8217;Isola d&#8217;Elba, godrete di una vista mozzafiato anche su tutte le altre isole dell&#8217;arcipelago: Pianosa, Capraia, Montecristo, Gorgona e persino la Corsica.<\/p>\n\t\t\n<style>\n#text-1888342255 {\n  text-align: left;\n}\n<\/style>\n\t<\/div>\n\t\n\n\t\t<\/div>\n\t\t\t\t\t<\/div>\n\n\t\n\n\t<div id=\"col-1554216818\" class=\"col small-12 large-12\"  >\n\t\t\t\t<div class=\"col-inner\"  >\n\t\t\t\n\t\t\t\n\n<div class=\"is-divider divider clearfix\" style=\"margin-top:0px;margin-bottom:0px;max-width:100%;height:1px;\"><\/div>\n\n\t<div id=\"gap-886799770\" class=\"gap-element clearfix\" style=\"display:block; height:auto;\">\n\t\t\n<style>\n#gap-886799770 {\n  padding-top: 10px;\n}\n<\/style>\n\t<\/div>\n\t\n\n<div class=\"social-icons share-icons share-row relative full-width text-center icon-style-fill\" ><span class=\"share-icons-title\">Condividi:<\/span><a href=\"whatsapp:\/\/send?text=Cosa%20Fare%20di%20Di%20Giorno%20all%26%238217%3BIsola%20d%26%238217%3BElba - https:\/\/www.margheritaviaggi.com\/it\/cosa-fare\/di-giorno\/\" data-action=\"share\/whatsapp\/share\" class=\"icon primary button circle tooltip whatsapp show-for-medium\" title=\"Condividi su WhatsApp\" aria-label=\"Condividi su WhatsApp\"><i class=\"icon-whatsapp\" aria-hidden=\"true\"><\/i><\/a><a href=\"https:\/\/www.facebook.com\/sharer.php?u=https:\/\/www.margheritaviaggi.com\/it\/cosa-fare\/di-giorno\/\" data-label=\"Facebook\" onclick=\"window.open(this.href,this.title,'width=500,height=500,top=300px,left=300px'); return false;\" target=\"_blank\" class=\"icon primary button circle tooltip facebook\" title=\"Condividi su Facebook\" aria-label=\"Condividi su Facebook\" rel=\"noopener nofollow\"><i class=\"icon-facebook\" aria-hidden=\"true\"><\/i><\/a><a href=\"https:\/\/twitter.com\/share?url=https:\/\/www.margheritaviaggi.com\/it\/cosa-fare\/di-giorno\/\" onclick=\"window.open(this.href,this.title,'width=500,height=500,top=300px,left=300px'); return false;\" target=\"_blank\" class=\"icon primary button circle tooltip twitter\" title=\"Condividi su Twitter\" aria-label=\"Condividi su Twitter\" rel=\"noopener nofollow\"><i class=\"icon-twitter\" aria-hidden=\"true\"><\/i><\/a><a href=\"mailto:?subject=Cosa%20Fare%20di%20Di%20Giorno%20all%26%238217%3BIsola%20d%26%238217%3BElba&body=Dai%20un%26%23039%3Bocchiata%3A%20https%3A%2F%2Fwww.margheritaviaggi.com%2Fit%2Fcosa-fare%2Fdi-giorno%2F\" class=\"icon primary button circle tooltip email\" title=\"Invia per email ad un Amico\" aria-label=\"Invia per email ad un Amico\" rel=\"nofollow\"><i class=\"icon-envelop\" aria-hidden=\"true\"><\/i><\/a><a href=\"https:\/\/pinterest.com\/pin\/create\/button?url=https:\/\/www.margheritaviaggi.com\/it\/cosa-fare\/di-giorno\/&media&description=Cosa%20Fare%20di%20Di%20Giorno%20all%26%238217%3BIsola%20d%26%238217%3BElba\" onclick=\"window.open(this.href,this.title,'width=500,height=500,top=300px,left=300px'); return false;\" target=\"_blank\" class=\"icon primary button circle tooltip pinterest\" title=\"Pin su Pinterest\" aria-label=\"Pin su Pinterest\" rel=\"noopener nofollow\"><i class=\"icon-pinterest\" aria-hidden=\"true\"><\/i><\/a><a href=\"https:\/\/www.linkedin.com\/shareArticle?mini=true&url=https:\/\/www.margheritaviaggi.com\/it\/cosa-fare\/di-giorno\/&title=Cosa%20Fare%20di%20Di%20Giorno%20all%26%238217%3BIsola%20d%26%238217%3BElba\" onclick=\"window.open(this.href,this.title,'width=500,height=500,top=300px,left=300px'); return false;\" target=\"_blank\" class=\"icon primary button circle tooltip linkedin\" title=\"Condividi su LinkedIn\" aria-label=\"Condividi su LinkedIn\" rel=\"noopener nofollow\"><i class=\"icon-linkedin\" aria-hidden=\"true\"><\/i><\/a><\/div>\n\n<div class=\"is-divider divider clearfix\" style=\"margin-top:0px;margin-bottom:0px;max-width:100%;height:1px;\"><\/div>\n\n\n\t\t<\/div>\n\t\t\t\t\t<\/div>\n\n\t\n\n<\/div>\n","protected":false},"excerpt":{"rendered":"","protected":false},"author":1,"featured_media":0,"parent":9556,"menu_order":39,"comment_status":"closed","ping_status":"closed","template":"page-blank.php","meta":{"_joinchat":[],"footnotes":""},"class_list":["post-10077","page","type-page","status-publish","hentry"],"aioseo_notices":[],"_links":{"self":[{"href":"https:\/\/www.margheritaviaggi.com\/it\/wp-json\/wp\/v2\/pages\/10077","targetHints":{"allow":["GET"]}}],"collection":[{"href":"https:\/\/www.margheritaviaggi.com\/it\/wp-json\/wp\/v2\/pages"}],"about":[{"href":"https:\/\/www.margheritaviaggi.com\/it\/wp-json\/wp\/v2\/types\/page"}],"author":[{"embeddable":true,"href":"https:\/\/www.margheritaviaggi.com\/it\/wp-json\/wp\/v2\/users\/1"}],"replies":[{"embeddable":true,"href":"https:\/\/www.margheritaviaggi.com\/it\/wp-json\/wp\/v2\/comments?post=10077"}],"version-history":[{"count":12,"href":"https:\/\/www.margheritaviaggi.com\/it\/wp-json\/wp\/v2\/pages\/10077\/revisions"}],"predecessor-version":[{"id":49011,"href":"https:\/\/www.margheritaviaggi.com\/it\/wp-json\/wp\/v2\/pages\/10077\/revisions\/49011"}],"up":[{"embeddable":true,"href":"https:\/\/www.margheritaviaggi.com\/it\/wp-json\/wp\/v2\/pages\/9556"}],"wp:attachment":[{"href":"https:\/\/www.margheritaviaggi.com\/it\/wp-json\/wp\/v2\/media?parent=10077"}],"curies":[{"name":"wp","href":"https:\/\/api.w.org\/{rel}","templated":true}]}}