{"id":50212,"date":"2020-06-06T16:08:09","date_gmt":"2020-06-06T16:08:09","guid":{"rendered":"https:\/\/mv.comcart.it\/escursioni-giornaliere-allisola-delba\/"},"modified":"2025-11-02T10:46:05","modified_gmt":"2025-11-02T10:46:05","slug":"escursioni-giornaliere-allisola-delba","status":"publish","type":"page","link":"https:\/\/www.margheritaviaggi.com\/de\/escursioni-giornaliere-allisola-delba\/","title":{"rendered":"Escursioni giornaliere all&#8217;Isola d&#8217;Elba."},"content":{"rendered":"\n\n\t<section class=\"section hide-for-small\" id=\"section_1333948769\">\n\t\t<div class=\"section-bg fill\" >\n\t\t\t\t\t\t\t\t\t\n\t\t\t\n\n\t\t<\/div>\n\n\t\t\n\n\t\t<div class=\"section-content relative\">\n\t\t\t\n\n\t<div id=\"gap-1133899413\" class=\"gap-element clearfix\" style=\"display:block; height:auto;\">\n\t\t\n<style>\n#gap-1133899413 {\n  padding-top: 15px;\n}\n<\/style>\n\t<\/div>\n\t\n\n<div class=\"row\"  id=\"row-1808413378\">\n\n\n\t<div id=\"col-1253963962\" class=\"col small-12 large-12\"  >\n\t\t\t\t<div class=\"col-inner\"  >\n\t\t\t\n\t\t\t\n\n\t<div id=\"text-2235074978\" class=\"text\">\n\t\t\n\n<br><p style=\"margin-bottom: 0px;\"><a href=\"\/de\/\" style=\"color: #949494;\">Home<\/a> &gt; Escursioni giornaliere all\u2019Isola d\u2019Elba.<\/p><br><br>\n\n\t\t\n<style>\n#text-2235074978 {\n  font-size: 0.9rem;\n  color: rgb(0, 189, 233);\n}\n#text-2235074978 > * {\n  color: rgb(0, 189, 233);\n}\n<\/style>\n\t<\/div>\n\t\n\n\t\t<\/div>\n\t\t\t\t\n<style>\n#col-1253963962 > .col-inner {\n  margin: 0px 0px -20px 0px;\n}\n<\/style>\n\t<\/div>\n\n\t\n\n<\/div>\n\n\t\t<\/div>\n\n\t\t\n<style>\n#section_1333948769 {\n  padding-top: 0px;\n  padding-bottom: 0px;\n  background-color: rgb(244, 244, 245);\n}\n<\/style>\n\t<\/section>\n\t\n<div class=\"row\"  id=\"row-788280472\">\n\n\n\t<div id=\"col-48153596\" class=\"col small-12 large-12\"  >\n\t\t\t\t<div class=\"col-inner\"  >\n\t\t\t\n\t\t\t\n\n\t<div id=\"text-979075862\" class=\"text\">\n\t\t\n\n<br><h1>Escursioni giornaliere all\u2019Isola d\u2019Elba.<\/h1><br><br>\n\n\t\t\n<style>\n#text-979075862 {\n  text-align: center;\n}\n<\/style>\n\t<\/div>\n\t\n\t<div id=\"gap-1269783922\" class=\"gap-element clearfix\" style=\"display:block; height:auto;\">\n\t\t\n<style>\n#gap-1269783922 {\n  padding-top: 15px;\n}\n<\/style>\n\t<\/div>\n\t<br><br><h3><strong>Di seguito una serie di attivit\u00e0 escursionistiche che si possono fare nell\u2019arco di una giornata all\u2019isola d\u2019Elba.<\/strong><\/h3><br><p><strong>Il Parco minerario di Rio Marina<\/strong><br>E&#8216; nato per conservare e valorizzare ci\u00f2 che resta di quasi tre millenni di cultura segnata dall\u2019estrazione del minerale di ferro e dal lavoro dell\u2019uomo. Oggi il Parco Minerario di Rio Marina, offre la possibilit\u00e0 di essere visitato, dove potrete ammirare i suggestivi cantieri minerari, che ricordano quasi Marte per la sua conformazione e colore. La visita inizia al Museo Minerario situato nel centro storico di Rio Marina, per poi proseguire nel cuore della miniera a cielo aperto, dove a bordo di un caratteristico trenino sarete accompagnati dalle guide turistiche della miniera. Potrete passeggiare lungo i sentieri minerari e durante le visite potrete fotografare il caratteristico e singolare paesaggio. Durante le soste \u00e8 possibile inoltre scavare e ricercare campioni di minerale che potrete aggiungere alla vostra collezione. <u><a href=\"https:\/\/parcominelba.it\/\">https:\/\/parcominelba.it\/<\/a><\/u><\/p><br><p><strong>Cabinovia del Monte Capanne<\/strong><br>Lungo la strada provinciale che collega il paese di Poggio al paese di Marciana in localit\u00e0 Pozzatello di fronte al bivio per svoltare per Marciana Marina, \u00e8 situato il grande parcheggio della Cabinovia del Monte Capanne, dove potrete posteggiare l\u2019auto e recarvi alla biglietteria. Nel punto di imbarco situato a 375 metri \u00e8 presente un Bar ed un Ristorante con Pizzeria con una terrazza esterna attrezzata. Salendo sulla cabinovia che pu\u00f2 ospitare al massimo due persone adulte con uno o due bambini piccoli potrete raggiungere la vetta panoramica del Monte Capanne in circa 20 minuti raggiungendo il rifugio dove \u00e8 presente anche il bar all\u2019altezza di 950 metri s.l.m e godervi la meravigliosa vista dell\u2019isola dall\u2019alto.<\/p><br><p><strong>Giro Isola<\/strong><br>La motonave Magic Princess parte da Marina di Campo in direzione est per costeggiare tutta la costa. Durante la mini crociera potrete ammirare la meravigliosa costa dell&#8217;Elba e le sue belle spiagge, cale e insenature selvagge, grotte marine e con un po&#8216; di fortuna potrete avvistare delfini, tartarughe marine e balenottere. La gita comprende sosta per fare il bagno e snorkeling ed a bordo avrete la possibilit\u00e0 di pranzare o bere qualcosa di fresco. Informazioni e prenotazioni: Rosita: cell. 328.2123795<\/p><br><p><strong>Gita a Pianosa<\/strong><br>Per visitare l\u2019isola di Pianosa \u00e8 possibile imbarcarsi dai porti di Marina di Campo, Marciana Marina e Porto Azzurro. Le visite sono a numero chiuso e sono guidate ed a pagamento, pertanto \u00e8 necessario prenotare la gita presso l&#8217;ufficio Aquavision a Marina di Campo . Una volta giunti a Pianosa potrete visitare le catacombe cristiane, risalenti al III secolo d.C., i resti dei bagni e della villa romana di Postumo Agrippa oltre ad una parte dell\u2019ex colonia carceraria che \u00e8 stata attiva a Pianosa dal 1858 fino al 1998. Tra le attivit\u00e0 potrete fare escursioni a piedi o in bicicletta e giungere fino alle bellezze naturali che Pianosa offre con le sue cale caraibiche, come la splendida Cala Giovanna ed il Porto Romano. Potrete visitare i due isolotti della Scola e della Scarpa e magari avventurarvi facendo un\u2019escursione in kayak circumnavigando la costa dell\u2019isola. Per chi volesse fare il bagno potr\u00e0 trascorrere una bella giornata di mare presso Cala Giovanna situata a pochi passi dal porticciolo di attracco. Per prenotazioni ufficio Aquavision telefono: 0565.976022 &#8211; Mobile: 328.7095470 e-mail: info@aquavision.it <u><a href=\"http:\/\/www.aquavision.it\/pianosa.html\">http:\/\/www.aquavision.it\/pianosa.html<\/a><\/u><\/p><br><p><strong>Relitto Elviscott a Pomonte<\/strong><br>Pomonte \u00e8 una localit\u00e0 turistica rinomata anche per la presenza di un relitto che giace nel fondale del suo mare a pochi metri dalla riva. Nel 1972 una nave mercantile lunga 65 metri affond\u00f2 a causa di una violenta mareggiata che la port\u00f2 in collisione contro lo scoglio dell\u2019Ogliera. In un primo momento la nave era visibile anche da terra, perch\u00e9 era rimasta intrappolata tra gli scogli, ma a seguito delle mareggiate affondo definitivamente. Oggi il relitto dell\u2019imbarcazione mercantile Elviscott, giace ad una profondit\u00e0 di 10 metri e dopo vari anni trascorsi sotto al mare si \u00e8 creato al suo interno un proprio micro-clima marino. \u00c8 una delle poche immersioni che all\u2019Elba si possono fare partendo direttamente da terra, senza aver bisogno di un\u2019imbarcazione, infatti si trova adiacente allo scoglio dell\u2019Ogliera che dista circa 150 metri dalla spiaggia del quartiere di Pomonte. Per chi volesse godersi lo spettacolo dell\u2019immersione sono indispensabili maschera e pinne. Per visitare l\u2019interno del relitto \u00e8 invece necessario essere subacquei esperti, dove potrete ammirare la sala macchine, la cucina ed osservare tra le lamiere del relitto saraghi, polpi e gronghi che hanno fatto del relitto il loro habitat naturale.<\/p><br><p><strong>Miniere di Calamita<\/strong><br>Il Monte Calamita si trova nel comune di Capoliveri da dove domina la Costa dei Gabbiani sul versante sud-est dell\u2019isola d\u2019Elba. Il nome di calamita, si deve alla presenza della magnetite, un minerale di ferro di cui \u00e8 ricca la zona e che veniva estratto in questo luogo sin dai tempi antichi. Dopo la chiusura delle attivit\u00e0 estrattive, oggi la Galleria del Ginevro \u00e8 stata riaperta al pubblico e permette di essere visitata con un\u2019escursione guidata da guide esperte. La miniera del Ginevro \u00e8 l\u2019unica miniera sotterranea dell\u2019Elba, dove durante la visita potrete ammirare gli attrezzi che venivano utilizzati durante la lavorazione dei minatori e le vecchie stazioni minerarie. Durante la visita potrete ammirare anche il Museo della Vecchia Officina, situato poche decine di metri sopra il cantiere del Vallone. Durante la visita al Museo della Vecchia Officina, potrete visitare gli ambienti dei minatori, come gli spogliatoi, gli uffici, l\u2019infermeria ed una officina completamente attrezzata. Sul piazzale esterno antistante il museo, sono situati numerosi mezzi meccanici e strumenti di lavoro, che documentano l\u2019intensa attivit\u00e0 estrattiva della miniera. <u><a href=\"https:\/\/www.minieredicalamita.it\/\">https:\/\/www.minieredicalamita.it\/<\/a><\/u><\/p>\n\n\n\t\t<\/div>\n\t\t\t\t\t<\/div>\n\n\t\n\n<\/div>\n","protected":false},"excerpt":{"rendered":"","protected":false},"author":1,"featured_media":0,"parent":0,"menu_order":5,"comment_status":"closed","ping_status":"closed","template":"page-blank.php","meta":{"_joinchat":[],"footnotes":""},"class_list":["post-50212","page","type-page","status-publish","hentry"],"aioseo_notices":[],"_links":{"self":[{"href":"https:\/\/www.margheritaviaggi.com\/de\/wp-json\/wp\/v2\/pages\/50212","targetHints":{"allow":["GET"]}}],"collection":[{"href":"https:\/\/www.margheritaviaggi.com\/de\/wp-json\/wp\/v2\/pages"}],"about":[{"href":"https:\/\/www.margheritaviaggi.com\/de\/wp-json\/wp\/v2\/types\/page"}],"author":[{"embeddable":true,"href":"https:\/\/www.margheritaviaggi.com\/de\/wp-json\/wp\/v2\/users\/1"}],"replies":[{"embeddable":true,"href":"https:\/\/www.margheritaviaggi.com\/de\/wp-json\/wp\/v2\/comments?post=50212"}],"version-history":[{"count":2,"href":"https:\/\/www.margheritaviaggi.com\/de\/wp-json\/wp\/v2\/pages\/50212\/revisions"}],"predecessor-version":[{"id":51222,"href":"https:\/\/www.margheritaviaggi.com\/de\/wp-json\/wp\/v2\/pages\/50212\/revisions\/51222"}],"wp:attachment":[{"href":"https:\/\/www.margheritaviaggi.com\/de\/wp-json\/wp\/v2\/media?parent=50212"}],"curies":[{"name":"wp","href":"https:\/\/api.w.org\/{rel}","templated":true}]}}