{"id":50100,"date":"2015-02-13T16:40:35","date_gmt":"2015-02-13T16:40:35","guid":{"rendered":"https:\/\/mv.comcart.it\/offerte-last-minute-isola-delba-e-marina-di-campo\/"},"modified":"2025-11-02T11:02:59","modified_gmt":"2025-11-02T11:02:59","slug":"offerte-last-minute-isola-delba-e-marina-di-campo","status":"publish","type":"page","link":"https:\/\/www.margheritaviaggi.com\/de\/offerte-last-minute-isola-delba-e-marina-di-campo\/","title":{"rendered":"Spezielle Angebote Elba"},"content":{"rendered":"\n\n\t<section class=\"section hide-for-small\" id=\"section_58219693\">\n\t\t<div class=\"section-bg fill\" >\n\t\t\t\t\t\t\t\t\t\n\t\t\t\n\n\t\t<\/div>\n\n\t\t\n\n\t\t<div class=\"section-content relative\">\n\t\t\t\n\n\t<div id=\"gap-1864189111\" class=\"gap-element clearfix\" style=\"display:block; height:auto;\">\n\t\t\n<style>\n#gap-1864189111 {\n  padding-top: 15px;\n}\n<\/style>\n\t<\/div>\n\t\n\n<div class=\"row\"  id=\"row-1328127130\">\n\n\n\t<div id=\"col-133161901\" class=\"col small-12 large-12\"  >\n\t\t\t\t<div class=\"col-inner\"  >\n\t\t\t\n\t\t\t\n\n\t<div id=\"text-333748408\" class=\"text\">\n\t\t\n\n<br><p style=\"margin-bottom: 0px;\"><a href=\"\/de\/\" style=\"color: #949494;\">Home<\/a> &gt; Offerte Last Minute Isola d\u2019Elba e Marina di Campo<\/p><br>\n\t\t\n<style>\n#text-333748408 {\n  font-size: 0.9rem;\n  color: rgb(0, 189, 233);\n}\n#text-333748408 > * {\n  color: rgb(0, 189, 233);\n}\n<\/style>\n\t<\/div>\n\t\n\n\t\t<\/div>\n\t\t\t\t\n<style>\n#col-133161901 > .col-inner {\n  margin: 0px 0px -20px 0px;\n}\n<\/style>\n\t<\/div>\n\n\t\n\n<\/div>\n\n\t\t<\/div>\n\n\t\t\n<style>\n#section_58219693 {\n  padding-top: 0px;\n  padding-bottom: 0px;\n  background-color: rgb(244, 244, 245);\n}\n<\/style>\n\t<\/section>\n\t\n<div class=\"row\"  id=\"row-561328627\">\n\n\n\t<div id=\"col-2068652198\" class=\"col small-12 large-12\"  >\n\t\t\t\t<div class=\"col-inner text-center\"  >\n\t\t\t\n\t\t\t\n\n\t<div id=\"text-3546087481\" class=\"text\">\n\t\t\n\n<br><h1>Offerte Last Minute Isola d\u2019Elba e Marina di Campo<br>\n<\/h1><br>\n\t\t\n<style>\n#text-3546087481 {\n  text-align: center;\n}\n<\/style>\n\t<\/div>\n\t\n\t<div id=\"gap-343734333\" class=\"gap-element clearfix\" style=\"display:block; height:auto;\">\n\t\t\n<style>\n#gap-343734333 {\n  padding-top: 15px;\n}\n<\/style>\n\t<\/div>\n\t\n\n\t<div id=\"text-3326181285\" class=\"text\">\n\t\t\n\n<br><p>In questa pagina aggiornata quotidianamente, puoi trovare tutte le nostre <strong>offerte, le promozioni ed i last minute, tante soluzioni a Marina di Campo, e su tutta l\u2019Isola d\u2019Elba con sconti dal 10 al 50%!<\/strong><\/p><br><p>Trovare la soluzione pi\u00f9 adatta \u00e8 semplice: per visualizzare le offerte \u00e8 sufficiente selezionare il periodo e la soluzione desiderati. Ad esempio seleziona il mese di agosto e i monolocali e bilocali: il sistema proporr\u00e0 tutte le strutture in offerta nel periodo desiderato.<\/p><br><p>\u00c8 possibile anche utilizzare il box <u>ricerca per strutture disponibili<\/u> in alto, inserendo le date ed il numero di partecipanti. Potrete visualizzare non solo gli <strong>appartamenti disponibili, ma anche vedere direttamente il preventivo con i prezzi e gli sconti<\/strong> applicati.<\/p><br><p><strong>Margherita Viaggi: i Migliori last minute all\u2019Isola d\u2019Elba.<\/strong><\/p><br>\n\t\t\n<style>\n#text-3326181285 {\n  text-align: left;\n}\n<\/style>\n\t<\/div>\n\t\n<a href=\"https:\/\/easyelba.com\/de\/einrichtungen\/\" class=\"button primary button-margherita-viaggi\" >\n\t\t<span>Scopri gli appartamenti!<\/span>\n\t<\/a>\n\n\n\n\t\t<\/div>\n\t\t\t\t\t<\/div>\n\n\t\n\n<\/div>\n","protected":false},"excerpt":{"rendered":"","protected":false},"author":1,"featured_media":0,"parent":0,"menu_order":66,"comment_status":"closed","ping_status":"closed","template":"page-blank.php","meta":{"_joinchat":[],"footnotes":""},"class_list":["post-50100","page","type-page","status-publish","hentry"],"aioseo_notices":[],"_links":{"self":[{"href":"https:\/\/www.margheritaviaggi.com\/de\/wp-json\/wp\/v2\/pages\/50100","targetHints":{"allow":["GET"]}}],"collection":[{"href":"https:\/\/www.margheritaviaggi.com\/de\/wp-json\/wp\/v2\/pages"}],"about":[{"href":"https:\/\/www.margheritaviaggi.com\/de\/wp-json\/wp\/v2\/types\/page"}],"author":[{"embeddable":true,"href":"https:\/\/www.margheritaviaggi.com\/de\/wp-json\/wp\/v2\/users\/1"}],"replies":[{"embeddable":true,"href":"https:\/\/www.margheritaviaggi.com\/de\/wp-json\/wp\/v2\/comments?post=50100"}],"version-history":[{"count":3,"href":"https:\/\/www.margheritaviaggi.com\/de\/wp-json\/wp\/v2\/pages\/50100\/revisions"}],"predecessor-version":[{"id":51247,"href":"https:\/\/www.margheritaviaggi.com\/de\/wp-json\/wp\/v2\/pages\/50100\/revisions\/51247"}],"wp:attachment":[{"href":"https:\/\/www.margheritaviaggi.com\/de\/wp-json\/wp\/v2\/media?parent=50100"}],"curies":[{"name":"wp","href":"https:\/\/api.w.org\/{rel}","templated":true}]}}