{"id":50060,"date":"2015-02-24T13:18:35","date_gmt":"2015-02-24T13:18:35","guid":{"rendered":"https:\/\/mv.comcart.it\/faehre\/offerta-traghetti-auto-gratis\/"},"modified":"2025-11-02T12:14:30","modified_gmt":"2025-11-02T12:14:30","slug":"offerta-traghetti-auto-gratis","status":"publish","type":"page","link":"https:\/\/www.margheritaviaggi.com\/de\/faehre\/offerta-traghetti-auto-gratis\/","title":{"rendered":"Angebot kostenlose Auto"},"content":{"rendered":"\n\n\t<section class=\"section hide-for-small\" id=\"section_535765162\">\n\t\t<div class=\"section-bg fill\" >\n\t\t\t\t\t\t\t\t\t\n\t\t\t\n\n\t\t<\/div>\n\n\t\t\n\n\t\t<div class=\"section-content relative\">\n\t\t\t\n\n\t<div id=\"gap-445272865\" class=\"gap-element clearfix\" style=\"display:block; height:auto;\">\n\t\t\n<style>\n#gap-445272865 {\n  padding-top: 15px;\n}\n<\/style>\n\t<\/div>\n\t\n\n<div class=\"row\"  id=\"row-1914714648\">\n\n\n\t<div id=\"col-871330219\" class=\"col small-12 large-12\"  >\n\t\t\t\t<div class=\"col-inner\"  >\n\t\t\t\n\t\t\t\n\n\t<div id=\"text-674508602\" class=\"text\">\n\t\t\n\n<p style=\"margin-bottom: 0px;\"><a href=\"\/de\/\" style=\"color: #949494;\">Home<\/a><a href=\"\/de\/faehre\/\" style=\"color: #949494;\"> > Faehre<\/a> > Angebot kostenlose Auto<\/p>\n\n\t\t\n<style>\n#text-674508602 {\n  font-size: 0.9rem;\n  color: rgb(0, 189, 233);\n}\n#text-674508602 > * {\n  color: rgb(0, 189, 233);\n}\n<\/style>\n\t<\/div>\n\t\n\n\t\t<\/div>\n\t\t\t\t\n<style>\n#col-871330219 > .col-inner {\n  margin: 0px 0px -20px 0px;\n}\n<\/style>\n\t<\/div>\n\n\t\n\n<\/div>\n\n\t\t<\/div>\n\n\t\t\n<style>\n#section_535765162 {\n  padding-top: 0px;\n  padding-bottom: 0px;\n  background-color: rgb(244, 244, 245);\n}\n<\/style>\n\t<\/section>\n\t\n<div class=\"row row-collapse row-full-width\"  id=\"row-173134704\">\n\n\n\t<div id=\"col-197356224\" class=\"col small-12 large-12\"  >\n\t\t\t\t<div class=\"col-inner\"  >\n\t\t\t\n\t\t\t\n\n\n  <div class=\"banner has-hover\" id=\"banner-1353964941\">\n          <div class=\"banner-inner fill\">\n        <div class=\"banner-bg fill\" >\n            <img loading=\"lazy\" decoding=\"async\" width=\"2286\" height=\"1286\" src=\"https:\/\/www.margheritaviaggi.com\/wp-content\/uploads\/2015\/02\/Biglietteria-traghetti-isola-delba.jpg\" class=\"bg attachment-original size-original\" alt=\"\" \/>                                    \n                    <\/div>\n\t\t\n        <div class=\"banner-layers container\">\n            <div class=\"fill banner-link\"><\/div>            \n\n   <div id=\"text-box-318534040\" class=\"text-box banner-layer x50 md-x50 lg-x50 y50 md-y50 lg-y50 res-text\">\n                                <div class=\"text-box-content text dark\">\n              \n              <div class=\"text-inner text-center\">\n                  \n\n\n              <\/div>\n           <\/div>\n                            \n<style>\n#text-box-318534040 {\n  width: 60%;\n}\n#text-box-318534040 .text-box-content {\n  font-size: 100%;\n}\n@media (min-width:550px) {\n  #text-box-318534040 {\n    width: 60%;\n  }\n}\n<\/style>\n    <\/div>\n \n\n        <\/div>\n      <\/div>\n\n            \n<style>\n#banner-1353964941 {\n  padding-top: 200px;\n  background-color: rgb(255, 255, 255);\n}\n#banner-1353964941 .banner-bg img {\n  object-position: 50% 50%;\n}\n@media (min-width:550px) {\n  #banner-1353964941 {\n    padding-top: 300px;\n  }\n}\n<\/style>\n  <\/div>\n\n\n\n\t\t<\/div>\n\t\t\t\t\n<style>\n#col-197356224 > .col-inner {\n  margin: 0px 0px -48px 0px;\n}\n@media (min-width:550px) {\n  #col-197356224 > .col-inner {\n    margin: 0px 0px -60px 0px;\n  }\n}\n<\/style>\n\t<\/div>\n\n\t\n\n<\/div>\n\n\t<section class=\"section\" id=\"section_1739268379\">\n\t\t<div class=\"section-bg fill\" >\n\t\t\t\t\t\t\t\t\t\n\t\t\t\n\n\t\t<\/div>\n\n\t\t\n\n\t\t<div class=\"section-content relative\">\n\t\t\t\n\n\t<div id=\"gap-715954658\" class=\"gap-element clearfix\" style=\"display:block; height:auto;\">\n\t\t\n<style>\n#gap-715954658 {\n  padding-top: 5px;\n}\n<\/style>\n\t<\/div>\n\t\n\n<div class=\"row\"  id=\"row-610953405\">\n\n\n\t<div id=\"col-952371636\" class=\"col small-12 large-12\"  >\n\t\t\t\t<div class=\"col-inner\"  >\n\t\t\t\n\t\t\t\n\n\t<div id=\"text-3549880608\" class=\"text\">\n\t\t\n\n<p style=\"margin-bottom: 0px;\"><strong>Angebot kostenlose Auto<br \/>\n<\/strong><\/p>\n\t\t\n<style>\n#text-3549880608 {\n  font-size: 1.5rem;\n  color: rgb(255, 255, 255);\n}\n#text-3549880608 > * {\n  color: rgb(255, 255, 255);\n}\n@media (min-width:550px) {\n  #text-3549880608 {\n    font-size: 2rem;\n  }\n}\n<\/style>\n\t<\/div>\n\t\n\n\t\t<\/div>\n\t\t\t\t\n<style>\n#col-952371636 > .col-inner {\n  margin: 0px 0px -25px 0px;\n}\n<\/style>\n\t<\/div>\n\n\t\n\n<\/div>\n\n\t\t<\/div>\n\n\t\t\n<style>\n#section_1739268379 {\n  padding-top: 0px;\n  padding-bottom: 0px;\n  background-color: rgba(0, 0, 0, 0.7);\n}\n<\/style>\n\t<\/section>\n\t\n<div class=\"row align-middle align-center\"  id=\"row-435294424\">\n\n\n\t<div id=\"col-800125012\" class=\"col small-12 large-12\"  >\n\t\t\t\t<div class=\"col-inner text-center\"  >\n\t\t\t\n\t\t\t\n\n<p><p>\u00a0<\/p>\n<h2 style=\"text-align: center;\">Dein Auto ist Kostenlos!!!<\/h2>\n<p style=\"text-align: center;\"><strong>KOSTENLOSE AUTOF\u00c4HRE F\u00dcR DIE ROUTE PIOMBINO-PORTOFERRAIO.<br \/>\nANGEBOT G\u00dcLTIG F\u00dcR MIETEN VON MINDESTENS 7 N\u00c4CHTEN (AUFENTHALT + F\u00c4HRE).<\/strong><\/p>\n<p style=\"text-align: center;\">DIE AKTION IST ZU JEDER TAGESZEIT G\u00dcLTIG.<br \/>\nWIR DENKEN AN UNS ALLE, SIE M\u00dcSSEN NUR DIE ZEIT W\u00c4HLEN, DIE SIE BEVORZUGEN.<\/p>\n<p style=\"text-align: center;\">Das Angebot gilt f\u00fcr das Paket Wohnung + Fahren  (1 Kostenlose Wagen jede Wohnung)<\/p>\n<p style=\"text-align: center;\">Das Angebot ist f\u00fcr den Tickets von Piombino nach Portoferraio and von Portoferraio nach Piombino g\u00fcltig. Wenn das Ticket sind nicht mehr verf\u00fcgbar, wir geben das Angebot in ein andere Zeit.<\/p>\n<p style=\"text-align: center;\">  ANGEBOT F\u00dcR ABONNENTEN UNSERES NEWSLETTERS VORBEHALTEN.<\/p>\n<p style=\"text-align: center;\">ANGEBOT F\u00dcR ABONNENTEN UNSERES NEWSLETTERS VORBEHALTEN.DAS ANGEBOTE GILT NUR F\u00dcR RESERVIERUNG \u00dcBER UNSERE WEBSITE<\/p>\n<\/p>\n<p>\u00a0<\/p>\n<a href=\"https:\/\/easyelba.com\/de\/einrichtungen\/\" class=\"button primary button-margherita-viaggi\" >\n\t\t<span>Scopri gli appartamenti<\/span>\n\t<\/a>\n\n\n\n\t\t<\/div>\n\t\t\t\t\t<\/div>\n\n\t\n\n\t<div id=\"col-245139115\" class=\"col small-12 large-12\"  >\n\t\t\t\t<div class=\"col-inner\"  >\n\t\t\t\n\t\t\t\n\n<div class=\"is-divider divider clearfix\" style=\"margin-top:0px;margin-bottom:0px;max-width:100%;height:1px;\"><\/div>\n\n\t<div id=\"gap-583107830\" class=\"gap-element clearfix\" style=\"display:block; height:auto;\">\n\t\t\n<style>\n#gap-583107830 {\n  padding-top: 10px;\n}\n<\/style>\n\t<\/div>\n\t\n\n<div class=\"social-icons share-icons share-row relative full-width text-center icon-style-fill\" ><span class=\"share-icons-title\">Condividi:<\/span><a href=\"whatsapp:\/\/send?text=Angebot%20kostenlose%20Auto - https:\/\/www.margheritaviaggi.com\/de\/faehre\/offerta-traghetti-auto-gratis\/\" data-action=\"share\/whatsapp\/share\" class=\"icon primary button circle tooltip whatsapp show-for-medium\" title=\"Auf WhatsApp teilen\" aria-label=\"Auf WhatsApp teilen\"><i class=\"icon-whatsapp\" aria-hidden=\"true\"><\/i><\/a><a href=\"https:\/\/www.facebook.com\/sharer.php?u=https:\/\/www.margheritaviaggi.com\/de\/faehre\/offerta-traghetti-auto-gratis\/\" data-label=\"Facebook\" onclick=\"window.open(this.href,this.title,'width=500,height=500,top=300px,left=300px'); return false;\" target=\"_blank\" class=\"icon primary button circle tooltip facebook\" title=\"Auf Facebook teilen\" aria-label=\"Auf Facebook teilen\" rel=\"noopener nofollow\"><i class=\"icon-facebook\" aria-hidden=\"true\"><\/i><\/a><a href=\"https:\/\/twitter.com\/share?url=https:\/\/www.margheritaviaggi.com\/de\/faehre\/offerta-traghetti-auto-gratis\/\" onclick=\"window.open(this.href,this.title,'width=500,height=500,top=300px,left=300px'); return false;\" target=\"_blank\" class=\"icon primary button circle tooltip twitter\" title=\"Auf Twitter teilen\" aria-label=\"Auf Twitter teilen\" rel=\"noopener nofollow\"><i class=\"icon-twitter\" aria-hidden=\"true\"><\/i><\/a><a href=\"mailto:?subject=Angebot%20kostenlose%20Auto&body=Schau%20dir%20das%20an%3A%20https%3A%2F%2Fwww.margheritaviaggi.com%2Fde%2Ffaehre%2Fofferta-traghetti-auto-gratis%2F\" class=\"icon primary button circle tooltip email\" title=\"E-mail an einen Freund senden\" aria-label=\"E-mail an einen Freund senden\" rel=\"nofollow\"><i class=\"icon-envelop\" aria-hidden=\"true\"><\/i><\/a><a href=\"https:\/\/pinterest.com\/pin\/create\/button?url=https:\/\/www.margheritaviaggi.com\/de\/faehre\/offerta-traghetti-auto-gratis\/&media=https:\/\/www.margheritaviaggi.com\/wp-content\/uploads\/2015\/02\/Biglietteria-traghetti-isola-delba-1024x576.jpg&description=Angebot%20kostenlose%20Auto\" onclick=\"window.open(this.href,this.title,'width=500,height=500,top=300px,left=300px'); return false;\" target=\"_blank\" class=\"icon primary button circle tooltip pinterest\" title=\"Pinterest Pin erstellen\" aria-label=\"Pinterest Pin erstellen\" rel=\"noopener nofollow\"><i class=\"icon-pinterest\" aria-hidden=\"true\"><\/i><\/a><a href=\"https:\/\/www.linkedin.com\/shareArticle?mini=true&url=https:\/\/www.margheritaviaggi.com\/de\/faehre\/offerta-traghetti-auto-gratis\/&title=Angebot%20kostenlose%20Auto\" onclick=\"window.open(this.href,this.title,'width=500,height=500,top=300px,left=300px'); return false;\" target=\"_blank\" class=\"icon primary button circle tooltip linkedin\" title=\"Auf LinkedIn teilen\" aria-label=\"Auf LinkedIn teilen\" rel=\"noopener nofollow\"><i class=\"icon-linkedin\" aria-hidden=\"true\"><\/i><\/a><\/div>\n\n<div class=\"is-divider divider clearfix\" style=\"margin-top:0px;margin-bottom:0px;max-width:100%;height:1px;\"><\/div>\n\n\n\t\t<\/div>\n\t\t\t\t\t<\/div>\n\n\t\n\n<\/div>\n","protected":false},"excerpt":{"rendered":"","protected":false},"author":1,"featured_media":39322,"parent":49668,"menu_order":77,"comment_status":"closed","ping_status":"closed","template":"page-blank.php","meta":{"_joinchat":[],"footnotes":""},"class_list":["post-50060","page","type-page","status-publish","has-post-thumbnail","hentry"],"aioseo_notices":[],"_links":{"self":[{"href":"https:\/\/www.margheritaviaggi.com\/de\/wp-json\/wp\/v2\/pages\/50060","targetHints":{"allow":["GET"]}}],"collection":[{"href":"https:\/\/www.margheritaviaggi.com\/de\/wp-json\/wp\/v2\/pages"}],"about":[{"href":"https:\/\/www.margheritaviaggi.com\/de\/wp-json\/wp\/v2\/types\/page"}],"author":[{"embeddable":true,"href":"https:\/\/www.margheritaviaggi.com\/de\/wp-json\/wp\/v2\/users\/1"}],"replies":[{"embeddable":true,"href":"https:\/\/www.margheritaviaggi.com\/de\/wp-json\/wp\/v2\/comments?post=50060"}],"version-history":[{"count":6,"href":"https:\/\/www.margheritaviaggi.com\/de\/wp-json\/wp\/v2\/pages\/50060\/revisions"}],"predecessor-version":[{"id":51320,"href":"https:\/\/www.margheritaviaggi.com\/de\/wp-json\/wp\/v2\/pages\/50060\/revisions\/51320"}],"up":[{"embeddable":true,"href":"https:\/\/www.margheritaviaggi.com\/de\/wp-json\/wp\/v2\/pages\/49668"}],"wp:featuredmedia":[{"embeddable":true,"href":"https:\/\/www.margheritaviaggi.com\/de\/wp-json\/wp\/v2\/media\/39322"}],"wp:attachment":[{"href":"https:\/\/www.margheritaviaggi.com\/de\/wp-json\/wp\/v2\/media?parent=50060"}],"curies":[{"name":"wp","href":"https:\/\/api.w.org\/{rel}","templated":true}]}}