{"id":49816,"date":"2015-02-11T14:10:59","date_gmt":"2015-02-11T14:10:59","guid":{"rendered":"https:\/\/mv.comcart.it\/capoliveri\/"},"modified":"2025-11-02T11:43:58","modified_gmt":"2025-11-02T11:43:58","slug":"capoliveri","status":"publish","type":"page","link":"https:\/\/www.margheritaviaggi.com\/de\/esplora-lelba\/capoliveri\/","title":{"rendered":"Capoliveri"},"content":{"rendered":"\n\n\t<section class=\"section hide-for-small\" id=\"section_1242755539\">\n\t\t<div class=\"section-bg fill\" >\n\t\t\t\t\t\t\t\t\t\n\t\t\t\n\n\t\t<\/div>\n\n\t\t\n\n\t\t<div class=\"section-content relative\">\n\t\t\t\n\n\t<div id=\"gap-898302886\" class=\"gap-element clearfix\" style=\"display:block; height:auto;\">\n\t\t\n<style>\n#gap-898302886 {\n  padding-top: 15px;\n}\n<\/style>\n\t<\/div>\n\t\n\n<div class=\"row\"  id=\"row-284519878\">\n\n\n\t<div id=\"col-1549744654\" class=\"col small-12 large-12\"  >\n\t\t\t\t<div class=\"col-inner\"  >\n\t\t\t\n\t\t\t\n\n\t<div id=\"text-2692125642\" class=\"text\">\n\t\t\n\n<p style=\"margin-bottom: 0px;\"><a href=\"\/de\/\" style=\"color: #949494;\">Home<\/a> <a href=\"\/de\/esplora-lelba\/\" style=\"color: #949494;\">&gt;  Entdecken Sie Elba<\/a> &gt; Capoliveri\n<\/p>\n\n\t\t\n<style>\n#text-2692125642 {\n  font-size: 0.9rem;\n  color: rgb(0, 189, 233);\n}\n#text-2692125642 > * {\n  color: rgb(0, 189, 233);\n}\n<\/style>\n\t<\/div>\n\t\n\n\t\t<\/div>\n\t\t\t\t\n<style>\n#col-1549744654 > .col-inner {\n  margin: 0px 0px -20px 0px;\n}\n<\/style>\n\t<\/div>\n\n\t\n\n<\/div>\n\n\t\t<\/div>\n\n\t\t\n<style>\n#section_1242755539 {\n  padding-top: 0px;\n  padding-bottom: 0px;\n  background-color: rgb(244, 244, 245);\n}\n<\/style>\n\t<\/section>\n\t\n<div class=\"row row-collapse row-full-width\"  id=\"row-303765380\">\n\n\n\t<div id=\"col-771713334\" class=\"col small-12 large-12\"  >\n\t\t\t\t<div class=\"col-inner\"  >\n\t\t\t\n\t\t\t\n\n\n  <div class=\"banner has-hover\" id=\"banner-750903513\">\n          <div class=\"banner-inner fill\">\n        <div class=\"banner-bg fill\" >\n            <img loading=\"lazy\" decoding=\"async\" width=\"287\" height=\"328\" src=\"https:\/\/www.margheritaviaggi.com\/wp-content\/uploads\/2015\/02\/4_Margherita.jpg\" class=\"bg attachment-original size-original\" alt=\"\" \/>                                    \n                    <\/div>\n\t\t\n        <div class=\"banner-layers container\">\n            <div class=\"fill banner-link\"><\/div>            \n\n   <div id=\"text-box-1508991583\" class=\"text-box banner-layer x50 md-x50 lg-x50 y50 md-y50 lg-y50 res-text\">\n                                <div class=\"text-box-content text dark\">\n              \n              <div class=\"text-inner text-center\">\n                  \n\n\n              <\/div>\n           <\/div>\n                            \n<style>\n#text-box-1508991583 {\n  width: 60%;\n}\n#text-box-1508991583 .text-box-content {\n  font-size: 100%;\n}\n@media (min-width:550px) {\n  #text-box-1508991583 {\n    width: 60%;\n  }\n}\n<\/style>\n    <\/div>\n \n\n        <\/div>\n      <\/div>\n\n            \n<style>\n#banner-750903513 {\n  padding-top: 200px;\n  background-color: rgb(255, 255, 255);\n}\n#banner-750903513 .banner-bg img {\n  object-position: 50% 50%;\n}\n@media (min-width:550px) {\n  #banner-750903513 {\n    padding-top: 300px;\n  }\n}\n<\/style>\n  <\/div>\n\n\n\n\t\t<\/div>\n\t\t\t\t\n<style>\n#col-771713334 > .col-inner {\n  margin: 0px 0px -48px 0px;\n}\n@media (min-width:550px) {\n  #col-771713334 > .col-inner {\n    margin: 0px 0px -60px 0px;\n  }\n}\n<\/style>\n\t<\/div>\n\n\t\n\n<\/div>\n\n\t<section class=\"section\" id=\"section_1951000043\">\n\t\t<div class=\"section-bg fill\" >\n\t\t\t\t\t\t\t\t\t\n\t\t\t\n\n\t\t<\/div>\n\n\t\t\n\n\t\t<div class=\"section-content relative\">\n\t\t\t\n\n\t<div id=\"gap-1129449660\" class=\"gap-element clearfix\" style=\"display:block; height:auto;\">\n\t\t\n<style>\n#gap-1129449660 {\n  padding-top: 5px;\n}\n<\/style>\n\t<\/div>\n\t\n\n<div class=\"row\"  id=\"row-1094622125\">\n\n\n\t<div id=\"col-1312240559\" class=\"col small-12 large-12\"  >\n\t\t\t\t<div class=\"col-inner\"  >\n\t\t\t\n\t\t\t\n\n\t<div id=\"text-1228258578\" class=\"text\">\n\t\t\n\n<br><p style=\"margin-bottom: 0px;\"><strong>Capoliveri<\/strong><\/p><br><br>\n\t\t\n<style>\n#text-1228258578 {\n  font-size: 1.5rem;\n  color: rgb(255, 255, 255);\n}\n#text-1228258578 > * {\n  color: rgb(255, 255, 255);\n}\n@media (min-width:550px) {\n  #text-1228258578 {\n    font-size: 2rem;\n  }\n}\n<\/style>\n\t<\/div>\n\t\n\n\t\t<\/div>\n\t\t\t\t\n<style>\n#col-1312240559 > .col-inner {\n  margin: 0px 0px -25px 0px;\n}\n<\/style>\n\t<\/div>\n\n\t\n\n<\/div>\n\n\t\t<\/div>\n\n\t\t\n<style>\n#section_1951000043 {\n  padding-top: 0px;\n  padding-bottom: 0px;\n  background-color: rgba(0, 0, 0, 0.7);\n}\n<\/style>\n\t<\/section>\n\t\n<div class=\"row\"  id=\"row-505827680\">\n\n\n\t<div id=\"col-789963238\" class=\"col small-12 large-12\"  >\n\t\t\t\t<div class=\"col-inner text-left\"  >\n\t\t\t\n\t\t\t\n\n<p>Capoliveri, erst im Jahre 1906 als eigenst\u00e4ndige Gemeinde anerkannt, kann auf eine beeindruckende Geschichte der Unabh\u00e4ngigkeit zur\u00fcckblicken. Etymologisch geht sein Name auf das lateinische &#8222;Caput Liberum&#8220; zur\u00fcck, was &#8222;Spitze der Freien&#8220; bedeutet: Die Siedlung ganz oben auf einem kleinen Berg wurde n\u00e4mlich von verbannten r\u00f6mischen Sklaven bewohnt, die hier ihre Freiheit fanden.<\/p>\n<p>Seine g\u00fcnstige Lage, die Ausblick sowohl auf den Golf von Porto Azzurro als auch auf den Golfo Stella bietet, hat den Ort schon zu Beginn seiner Geschichte gepr\u00e4gt, als angelockt von Kupfer und Eisen zun\u00e4chst griechische und ph\u00f6nizische Seefahrer kamen und sp\u00e4ter eine der zahlreichen etruskischen H\u00fcgelfestungen dort errichtet wurde. Sp\u00e4ter, im 12. Jahrhundert, erbauten die Pisaner in Capoliveri eine Festung.<\/p>\n<p>Sein Stadtbild innerhalb der alten Mauern zeichnete sich durch die f\u00fcr die lateinische Bautradition typische geometrische Anordnung aus, aber w\u00e4hrend des Mittelalters konzentrierte sich die Siedlung um die h\u00f6chste Stelle, d.h. den Platz, von dem eine Reihe von Gassen, Str\u00e4\u00dfchen und kleinen Pl\u00e4tzen fischgr\u00e4tenartig abgingen.<\/p>\n<p>Zwei Kultst\u00e4tten stellen die \u00e4ltesten Denkm\u00e4ler dar: Die Kirche S. Michele aus dem 12. Jahrhundert, von der nur Teile der Altarnische und der Grundmauern erhalten sind und von der man erz\u00e4hlt, dass Papst Gregor XI dort vor einem Unwetter Schutz suchen musste und eine Messe feierte, und das Heiligtum der Madonna delle Grazie, erbaut um 1550, mit kreuzf\u00f6rmigem Grundriss und einer besonderen Kuppel in orientalischem Stil.<\/p>\n<p>Sicherlich eins der wichtigsten Daten im Jahr ist ein spektakul\u00e4res Fest in Kost\u00fcmen des 16. Jahrhunderts, das am 14. Juli gefeiert wird und an das tragische Schicksal einer Liebenden erinnert. Im Jahre 1534 wurde der junge Lorenzo, Angeh\u00f6riger einer adligen Familie, von dem Piraten Barbarossa entf\u00fchrt und seine verzweifelte Verlobte Maria st\u00fcrzte sich bei dem Versuch ihm zu folgen ins Meer und ertrank in den Fluten.<\/p>\n<p>&nbsp;<\/p>\n<p>Markttag: Donnerstag.<\/p>\n\n\n\t\t<\/div>\n\t\t\t\t\t<\/div>\n\n\t\n\n\t<div id=\"col-664973848\" class=\"col small-12 large-12\"  >\n\t\t\t\t<div class=\"col-inner\"  >\n\t\t\t\n\t\t\t\n\n<div class=\"is-divider divider clearfix\" style=\"margin-top:0px;margin-bottom:0px;max-width:100%;height:1px;\"><\/div>\n\n\t<div id=\"gap-453623115\" class=\"gap-element clearfix\" style=\"display:block; height:auto;\">\n\t\t\n<style>\n#gap-453623115 {\n  padding-top: 10px;\n}\n<\/style>\n\t<\/div>\n\t\n\n<div class=\"social-icons share-icons share-row relative full-width text-center icon-style-fill\" ><span class=\"share-icons-title\">Condividi:<\/span><a href=\"whatsapp:\/\/send?text=Capoliveri - https:\/\/www.margheritaviaggi.com\/de\/esplora-lelba\/capoliveri\/\" data-action=\"share\/whatsapp\/share\" class=\"icon primary button circle tooltip whatsapp show-for-medium\" title=\"Auf WhatsApp teilen\" aria-label=\"Auf WhatsApp teilen\"><i class=\"icon-whatsapp\" aria-hidden=\"true\"><\/i><\/a><a href=\"https:\/\/www.facebook.com\/sharer.php?u=https:\/\/www.margheritaviaggi.com\/de\/esplora-lelba\/capoliveri\/\" data-label=\"Facebook\" onclick=\"window.open(this.href,this.title,'width=500,height=500,top=300px,left=300px'); return false;\" target=\"_blank\" class=\"icon primary button circle tooltip facebook\" title=\"Auf Facebook teilen\" aria-label=\"Auf Facebook teilen\" rel=\"noopener nofollow\"><i class=\"icon-facebook\" aria-hidden=\"true\"><\/i><\/a><a href=\"https:\/\/twitter.com\/share?url=https:\/\/www.margheritaviaggi.com\/de\/esplora-lelba\/capoliveri\/\" onclick=\"window.open(this.href,this.title,'width=500,height=500,top=300px,left=300px'); return false;\" target=\"_blank\" class=\"icon primary button circle tooltip twitter\" title=\"Auf Twitter teilen\" aria-label=\"Auf Twitter teilen\" rel=\"noopener nofollow\"><i class=\"icon-twitter\" aria-hidden=\"true\"><\/i><\/a><a href=\"mailto:?subject=Capoliveri&body=Schau%20dir%20das%20an%3A%20https%3A%2F%2Fwww.margheritaviaggi.com%2Fde%2Fesplora-lelba%2Fcapoliveri%2F\" class=\"icon primary button circle tooltip email\" title=\"E-mail an einen Freund senden\" aria-label=\"E-mail an einen Freund senden\" rel=\"nofollow\"><i class=\"icon-envelop\" aria-hidden=\"true\"><\/i><\/a><a href=\"https:\/\/pinterest.com\/pin\/create\/button?url=https:\/\/www.margheritaviaggi.com\/de\/esplora-lelba\/capoliveri\/&media=https:\/\/www.margheritaviaggi.com\/wp-content\/uploads\/2015\/02\/4_Margherita.jpg&description=Capoliveri\" onclick=\"window.open(this.href,this.title,'width=500,height=500,top=300px,left=300px'); return false;\" target=\"_blank\" class=\"icon primary button circle tooltip pinterest\" title=\"Pinterest Pin erstellen\" aria-label=\"Pinterest Pin erstellen\" rel=\"noopener nofollow\"><i class=\"icon-pinterest\" aria-hidden=\"true\"><\/i><\/a><a href=\"https:\/\/www.linkedin.com\/shareArticle?mini=true&url=https:\/\/www.margheritaviaggi.com\/de\/esplora-lelba\/capoliveri\/&title=Capoliveri\" onclick=\"window.open(this.href,this.title,'width=500,height=500,top=300px,left=300px'); return false;\" target=\"_blank\" class=\"icon primary button circle tooltip linkedin\" title=\"Auf LinkedIn teilen\" aria-label=\"Auf LinkedIn teilen\" rel=\"noopener nofollow\"><i class=\"icon-linkedin\" aria-hidden=\"true\"><\/i><\/a><\/div>\n\n<div class=\"is-divider divider clearfix\" style=\"margin-top:0px;margin-bottom:0px;max-width:100%;height:1px;\"><\/div>\n\n\n\t\t<\/div>\n\t\t\t\t\t<\/div>\n\n\t\n\n<\/div>\n","protected":false},"excerpt":{"rendered":"","protected":false},"author":1,"featured_media":39264,"parent":50136,"menu_order":64,"comment_status":"closed","ping_status":"closed","template":"page-blank.php","meta":{"_joinchat":[],"footnotes":""},"class_list":["post-49816","page","type-page","status-publish","has-post-thumbnail","hentry"],"aioseo_notices":[],"_links":{"self":[{"href":"https:\/\/www.margheritaviaggi.com\/de\/wp-json\/wp\/v2\/pages\/49816","targetHints":{"allow":["GET"]}}],"collection":[{"href":"https:\/\/www.margheritaviaggi.com\/de\/wp-json\/wp\/v2\/pages"}],"about":[{"href":"https:\/\/www.margheritaviaggi.com\/de\/wp-json\/wp\/v2\/types\/page"}],"author":[{"embeddable":true,"href":"https:\/\/www.margheritaviaggi.com\/de\/wp-json\/wp\/v2\/users\/1"}],"replies":[{"embeddable":true,"href":"https:\/\/www.margheritaviaggi.com\/de\/wp-json\/wp\/v2\/comments?post=49816"}],"version-history":[{"count":30,"href":"https:\/\/www.margheritaviaggi.com\/de\/wp-json\/wp\/v2\/pages\/49816\/revisions"}],"predecessor-version":[{"id":51297,"href":"https:\/\/www.margheritaviaggi.com\/de\/wp-json\/wp\/v2\/pages\/49816\/revisions\/51297"}],"up":[{"embeddable":true,"href":"https:\/\/www.margheritaviaggi.com\/de\/wp-json\/wp\/v2\/pages\/50136"}],"wp:featuredmedia":[{"embeddable":true,"href":"https:\/\/www.margheritaviaggi.com\/de\/wp-json\/wp\/v2\/media\/39264"}],"wp:attachment":[{"href":"https:\/\/www.margheritaviaggi.com\/de\/wp-json\/wp\/v2\/media?parent=49816"}],"curies":[{"name":"wp","href":"https:\/\/api.w.org\/{rel}","templated":true}]}}