{"id":49808,"date":"2015-02-11T14:12:54","date_gmt":"2015-02-11T14:12:54","guid":{"rendered":"https:\/\/mv.comcart.it\/rio-nellelba\/"},"modified":"2025-11-02T11:44:46","modified_gmt":"2025-11-02T11:44:46","slug":"rio-nellelba","status":"publish","type":"page","link":"https:\/\/www.margheritaviaggi.com\/de\/esplora-lelba\/rio-nellelba\/","title":{"rendered":"Rio nell&#8217;Elba"},"content":{"rendered":"\n\n\t<section class=\"section hide-for-small\" id=\"section_526361580\">\n\t\t<div class=\"section-bg fill\" >\n\t\t\t\t\t\t\t\t\t\n\t\t\t\n\n\t\t<\/div>\n\n\t\t\n\n\t\t<div class=\"section-content relative\">\n\t\t\t\n\n\t<div id=\"gap-1704440234\" class=\"gap-element clearfix\" style=\"display:block; height:auto;\">\n\t\t\n<style>\n#gap-1704440234 {\n  padding-top: 15px;\n}\n<\/style>\n\t<\/div>\n\t\n\n<div class=\"row\"  id=\"row-246310512\">\n\n\n\t<div id=\"col-457400931\" class=\"col small-12 large-12\"  >\n\t\t\t\t<div class=\"col-inner\"  >\n\t\t\t\n\t\t\t\n\n\t<div id=\"text-1579729933\" class=\"text\">\n\t\t\n\n<p style=\"margin-bottom: 0px;\"><a href=\"\/de\/\" style=\"color: #949494;\">Home<\/a> <a href=\"\/de\/esplora-lelba\/\" style=\"color: #949494;\">&gt;  Entdecken Sie Elba<\/a> &gt; Rio nell\u2019Elba\n<\/p>\n\n\t\t\n<style>\n#text-1579729933 {\n  font-size: 0.9rem;\n  color: rgb(0, 189, 233);\n}\n#text-1579729933 > * {\n  color: rgb(0, 189, 233);\n}\n<\/style>\n\t<\/div>\n\t\n\n\t\t<\/div>\n\t\t\t\t\n<style>\n#col-457400931 > .col-inner {\n  margin: 0px 0px -20px 0px;\n}\n<\/style>\n\t<\/div>\n\n\t\n\n<\/div>\n\n\t\t<\/div>\n\n\t\t\n<style>\n#section_526361580 {\n  padding-top: 0px;\n  padding-bottom: 0px;\n  background-color: rgb(244, 244, 245);\n}\n<\/style>\n\t<\/section>\n\t\n<div class=\"row row-collapse row-full-width\"  id=\"row-1508584137\">\n\n\n\t<div id=\"col-587526906\" class=\"col small-12 large-12\"  >\n\t\t\t\t<div class=\"col-inner\"  >\n\t\t\t\n\t\t\t\n\n\n  <div class=\"banner has-hover\" id=\"banner-471896537\">\n          <div class=\"banner-inner fill\">\n        <div class=\"banner-bg fill\" >\n            <img loading=\"lazy\" decoding=\"async\" width=\"1800\" height=\"1201\" src=\"https:\/\/www.margheritaviaggi.com\/wp-content\/uploads\/2015\/02\/RIO-ELBA-VACANZE.jpg\" class=\"bg attachment-original size-original\" alt=\"\" \/>                                    \n                    <\/div>\n\t\t\n        <div class=\"banner-layers container\">\n            <div class=\"fill banner-link\"><\/div>            \n\n   <div id=\"text-box-81510810\" class=\"text-box banner-layer x50 md-x50 lg-x50 y50 md-y50 lg-y50 res-text\">\n                                <div class=\"text-box-content text dark\">\n              \n              <div class=\"text-inner text-center\">\n                  \n\n\n              <\/div>\n           <\/div>\n                            \n<style>\n#text-box-81510810 {\n  width: 60%;\n}\n#text-box-81510810 .text-box-content {\n  font-size: 100%;\n}\n@media (min-width:550px) {\n  #text-box-81510810 {\n    width: 60%;\n  }\n}\n<\/style>\n    <\/div>\n \n\n        <\/div>\n      <\/div>\n\n            \n<style>\n#banner-471896537 {\n  padding-top: 200px;\n  background-color: rgb(255, 255, 255);\n}\n#banner-471896537 .banner-bg img {\n  object-position: 50% 50%;\n}\n@media (min-width:550px) {\n  #banner-471896537 {\n    padding-top: 300px;\n  }\n}\n<\/style>\n  <\/div>\n\n\n\n\t\t<\/div>\n\t\t\t\t\n<style>\n#col-587526906 > .col-inner {\n  margin: 0px 0px -48px 0px;\n}\n@media (min-width:550px) {\n  #col-587526906 > .col-inner {\n    margin: 0px 0px -60px 0px;\n  }\n}\n<\/style>\n\t<\/div>\n\n\t\n\n<\/div>\n\n\t<section class=\"section\" id=\"section_1532208857\">\n\t\t<div class=\"section-bg fill\" >\n\t\t\t\t\t\t\t\t\t\n\t\t\t\n\n\t\t<\/div>\n\n\t\t\n\n\t\t<div class=\"section-content relative\">\n\t\t\t\n\n\t<div id=\"gap-2106231159\" class=\"gap-element clearfix\" style=\"display:block; height:auto;\">\n\t\t\n<style>\n#gap-2106231159 {\n  padding-top: 5px;\n}\n<\/style>\n\t<\/div>\n\t\n\n<div class=\"row\"  id=\"row-935587087\">\n\n\n\t<div id=\"col-543585067\" class=\"col small-12 large-12\"  >\n\t\t\t\t<div class=\"col-inner\"  >\n\t\t\t\n\t\t\t\n\n\t<div id=\"text-2866525096\" class=\"text\">\n\t\t\n\n<br><p style=\"margin-bottom: 0px;\"><strong>Rio nell\u2019Elba<br>\n<\/strong><\/p><br><br>\n\t\t\n<style>\n#text-2866525096 {\n  font-size: 1.5rem;\n  color: rgb(255, 255, 255);\n}\n#text-2866525096 > * {\n  color: rgb(255, 255, 255);\n}\n@media (min-width:550px) {\n  #text-2866525096 {\n    font-size: 2rem;\n  }\n}\n<\/style>\n\t<\/div>\n\t\n\n\t\t<\/div>\n\t\t\t\t\n<style>\n#col-543585067 > .col-inner {\n  margin: 0px 0px -25px 0px;\n}\n<\/style>\n\t<\/div>\n\n\t\n\n<\/div>\n\n\t\t<\/div>\n\n\t\t\n<style>\n#section_1532208857 {\n  padding-top: 0px;\n  padding-bottom: 0px;\n  background-color: rgba(0, 0, 0, 0.7);\n}\n<\/style>\n\t<\/section>\n\t\n<div class=\"row\"  id=\"row-1909904334\">\n\n\n\t<div id=\"col-806245061\" class=\"col small-12 large-12\"  >\n\t\t\t\t<div class=\"col-inner text-left\"  >\n\t\t\t\n\t\t\t\n\n<p>Im Jahre 1947 wurde der Wunsch der Bewohner wahr, den Namen ihres Dorfs zu \u00e4ndern: Aus der Asche von Porto Longone wurde Porto Azzurro geboren.<\/p>\n<p>Porto Azzurro, ein nat\u00fcrlicher Hafen, der schon in fr\u00fchen Zeiten f\u00fcr Fahrten \u00fcber das tyrrhenische Meer genutzt wurde, verdankt sein heutiges Stadtbild mit den Festungen der spanischen Vorherrschaft. Die Forte Longone, auch Forte San Giacomo genannt, wurde 1563 auf Befehl von Philipp II von Spanien errichtet und hat den typischen, sternf\u00f6rmigen Grundriss, der an die befestigte Zitadelle von Antwerpen erinnert.  Siebzig Jahre sp\u00e4ter wurde auf Gehei\u00df des spanischen Gouverneurs Don Focardo an der Westspitze der Bucht die zweite Festung errichtet, die Forte Focardo.<\/p>\n<p>Die folgenden politischen Ereignisse brachten es mit sich, dass Porto Longone von wechselnden M\u00e4chten beherrscht wurde, w\u00e4hrend auch die Piraten den Ort st\u00e4ndig \u00fcberfielen. Diese Zeit endete 1802, als ganz Elba an Frankreich fiel. Im Folgenden wurde der Ort unter dem toskanischen Gro\u00dfherzogtum zur Strafkolonie.<\/p>\n<p>Von dem eindrucksvollen Hauptplatz aus, der direkt am Meer liegt, setzt sich der Ort in typischen Str\u00e4\u00dfchen und malerischen Ecken fort, die dann der imposanten spanischen Festung aus dem 17. Jahrhundert weichen, der Forte San Giacomo, die momentan als Gef\u00e4ngnis genutzt wird.<\/p>\n<p>Einen Besuch wert sind das Heiligtum der Madonna di Montserrato, dessen Verbindung mit dem gleichnamigen Heiligtum bei Barcelona von einer perfekten Reproduktion der spanischen Heiligen Jungfrau betont wird, die im 17. Jahrhundert auf Befehl des spanischen Gouverneurs y Leon angefertigt wurde, und die spanische Kirche mit dem Marmorstandbild des Generals Diego D&#8217;Alarcson.<\/p>\n<p>Man kann viele Ausfl\u00fcge unternehmen, u.a. zum kleinen See von Terranera und zum Montserrato-Tal.<\/p>\n<p>Markttag: Samstag.<\/p>\n\n\n\t\t<\/div>\n\t\t\t\t\t<\/div>\n\n\t\n\n\t<div id=\"col-1076755854\" class=\"col small-12 large-12\"  >\n\t\t\t\t<div class=\"col-inner\"  >\n\t\t\t\n\t\t\t\n\n<div class=\"is-divider divider clearfix\" style=\"margin-top:0px;margin-bottom:0px;max-width:100%;height:1px;\"><\/div>\n\n\t<div id=\"gap-987261058\" class=\"gap-element clearfix\" style=\"display:block; height:auto;\">\n\t\t\n<style>\n#gap-987261058 {\n  padding-top: 10px;\n}\n<\/style>\n\t<\/div>\n\t\n\n<div class=\"social-icons share-icons share-row relative full-width text-center icon-style-fill\" ><span class=\"share-icons-title\">Condividi:<\/span><a href=\"whatsapp:\/\/send?text=Rio%20nell%26%238217%3BElba - https:\/\/www.margheritaviaggi.com\/de\/esplora-lelba\/rio-nellelba\/\" data-action=\"share\/whatsapp\/share\" class=\"icon primary button circle tooltip whatsapp show-for-medium\" title=\"Auf WhatsApp teilen\" aria-label=\"Auf WhatsApp teilen\"><i class=\"icon-whatsapp\" aria-hidden=\"true\"><\/i><\/a><a href=\"https:\/\/www.facebook.com\/sharer.php?u=https:\/\/www.margheritaviaggi.com\/de\/esplora-lelba\/rio-nellelba\/\" data-label=\"Facebook\" onclick=\"window.open(this.href,this.title,'width=500,height=500,top=300px,left=300px'); return false;\" target=\"_blank\" class=\"icon primary button circle tooltip facebook\" title=\"Auf Facebook teilen\" aria-label=\"Auf Facebook teilen\" rel=\"noopener nofollow\"><i class=\"icon-facebook\" aria-hidden=\"true\"><\/i><\/a><a href=\"https:\/\/twitter.com\/share?url=https:\/\/www.margheritaviaggi.com\/de\/esplora-lelba\/rio-nellelba\/\" onclick=\"window.open(this.href,this.title,'width=500,height=500,top=300px,left=300px'); return false;\" target=\"_blank\" class=\"icon primary button circle tooltip twitter\" title=\"Auf Twitter teilen\" aria-label=\"Auf Twitter teilen\" rel=\"noopener nofollow\"><i class=\"icon-twitter\" aria-hidden=\"true\"><\/i><\/a><a href=\"mailto:?subject=Rio%20nell%26%238217%3BElba&body=Schau%20dir%20das%20an%3A%20https%3A%2F%2Fwww.margheritaviaggi.com%2Fde%2Fesplora-lelba%2Frio-nellelba%2F\" class=\"icon primary button circle tooltip email\" title=\"E-mail an einen Freund senden\" aria-label=\"E-mail an einen Freund senden\" rel=\"nofollow\"><i class=\"icon-envelop\" aria-hidden=\"true\"><\/i><\/a><a href=\"https:\/\/pinterest.com\/pin\/create\/button?url=https:\/\/www.margheritaviaggi.com\/de\/esplora-lelba\/rio-nellelba\/&media=https:\/\/www.margheritaviaggi.com\/wp-content\/uploads\/2015\/02\/RIO-ELBA-VACANZE-1024x683.jpg&description=Rio%20nell%26%238217%3BElba\" onclick=\"window.open(this.href,this.title,'width=500,height=500,top=300px,left=300px'); return false;\" target=\"_blank\" class=\"icon primary button circle tooltip pinterest\" title=\"Pinterest Pin erstellen\" aria-label=\"Pinterest Pin erstellen\" rel=\"noopener nofollow\"><i class=\"icon-pinterest\" aria-hidden=\"true\"><\/i><\/a><a href=\"https:\/\/www.linkedin.com\/shareArticle?mini=true&url=https:\/\/www.margheritaviaggi.com\/de\/esplora-lelba\/rio-nellelba\/&title=Rio%20nell%26%238217%3BElba\" onclick=\"window.open(this.href,this.title,'width=500,height=500,top=300px,left=300px'); return false;\" target=\"_blank\" class=\"icon primary button circle tooltip linkedin\" title=\"Auf LinkedIn teilen\" aria-label=\"Auf LinkedIn teilen\" rel=\"noopener nofollow\"><i class=\"icon-linkedin\" aria-hidden=\"true\"><\/i><\/a><\/div>\n\n<div class=\"is-divider divider clearfix\" style=\"margin-top:0px;margin-bottom:0px;max-width:100%;height:1px;\"><\/div>\n\n\n\t\t<\/div>\n\t\t\t\t\t<\/div>\n\n\t\n\n<\/div>\n","protected":false},"excerpt":{"rendered":"","protected":false},"author":1,"featured_media":39362,"parent":50136,"menu_order":68,"comment_status":"closed","ping_status":"closed","template":"page-blank.php","meta":{"_joinchat":[],"footnotes":""},"class_list":["post-49808","page","type-page","status-publish","has-post-thumbnail","hentry"],"aioseo_notices":[],"_links":{"self":[{"href":"https:\/\/www.margheritaviaggi.com\/de\/wp-json\/wp\/v2\/pages\/49808","targetHints":{"allow":["GET"]}}],"collection":[{"href":"https:\/\/www.margheritaviaggi.com\/de\/wp-json\/wp\/v2\/pages"}],"about":[{"href":"https:\/\/www.margheritaviaggi.com\/de\/wp-json\/wp\/v2\/types\/page"}],"author":[{"embeddable":true,"href":"https:\/\/www.margheritaviaggi.com\/de\/wp-json\/wp\/v2\/users\/1"}],"replies":[{"embeddable":true,"href":"https:\/\/www.margheritaviaggi.com\/de\/wp-json\/wp\/v2\/comments?post=49808"}],"version-history":[{"count":14,"href":"https:\/\/www.margheritaviaggi.com\/de\/wp-json\/wp\/v2\/pages\/49808\/revisions"}],"predecessor-version":[{"id":51299,"href":"https:\/\/www.margheritaviaggi.com\/de\/wp-json\/wp\/v2\/pages\/49808\/revisions\/51299"}],"up":[{"embeddable":true,"href":"https:\/\/www.margheritaviaggi.com\/de\/wp-json\/wp\/v2\/pages\/50136"}],"wp:featuredmedia":[{"embeddable":true,"href":"https:\/\/www.margheritaviaggi.com\/de\/wp-json\/wp\/v2\/media\/39362"}],"wp:attachment":[{"href":"https:\/\/www.margheritaviaggi.com\/de\/wp-json\/wp\/v2\/media?parent=49808"}],"curies":[{"name":"wp","href":"https:\/\/api.w.org\/{rel}","templated":true}]}}