{"id":49800,"date":"2015-03-06T11:16:29","date_gmt":"2015-03-06T11:16:29","guid":{"rendered":"https:\/\/mv.comcart.it\/vacanza-vela-e-windsurf\/"},"modified":"2025-11-02T11:31:44","modified_gmt":"2025-11-02T11:31:44","slug":"vacanza-vela-e-windsurf","status":"publish","type":"page","link":"https:\/\/www.margheritaviaggi.com\/de\/vacanza-vela-e-windsurf\/","title":{"rendered":"Segeln und Windsurf Urlaub"},"content":{"rendered":"\n\n\t<section class=\"section hide-for-small\" id=\"section_1049368971\">\n\t\t<div class=\"section-bg fill\" >\n\t\t\t\t\t\t\t\t\t\n\t\t\t\n\n\t\t<\/div>\n\n\t\t\n\n\t\t<div class=\"section-content relative\">\n\t\t\t\n\n\t<div id=\"gap-466086400\" class=\"gap-element clearfix\" style=\"display:block; height:auto;\">\n\t\t\n<style>\n#gap-466086400 {\n  padding-top: 15px;\n}\n<\/style>\n\t<\/div>\n\t\n\n<div class=\"row\"  id=\"row-367673048\">\n\n\n\t<div id=\"col-211219189\" class=\"col small-12 large-12\"  >\n\t\t\t\t<div class=\"col-inner\"  >\n\t\t\t\n\t\t\t\n\n\t<div id=\"text-1029170610\" class=\"text\">\n\t\t\n\n<p style=\"margin-bottom: 0px;\"><a href=\"\/de\/\" style=\"color: #949494;\">Home<\/a> &gt; Segeln und Windsurf Urlaub<\/p>\n\n\t\t\n<style>\n#text-1029170610 {\n  font-size: 0.9rem;\n  color: rgb(0, 189, 233);\n}\n#text-1029170610 > * {\n  color: rgb(0, 189, 233);\n}\n<\/style>\n\t<\/div>\n\t\n\n\t\t<\/div>\n\t\t\t\t\n<style>\n#col-211219189 > .col-inner {\n  margin: 0px 0px -20px 0px;\n}\n<\/style>\n\t<\/div>\n\n\t\n\n<\/div>\n\n\t\t<\/div>\n\n\t\t\n<style>\n#section_1049368971 {\n  padding-top: 0px;\n  padding-bottom: 0px;\n  background-color: rgb(244, 244, 245);\n}\n<\/style>\n\t<\/section>\n\t\n<div class=\"row row-collapse row-full-width\"  id=\"row-588229697\">\n\n\n\t<div id=\"col-1325453669\" class=\"col small-12 large-12\"  >\n\t\t\t\t<div class=\"col-inner\"  >\n\t\t\t\n\t\t\t\n\n\n  <div class=\"banner has-hover\" id=\"banner-710047158\">\n          <div class=\"banner-inner fill\">\n        <div class=\"banner-bg fill\" >\n            <img loading=\"lazy\" decoding=\"async\" width=\"1130\" height=\"636\" src=\"https:\/\/www.margheritaviaggi.com\/wp-content\/uploads\/2015\/03\/Marina-di-Campo-Monolocale-Camilla-Soggiorno.jpg\" class=\"bg attachment-original size-original\" alt=\"\" \/>                                    \n                    <\/div>\n\t\t\n        <div class=\"banner-layers container\">\n            <div class=\"fill banner-link\"><\/div>            \n\n   <div id=\"text-box-385584758\" class=\"text-box banner-layer x50 md-x50 lg-x50 y50 md-y50 lg-y50 res-text\">\n                                <div class=\"text-box-content text dark\">\n              \n              <div class=\"text-inner text-center\">\n                  \n\n\n              <\/div>\n           <\/div>\n                            \n<style>\n#text-box-385584758 {\n  width: 60%;\n}\n#text-box-385584758 .text-box-content {\n  font-size: 100%;\n}\n@media (min-width:550px) {\n  #text-box-385584758 {\n    width: 60%;\n  }\n}\n<\/style>\n    <\/div>\n \n\n        <\/div>\n      <\/div>\n\n            \n<style>\n#banner-710047158 {\n  padding-top: 200px;\n  background-color: rgb(255, 255, 255);\n}\n#banner-710047158 .banner-bg img {\n  object-position: 50% 50%;\n}\n@media (min-width:550px) {\n  #banner-710047158 {\n    padding-top: 300px;\n  }\n}\n<\/style>\n  <\/div>\n\n\n\n\t\t<\/div>\n\t\t\t\t\n<style>\n#col-1325453669 > .col-inner {\n  margin: 0px 0px -48px 0px;\n}\n@media (min-width:550px) {\n  #col-1325453669 > .col-inner {\n    margin: 0px 0px -60px 0px;\n  }\n}\n<\/style>\n\t<\/div>\n\n\t\n\n<\/div>\n\n\t<section class=\"section\" id=\"section_1548526842\">\n\t\t<div class=\"section-bg fill\" >\n\t\t\t\t\t\t\t\t\t\n\t\t\t\n\n\t\t<\/div>\n\n\t\t\n\n\t\t<div class=\"section-content relative\">\n\t\t\t\n\n\t<div id=\"gap-734435097\" class=\"gap-element clearfix\" style=\"display:block; height:auto;\">\n\t\t\n<style>\n#gap-734435097 {\n  padding-top: 5px;\n}\n<\/style>\n\t<\/div>\n\t\n\n<div class=\"row\"  id=\"row-589958639\">\n\n\n\t<div id=\"col-1850820735\" class=\"col small-12 large-12\"  >\n\t\t\t\t<div class=\"col-inner\"  >\n\t\t\t\n\t\t\t\n\n\t<div id=\"text-2388177446\" class=\"text\">\n\t\t\n\n<p style=\"margin-bottom: 0px;\"><strong>Segeln und Windsurf Urlaub<br>\n<\/strong><\/p>\n\n\t\t\n<style>\n#text-2388177446 {\n  font-size: 1.5rem;\n  color: rgb(255, 255, 255);\n}\n#text-2388177446 > * {\n  color: rgb(255, 255, 255);\n}\n@media (min-width:550px) {\n  #text-2388177446 {\n    font-size: 2rem;\n  }\n}\n<\/style>\n\t<\/div>\n\t\n\n\t\t<\/div>\n\t\t\t\t\n<style>\n#col-1850820735 > .col-inner {\n  margin: 0px 0px -25px 0px;\n}\n<\/style>\n\t<\/div>\n\n\t\n\n<\/div>\n\n\t\t<\/div>\n\n\t\t\n<style>\n#section_1548526842 {\n  padding-top: 0px;\n  padding-bottom: 0px;\n  background-color: rgba(0, 0, 0, 0.7);\n}\n<\/style>\n\t<\/section>\n\t\n<div class=\"row align-middle align-center\"  id=\"row-1673622638\">\n\n\n\t<div id=\"col-1890970445\" class=\"col small-12 large-12\"  >\n\t\t\t\t<div class=\"col-inner text-left\"  >\n\t\t\t\n\t\t\t\n\n<p>Marina di Campo hat den l\u00e4ngsten Strand auf der Insel Elba: einem halben Kilometer von goldenem Strand, das Meer hat ein kristallklaren Wasser. Am Strand k\u00f6nnen Sie Bars, Restaurants, Spiele f\u00fcr Kinder finden.<\/p>\n<p>Am Strand gibt es auch der Club del Mare, das wichtigste Yacht Club auf der Insel Elba und gibt es auch andere Windsurfing Sch\u00fcle. In der Club del Mare,  es gibt auch Kurse f\u00fcr <a href=\"https:\/\/www.margheritaviaggi.com\/de\/famiglie-con-bambini\/\">Kinder<\/a>.<\/p>\n<p>Wenn Sie von Wassersport begeister sind oder wollen, zum ersten Mal in diese Aktivit\u00e4ten auszuprobieren, in  Marina di Campo k\u00f6nnen  Sie die notwendige Ausr\u00fcstung finden.<\/p>\n\n\n\t\t<\/div>\n\t\t\t\t\t<\/div>\n\n\t\n\n\t<div id=\"col-1966490661\" class=\"col small-12 large-12\"  >\n\t\t\t\t<div class=\"col-inner\"  >\n\t\t\t\n\t\t\t\n\n<div class=\"is-divider divider clearfix\" style=\"margin-top:0px;margin-bottom:0px;max-width:100%;height:1px;\"><\/div>\n\n\t<div id=\"gap-636729306\" class=\"gap-element clearfix\" style=\"display:block; height:auto;\">\n\t\t\n<style>\n#gap-636729306 {\n  padding-top: 10px;\n}\n<\/style>\n\t<\/div>\n\t\n\n<div class=\"social-icons share-icons share-row relative full-width text-center icon-style-fill\" ><span class=\"share-icons-title\">Condividi:<\/span><a href=\"whatsapp:\/\/send?text=Segeln%20und%20Windsurf%20Urlaub - https:\/\/www.margheritaviaggi.com\/de\/vacanza-vela-e-windsurf\/\" data-action=\"share\/whatsapp\/share\" class=\"icon primary button circle tooltip whatsapp show-for-medium\" title=\"Auf WhatsApp teilen\" aria-label=\"Auf WhatsApp teilen\"><i class=\"icon-whatsapp\" aria-hidden=\"true\"><\/i><\/a><a href=\"https:\/\/www.facebook.com\/sharer.php?u=https:\/\/www.margheritaviaggi.com\/de\/vacanza-vela-e-windsurf\/\" data-label=\"Facebook\" onclick=\"window.open(this.href,this.title,'width=500,height=500,top=300px,left=300px'); return false;\" target=\"_blank\" class=\"icon primary button circle tooltip facebook\" title=\"Auf Facebook teilen\" aria-label=\"Auf Facebook teilen\" rel=\"noopener nofollow\"><i class=\"icon-facebook\" aria-hidden=\"true\"><\/i><\/a><a href=\"https:\/\/twitter.com\/share?url=https:\/\/www.margheritaviaggi.com\/de\/vacanza-vela-e-windsurf\/\" onclick=\"window.open(this.href,this.title,'width=500,height=500,top=300px,left=300px'); return false;\" target=\"_blank\" class=\"icon primary button circle tooltip twitter\" title=\"Auf Twitter teilen\" aria-label=\"Auf Twitter teilen\" rel=\"noopener nofollow\"><i class=\"icon-twitter\" aria-hidden=\"true\"><\/i><\/a><a href=\"mailto:?subject=Segeln%20und%20Windsurf%20Urlaub&body=Schau%20dir%20das%20an%3A%20https%3A%2F%2Fwww.margheritaviaggi.com%2Fde%2Fvacanza-vela-e-windsurf%2F\" class=\"icon primary button circle tooltip email\" title=\"E-mail an einen Freund senden\" aria-label=\"E-mail an einen Freund senden\" rel=\"nofollow\"><i class=\"icon-envelop\" aria-hidden=\"true\"><\/i><\/a><a href=\"https:\/\/pinterest.com\/pin\/create\/button?url=https:\/\/www.margheritaviaggi.com\/de\/vacanza-vela-e-windsurf\/&media=https:\/\/www.margheritaviaggi.com\/wp-content\/uploads\/2015\/03\/Marina-di-Campo-Monolocale-Camilla-Soggiorno-1024x576.jpg&description=Segeln%20und%20Windsurf%20Urlaub\" onclick=\"window.open(this.href,this.title,'width=500,height=500,top=300px,left=300px'); return false;\" target=\"_blank\" class=\"icon primary button circle tooltip pinterest\" title=\"Pinterest Pin erstellen\" aria-label=\"Pinterest Pin erstellen\" rel=\"noopener nofollow\"><i class=\"icon-pinterest\" aria-hidden=\"true\"><\/i><\/a><a href=\"https:\/\/www.linkedin.com\/shareArticle?mini=true&url=https:\/\/www.margheritaviaggi.com\/de\/vacanza-vela-e-windsurf\/&title=Segeln%20und%20Windsurf%20Urlaub\" onclick=\"window.open(this.href,this.title,'width=500,height=500,top=300px,left=300px'); return false;\" target=\"_blank\" class=\"icon primary button circle tooltip linkedin\" title=\"Auf LinkedIn teilen\" aria-label=\"Auf LinkedIn teilen\" rel=\"noopener nofollow\"><i class=\"icon-linkedin\" aria-hidden=\"true\"><\/i><\/a><\/div>\n\n<div class=\"is-divider divider clearfix\" style=\"margin-top:0px;margin-bottom:0px;max-width:100%;height:1px;\"><\/div>\n\n\n\t\t<\/div>\n\t\t\t\t\t<\/div>\n\n\t\n\n<\/div>\n","protected":false},"excerpt":{"rendered":"","protected":false},"author":1,"featured_media":39726,"parent":0,"menu_order":54,"comment_status":"closed","ping_status":"closed","template":"page-blank.php","meta":{"_joinchat":[],"footnotes":""},"class_list":["post-49800","page","type-page","status-publish","has-post-thumbnail","hentry"],"aioseo_notices":[],"_links":{"self":[{"href":"https:\/\/www.margheritaviaggi.com\/de\/wp-json\/wp\/v2\/pages\/49800","targetHints":{"allow":["GET"]}}],"collection":[{"href":"https:\/\/www.margheritaviaggi.com\/de\/wp-json\/wp\/v2\/pages"}],"about":[{"href":"https:\/\/www.margheritaviaggi.com\/de\/wp-json\/wp\/v2\/types\/page"}],"author":[{"embeddable":true,"href":"https:\/\/www.margheritaviaggi.com\/de\/wp-json\/wp\/v2\/users\/1"}],"replies":[{"embeddable":true,"href":"https:\/\/www.margheritaviaggi.com\/de\/wp-json\/wp\/v2\/comments?post=49800"}],"version-history":[{"count":5,"href":"https:\/\/www.margheritaviaggi.com\/de\/wp-json\/wp\/v2\/pages\/49800\/revisions"}],"predecessor-version":[{"id":51281,"href":"https:\/\/www.margheritaviaggi.com\/de\/wp-json\/wp\/v2\/pages\/49800\/revisions\/51281"}],"wp:featuredmedia":[{"embeddable":true,"href":"https:\/\/www.margheritaviaggi.com\/de\/wp-json\/wp\/v2\/media\/39726"}],"wp:attachment":[{"href":"https:\/\/www.margheritaviaggi.com\/de\/wp-json\/wp\/v2\/media?parent=49800"}],"curies":[{"name":"wp","href":"https:\/\/api.w.org\/{rel}","templated":true}]}}