{"id":49788,"date":"2015-02-16T16:49:11","date_gmt":"2015-02-16T16:49:11","guid":{"rendered":"https:\/\/mv.comcart.it\/diving-e-snorkeling\/"},"modified":"2025-11-02T12:10:25","modified_gmt":"2025-11-02T12:10:25","slug":"diving-e-snorkeling","status":"publish","type":"page","link":"https:\/\/www.margheritaviaggi.com\/de\/escursioni-isola-delba\/diving-e-snorkeling\/","title":{"rendered":"Tauchen und Schnorcheln"},"content":{"rendered":"\n\n\t<section class=\"section hide-for-small\" id=\"section_896936912\">\n\t\t<div class=\"section-bg fill\" >\n\t\t\t\t\t\t\t\t\t\n\t\t\t\n\n\t\t<\/div>\n\n\t\t\n\n\t\t<div class=\"section-content relative\">\n\t\t\t\n\n\t<div id=\"gap-1273211890\" class=\"gap-element clearfix\" style=\"display:block; height:auto;\">\n\t\t\n<style>\n#gap-1273211890 {\n  padding-top: 15px;\n}\n<\/style>\n\t<\/div>\n\t\n\n<div class=\"row\"  id=\"row-1705735301\">\n\n\n\t<div id=\"col-1166544340\" class=\"col small-12 large-12\"  >\n\t\t\t\t<div class=\"col-inner\"  >\n\t\t\t\n\t\t\t\n\n\t<div id=\"text-2864973283\" class=\"text\">\n\t\t\n\n<p style=\"margin-bottom: 0px;\"><a href=\"\/de\/\" style=\"color: #949494;\">Home<\/a><a href=\"\/de\/escursioni-isola-delba\/\" style=\"color: #949494;\"> &gt; Gruppen<\/a> &gt; Tauchen und Schnorcheln <\/p>\n\n\t\t\n<style>\n#text-2864973283 {\n  font-size: 0.9rem;\n  color: rgb(0, 189, 233);\n}\n#text-2864973283 > * {\n  color: rgb(0, 189, 233);\n}\n<\/style>\n\t<\/div>\n\t\n\n\t\t<\/div>\n\t\t\t\t\n<style>\n#col-1166544340 > .col-inner {\n  margin: 0px 0px -20px 0px;\n}\n<\/style>\n\t<\/div>\n\n\t\n\n<\/div>\n\n\t\t<\/div>\n\n\t\t\n<style>\n#section_896936912 {\n  padding-top: 0px;\n  padding-bottom: 0px;\n  background-color: rgb(244, 244, 245);\n}\n<\/style>\n\t<\/section>\n\t\n\n\t<section class=\"section\" id=\"section_402792628\">\n\t\t<div class=\"section-bg fill\" >\n\t\t\t\t\t\t\t\t\t\n\t\t\t\n\n\t\t<\/div>\n\n\t\t\n\n\t\t<div class=\"section-content relative\">\n\t\t\t\n\n\t<div id=\"gap-1490738987\" class=\"gap-element clearfix\" style=\"display:block; height:auto;\">\n\t\t\n<style>\n#gap-1490738987 {\n  padding-top: 5px;\n}\n<\/style>\n\t<\/div>\n\t\n\n<div class=\"row\"  id=\"row-607268714\">\n\n\n\t<div id=\"col-1895237430\" class=\"col small-12 large-12\"  >\n\t\t\t\t<div class=\"col-inner\"  >\n\t\t\t\n\t\t\t\n\n\t<div id=\"text-1241679346\" class=\"text\">\n\t\t\n\n<p style=\"margin-bottom: 0px;\"><strong>Tauchen und Schnorcheln<br>\n<\/strong><\/p>\n\t\t\n<style>\n#text-1241679346 {\n  font-size: 1.5rem;\n  color: rgb(255, 255, 255);\n}\n#text-1241679346 > * {\n  color: rgb(255, 255, 255);\n}\n@media (min-width:550px) {\n  #text-1241679346 {\n    font-size: 2rem;\n  }\n}\n<\/style>\n\t<\/div>\n\t\n\n\t\t<\/div>\n\t\t\t\t\n<style>\n#col-1895237430 > .col-inner {\n  margin: 0px 0px -25px 0px;\n}\n<\/style>\n\t<\/div>\n\n\t\n\n<\/div>\n\n\t\t<\/div>\n\n\t\t\n<style>\n#section_402792628 {\n  padding-top: 0px;\n  padding-bottom: 0px;\n  background-color: rgb(5, 18, 27);\n}\n<\/style>\n\t<\/section>\n\t\n<div class=\"row\"  id=\"row-1263235474\">\n\n\n\t<div id=\"col-1923846850\" class=\"col small-12 large-12\"  >\n\t\t\t\t<div class=\"col-inner text-center\"  >\n\t\t\t\n\t\t\t\n\n\t<div id=\"text-3308321803\" class=\"text\">\n\t\t\n\n<p>Wenn Ihre Passion ist nicht nur f\u00fcr den Strand, aber auch f\u00fcr das Meer, die Insel Elba ist ideal f\u00fcr dich! Meeresschutzgebiete, die Wracks und in der Regel die Vielfalt und die Vielfalt des Meeresbodens sind eine Attraktion f\u00fcr alle, die eine Vielzahl von verschiedenen marinen Arten in ihrer nat\u00fcrlichen Umgebung genie\u00dfen wollen.<\/p>\n<p>Tauchen ist eine Aktivit\u00e4t f\u00fcr alle, man braucht nur Flossen, Maske und Schnorchel und dieser Sport kann gro\u00dfe Befriedigung geben!<\/p>\n<p>Wenn Sie eine <a href=\"https:\/\/www.margheritaviaggi.com\/de\/marina-di-campo\/appartamenti\/\">Wohnung in Marina di Campo<\/a> mieten, Zum Beispiel eine Zweizimmerwohnung oder eine Dreizimmerwohnung, k\u00f6nnen Sie eine K\u00fcste mit Buchten erforschen. In Pomonte, einem kleinen Dorf nicht weit von Marina di Campo, k\u00f6nnen Sie auch erleben das Gef\u00fchl des Schwimmen nur wenige Meter von eine echten Reliquie: das Schiff Elviscot, im Jahr 1972 gesunken, liegt nur 50 Meter vom Ufer.<\/p>\n<p>&nbsp;<\/p>\n\t\t\n<style>\n#text-3308321803 {\n  text-align: left;\n}\n<\/style>\n\t<\/div>\n\t\n<a href=\"\/de\/contattaci\/\" class=\"button primary button-margherita-viaggi\" >\n\t\t<span>Contattaci<\/span>\n\t<\/a>\n\n\n\n\t\t<\/div>\n\t\t\t\t\t<\/div>\n\n\t\n\n\t<div id=\"col-1607005928\" class=\"col small-12 large-12\"  >\n\t\t\t\t<div class=\"col-inner\"  >\n\t\t\t\n\t\t\t\n\n<div class=\"is-divider divider clearfix\" style=\"margin-top:0px;margin-bottom:0px;max-width:100%;height:1px;\"><\/div>\n\n\t<div id=\"gap-1294437379\" class=\"gap-element clearfix\" style=\"display:block; height:auto;\">\n\t\t\n<style>\n#gap-1294437379 {\n  padding-top: 10px;\n}\n<\/style>\n\t<\/div>\n\t\n\n<div class=\"social-icons share-icons share-row relative full-width text-center icon-style-fill\" ><span class=\"share-icons-title\">Condividi:<\/span><a href=\"whatsapp:\/\/send?text=Tauchen%20und%20Schnorcheln - https:\/\/www.margheritaviaggi.com\/de\/escursioni-isola-delba\/diving-e-snorkeling\/\" data-action=\"share\/whatsapp\/share\" class=\"icon primary button circle tooltip whatsapp show-for-medium\" title=\"Auf WhatsApp teilen\" aria-label=\"Auf WhatsApp teilen\"><i class=\"icon-whatsapp\" aria-hidden=\"true\"><\/i><\/a><a href=\"https:\/\/www.facebook.com\/sharer.php?u=https:\/\/www.margheritaviaggi.com\/de\/escursioni-isola-delba\/diving-e-snorkeling\/\" data-label=\"Facebook\" onclick=\"window.open(this.href,this.title,'width=500,height=500,top=300px,left=300px'); return false;\" target=\"_blank\" class=\"icon primary button circle tooltip facebook\" title=\"Auf Facebook teilen\" aria-label=\"Auf Facebook teilen\" rel=\"noopener nofollow\"><i class=\"icon-facebook\" aria-hidden=\"true\"><\/i><\/a><a href=\"https:\/\/twitter.com\/share?url=https:\/\/www.margheritaviaggi.com\/de\/escursioni-isola-delba\/diving-e-snorkeling\/\" onclick=\"window.open(this.href,this.title,'width=500,height=500,top=300px,left=300px'); return false;\" target=\"_blank\" class=\"icon primary button circle tooltip twitter\" title=\"Auf Twitter teilen\" aria-label=\"Auf Twitter teilen\" rel=\"noopener nofollow\"><i class=\"icon-twitter\" aria-hidden=\"true\"><\/i><\/a><a href=\"mailto:?subject=Tauchen%20und%20Schnorcheln&body=Schau%20dir%20das%20an%3A%20https%3A%2F%2Fwww.margheritaviaggi.com%2Fde%2Fescursioni-isola-delba%2Fdiving-e-snorkeling%2F\" class=\"icon primary button circle tooltip email\" title=\"E-mail an einen Freund senden\" aria-label=\"E-mail an einen Freund senden\" rel=\"nofollow\"><i class=\"icon-envelop\" aria-hidden=\"true\"><\/i><\/a><a href=\"https:\/\/pinterest.com\/pin\/create\/button?url=https:\/\/www.margheritaviaggi.com\/de\/escursioni-isola-delba\/diving-e-snorkeling\/&media&description=Tauchen%20und%20Schnorcheln\" onclick=\"window.open(this.href,this.title,'width=500,height=500,top=300px,left=300px'); return false;\" target=\"_blank\" class=\"icon primary button circle tooltip pinterest\" title=\"Pinterest Pin erstellen\" aria-label=\"Pinterest Pin erstellen\" rel=\"noopener nofollow\"><i class=\"icon-pinterest\" aria-hidden=\"true\"><\/i><\/a><a href=\"https:\/\/www.linkedin.com\/shareArticle?mini=true&url=https:\/\/www.margheritaviaggi.com\/de\/escursioni-isola-delba\/diving-e-snorkeling\/&title=Tauchen%20und%20Schnorcheln\" onclick=\"window.open(this.href,this.title,'width=500,height=500,top=300px,left=300px'); return false;\" target=\"_blank\" class=\"icon primary button circle tooltip linkedin\" title=\"Auf LinkedIn teilen\" aria-label=\"Auf LinkedIn teilen\" rel=\"noopener nofollow\"><i class=\"icon-linkedin\" aria-hidden=\"true\"><\/i><\/a><\/div>\n\n<div class=\"is-divider divider clearfix\" style=\"margin-top:0px;margin-bottom:0px;max-width:100%;height:1px;\"><\/div>\n\n\n\t\t<\/div>\n\t\t\t\t\t<\/div>\n\n\t\n\n<\/div>\n","protected":false},"excerpt":{"rendered":"","protected":false},"author":1,"featured_media":0,"parent":50118,"menu_order":72,"comment_status":"closed","ping_status":"closed","template":"page-blank.php","meta":{"_joinchat":[],"footnotes":""},"class_list":["post-49788","page","type-page","status-publish","hentry"],"aioseo_notices":[],"_links":{"self":[{"href":"https:\/\/www.margheritaviaggi.com\/de\/wp-json\/wp\/v2\/pages\/49788","targetHints":{"allow":["GET"]}}],"collection":[{"href":"https:\/\/www.margheritaviaggi.com\/de\/wp-json\/wp\/v2\/pages"}],"about":[{"href":"https:\/\/www.margheritaviaggi.com\/de\/wp-json\/wp\/v2\/types\/page"}],"author":[{"embeddable":true,"href":"https:\/\/www.margheritaviaggi.com\/de\/wp-json\/wp\/v2\/users\/1"}],"replies":[{"embeddable":true,"href":"https:\/\/www.margheritaviaggi.com\/de\/wp-json\/wp\/v2\/comments?post=49788"}],"version-history":[{"count":5,"href":"https:\/\/www.margheritaviaggi.com\/de\/wp-json\/wp\/v2\/pages\/49788\/revisions"}],"predecessor-version":[{"id":51316,"href":"https:\/\/www.margheritaviaggi.com\/de\/wp-json\/wp\/v2\/pages\/49788\/revisions\/51316"}],"up":[{"embeddable":true,"href":"https:\/\/www.margheritaviaggi.com\/de\/wp-json\/wp\/v2\/pages\/50118"}],"wp:attachment":[{"href":"https:\/\/www.margheritaviaggi.com\/de\/wp-json\/wp\/v2\/media?parent=49788"}],"curies":[{"name":"wp","href":"https:\/\/api.w.org\/{rel}","templated":true}]}}