{"id":49784,"date":"2015-05-07T08:06:16","date_gmt":"2015-05-07T08:06:16","guid":{"rendered":"https:\/\/mv.comcart.it\/cosa-fare\/cosa-fare-di-di-sera-allisola-delba\/"},"modified":"2025-11-02T11:54:36","modified_gmt":"2025-11-02T11:54:36","slug":"cosa-fare-di-di-sera-allisola-delba","status":"publish","type":"page","link":"https:\/\/www.margheritaviaggi.com\/de\/cosa-fare\/cosa-fare-di-di-sera-allisola-delba\/","title":{"rendered":"Am Abend"},"content":{"rendered":"\n\n\t<section class=\"section hide-for-small\" id=\"section_1788130057\">\n\t\t<div class=\"section-bg fill\" >\n\t\t\t\t\t\t\t\t\t\n\t\t\t\n\n\t\t<\/div>\n\n\t\t\n\n\t\t<div class=\"section-content relative\">\n\t\t\t\n\n\t<div id=\"gap-1404068734\" class=\"gap-element clearfix\" style=\"display:block; height:auto;\">\n\t\t\n<style>\n#gap-1404068734 {\n  padding-top: 15px;\n}\n<\/style>\n\t<\/div>\n\t\n\n<div class=\"row\"  id=\"row-1619857851\">\n\n\n\t<div id=\"col-557640124\" class=\"col small-12 large-12\"  >\n\t\t\t\t<div class=\"col-inner\"  >\n\t\t\t\n\t\t\t\n\n\t<div id=\"text-1298625180\" class=\"text\">\n\t\t\n\n<p style=\"margin-bottom: 0px;\"><a href=\"\/de\/\" style=\"color: #949494;\">Home<\/a> <a href=\"\/de\/cosa-fare\/\" style=\"color: #949494;\">&gt;  Was machen<\/a> > Am Abend<\/p>\n\n\t\t\n<style>\n#text-1298625180 {\n  font-size: 0.9rem;\n  color: rgb(0, 189, 233);\n}\n#text-1298625180 > * {\n  color: rgb(0, 189, 233);\n}\n<\/style>\n\t<\/div>\n\t\n\n\t\t<\/div>\n\t\t\t\t\n<style>\n#col-557640124 > .col-inner {\n  margin: 0px 0px -20px 0px;\n}\n<\/style>\n\t<\/div>\n\n\t\n\n<\/div>\n\n\t\t<\/div>\n\n\t\t\n<style>\n#section_1788130057 {\n  padding-top: 0px;\n  padding-bottom: 0px;\n  background-color: rgb(244, 244, 245);\n}\n<\/style>\n\t<\/section>\n\t\n\n\t<section class=\"section\" id=\"section_1500179695\">\n\t\t<div class=\"section-bg fill\" >\n\t\t\t\t\t\t\t\t\t\n\t\t\t\n\n\t\t<\/div>\n\n\t\t\n\n\t\t<div class=\"section-content relative\">\n\t\t\t\n\n\t<div id=\"gap-2073406309\" class=\"gap-element clearfix\" style=\"display:block; height:auto;\">\n\t\t\n<style>\n#gap-2073406309 {\n  padding-top: 5px;\n}\n<\/style>\n\t<\/div>\n\t\n\n<div class=\"row\"  id=\"row-511999455\">\n\n\n\t<div id=\"col-900297907\" class=\"col small-12 large-12\"  >\n\t\t\t\t<div class=\"col-inner\"  >\n\t\t\t\n\t\t\t\n\n\t<div id=\"text-2820814212\" class=\"text\">\n\t\t\n\n<p style=\"margin-bottom: 0px;\"><strong>Am Abend<\/strong><\/p>\n\n\t\t\n<style>\n#text-2820814212 {\n  font-size: 1.5rem;\n  color: rgb(255, 255, 255);\n}\n#text-2820814212 > * {\n  color: rgb(255, 255, 255);\n}\n@media (min-width:550px) {\n  #text-2820814212 {\n    font-size: 2rem;\n  }\n}\n<\/style>\n\t<\/div>\n\t\n\n\t\t<\/div>\n\t\t\t\t\n<style>\n#col-900297907 > .col-inner {\n  margin: 0px 0px -25px 0px;\n}\n<\/style>\n\t<\/div>\n\n\t\n\n<\/div>\n\n\t\t<\/div>\n\n\t\t\n<style>\n#section_1500179695 {\n  padding-top: 0px;\n  padding-bottom: 0px;\n  background-color: rgb(5, 18, 27);\n}\n<\/style>\n\t<\/section>\n\t\n<div class=\"row\"  id=\"row-635762954\">\n\n\n\t<div id=\"col-375832926\" class=\"col small-12 large-12\"  >\n\t\t\t\t<div class=\"col-inner text-center\"  >\n\t\t\t\n\t\t\t\n\n\t<div id=\"text-3638753985\" class=\"text\">\n\t\t\n\n<p><p>Die Insel Elba bietet seinen Besuchern viele Attraktionen auch am Abend.<\/p>\n<p>Wenn Sie eine <strong><a href=\"https:\/\/www.margheritaviaggi.com\/de\/marina-di-campo\/appartamenti\/\">Wohnung <\/a>oder <a href=\"https:\/\/www.margheritaviaggi.com\/de\/marina-di-campo\/appartamenti\/ville\/\">Villa in Marina di Campo<\/a><\/strong> gemietet haben, k\u00f6nnen Sie am Abend in der Fu\u00dfg\u00e4ngerzone der Stadt gehen, Live-Musik h\u00f6ren und ein Eis essen, oder Sie k\u00f6nnen in einem der Bar stoppen und einen Drink trinken.<\/p>\n<p>Wenn Sie bis sp\u00e4t in die Nacht tanzen m\u00f6gen, gibt es in Marina di Campo il Tinello und Giannino.<\/p>\n<p>Il Tinello verf\u00fcgt \u00fcber zwei Speises\u00e4le und Bars mit Live-Musik, es gibt auch einem \u00f6ffenen Raum und einen Bar.<\/p>\n<p>Giannino, einem der historischen Nachtlokal der Insel, ist ge\u00f6ffnet von 23 bis 5 Uhr.<\/p>\n<p>Wenn Sie eine Gruppe von Freunden , die ein<a href=\"https:\/\/www.margheritaviaggi.com\/de\/marina-di-campo\/appartamenti\/\"> <strong>Ferienhaus in Marina di Campo<\/strong><\/a> nahmen sind, wird der Spa\u00df nicht fehlen!<\/p>\n<p>Wenn Sie eine <a href=\"https:\/\/www.margheritaviaggi.com\/de\/marina-di-campo\/appartamenti\/\"><strong>Wohnung f\u00fcr Ihren Urlaub auf Elba<\/strong><\/a> mieten m\u00f6chten, Marina di Campo ist auch ein guter Ort f\u00fcr andere L\u00e4nder der Insel zu erreichen. Von Marina di Campo k\u00f6nnen Sie nach Marciana Marina fahren, einem sch\u00f6nen Weiler mit einem kleinen Yachthafen.<\/p>\n<p>K\u00f6nnen Sie auch Capoliveri erreichen, wo es gibt eine wunderbare Aussicht auf den Golf Stella und auf der Buch von Mola.<\/p>\n<p>Zwischen Portoferraio und Marina di Campo gibt es die Disko Club 64, mit drei Bar und zwei Tanzs\u00e4le.<\/p>\n<\/p>\n<p>\u00a0<\/p>\n\n\t\t\n<style>\n#text-3638753985 {\n  text-align: left;\n}\n<\/style>\n\t<\/div>\n\t\n\n\t\t<\/div>\n\t\t\t\t\t<\/div>\n\n\t\n\n\t<div id=\"col-2036984893\" class=\"col small-12 large-12\"  >\n\t\t\t\t<div class=\"col-inner\"  >\n\t\t\t\n\t\t\t\n\n<div class=\"is-divider divider clearfix\" style=\"margin-top:0px;margin-bottom:0px;max-width:100%;height:1px;\"><\/div>\n\n\t<div id=\"gap-1571428470\" class=\"gap-element clearfix\" style=\"display:block; height:auto;\">\n\t\t\n<style>\n#gap-1571428470 {\n  padding-top: 10px;\n}\n<\/style>\n\t<\/div>\n\t\n\n<div class=\"social-icons share-icons share-row relative full-width text-center icon-style-fill\" ><span class=\"share-icons-title\">Condividi:<\/span><a href=\"whatsapp:\/\/send?text=Am%20Abend - https:\/\/www.margheritaviaggi.com\/de\/cosa-fare\/cosa-fare-di-di-sera-allisola-delba\/\" data-action=\"share\/whatsapp\/share\" class=\"icon primary button circle tooltip whatsapp show-for-medium\" title=\"Auf WhatsApp teilen\" aria-label=\"Auf WhatsApp teilen\"><i class=\"icon-whatsapp\" aria-hidden=\"true\"><\/i><\/a><a href=\"https:\/\/www.facebook.com\/sharer.php?u=https:\/\/www.margheritaviaggi.com\/de\/cosa-fare\/cosa-fare-di-di-sera-allisola-delba\/\" data-label=\"Facebook\" onclick=\"window.open(this.href,this.title,'width=500,height=500,top=300px,left=300px'); return false;\" target=\"_blank\" class=\"icon primary button circle tooltip facebook\" title=\"Auf Facebook teilen\" aria-label=\"Auf Facebook teilen\" rel=\"noopener nofollow\"><i class=\"icon-facebook\" aria-hidden=\"true\"><\/i><\/a><a href=\"https:\/\/twitter.com\/share?url=https:\/\/www.margheritaviaggi.com\/de\/cosa-fare\/cosa-fare-di-di-sera-allisola-delba\/\" onclick=\"window.open(this.href,this.title,'width=500,height=500,top=300px,left=300px'); return false;\" target=\"_blank\" class=\"icon primary button circle tooltip twitter\" title=\"Auf Twitter teilen\" aria-label=\"Auf Twitter teilen\" rel=\"noopener nofollow\"><i class=\"icon-twitter\" aria-hidden=\"true\"><\/i><\/a><a href=\"mailto:?subject=Am%20Abend&body=Schau%20dir%20das%20an%3A%20https%3A%2F%2Fwww.margheritaviaggi.com%2Fde%2Fcosa-fare%2Fcosa-fare-di-di-sera-allisola-delba%2F\" class=\"icon primary button circle tooltip email\" title=\"E-mail an einen Freund senden\" aria-label=\"E-mail an einen Freund senden\" rel=\"nofollow\"><i class=\"icon-envelop\" aria-hidden=\"true\"><\/i><\/a><a href=\"https:\/\/pinterest.com\/pin\/create\/button?url=https:\/\/www.margheritaviaggi.com\/de\/cosa-fare\/cosa-fare-di-di-sera-allisola-delba\/&media&description=Am%20Abend\" onclick=\"window.open(this.href,this.title,'width=500,height=500,top=300px,left=300px'); return false;\" target=\"_blank\" class=\"icon primary button circle tooltip pinterest\" title=\"Pinterest Pin erstellen\" aria-label=\"Pinterest Pin erstellen\" rel=\"noopener nofollow\"><i class=\"icon-pinterest\" aria-hidden=\"true\"><\/i><\/a><a href=\"https:\/\/www.linkedin.com\/shareArticle?mini=true&url=https:\/\/www.margheritaviaggi.com\/de\/cosa-fare\/cosa-fare-di-di-sera-allisola-delba\/&title=Am%20Abend\" onclick=\"window.open(this.href,this.title,'width=500,height=500,top=300px,left=300px'); return false;\" target=\"_blank\" class=\"icon primary button circle tooltip linkedin\" title=\"Auf LinkedIn teilen\" aria-label=\"Auf LinkedIn teilen\" rel=\"noopener nofollow\"><i class=\"icon-linkedin\" aria-hidden=\"true\"><\/i><\/a><\/div>\n\n<div class=\"is-divider divider clearfix\" style=\"margin-top:0px;margin-bottom:0px;max-width:100%;height:1px;\"><\/div>\n\n\n\t\t<\/div>\n\t\t\t\t\t<\/div>\n\n\t\n\n<\/div>\n","protected":false},"excerpt":{"rendered":"","protected":false},"author":1,"featured_media":0,"parent":49744,"menu_order":40,"comment_status":"closed","ping_status":"closed","template":"page-blank.php","meta":{"_joinchat":[],"footnotes":""},"class_list":["post-49784","page","type-page","status-publish","hentry"],"aioseo_notices":[],"_links":{"self":[{"href":"https:\/\/www.margheritaviaggi.com\/de\/wp-json\/wp\/v2\/pages\/49784","targetHints":{"allow":["GET"]}}],"collection":[{"href":"https:\/\/www.margheritaviaggi.com\/de\/wp-json\/wp\/v2\/pages"}],"about":[{"href":"https:\/\/www.margheritaviaggi.com\/de\/wp-json\/wp\/v2\/types\/page"}],"author":[{"embeddable":true,"href":"https:\/\/www.margheritaviaggi.com\/de\/wp-json\/wp\/v2\/users\/1"}],"replies":[{"embeddable":true,"href":"https:\/\/www.margheritaviaggi.com\/de\/wp-json\/wp\/v2\/comments?post=49784"}],"version-history":[{"count":4,"href":"https:\/\/www.margheritaviaggi.com\/de\/wp-json\/wp\/v2\/pages\/49784\/revisions"}],"predecessor-version":[{"id":51302,"href":"https:\/\/www.margheritaviaggi.com\/de\/wp-json\/wp\/v2\/pages\/49784\/revisions\/51302"}],"up":[{"embeddable":true,"href":"https:\/\/www.margheritaviaggi.com\/de\/wp-json\/wp\/v2\/pages\/49744"}],"wp:attachment":[{"href":"https:\/\/www.margheritaviaggi.com\/de\/wp-json\/wp\/v2\/media?parent=49784"}],"curies":[{"name":"wp","href":"https:\/\/api.w.org\/{rel}","templated":true}]}}