{"id":49780,"date":"2015-05-07T08:12:51","date_gmt":"2015-05-07T08:12:51","guid":{"rendered":"https:\/\/mv.comcart.it\/cosa-fare\/cosa-fare-se-piove-allisola-delba\/"},"modified":"2025-11-02T11:54:41","modified_gmt":"2025-11-02T11:54:41","slug":"cosa-fare-se-piove-allisola-delba","status":"publish","type":"page","link":"https:\/\/www.margheritaviaggi.com\/de\/cosa-fare\/cosa-fare-se-piove-allisola-delba\/","title":{"rendered":"Wenn es regnet"},"content":{"rendered":"\n\n\t<section class=\"section hide-for-small\" id=\"section_1999162679\">\n\t\t<div class=\"section-bg fill\" >\n\t\t\t\t\t\t\t\t\t\n\t\t\t\n\n\t\t<\/div>\n\n\t\t\n\n\t\t<div class=\"section-content relative\">\n\t\t\t\n\n\t<div id=\"gap-1273251037\" class=\"gap-element clearfix\" style=\"display:block; height:auto;\">\n\t\t\n<style>\n#gap-1273251037 {\n  padding-top: 15px;\n}\n<\/style>\n\t<\/div>\n\t\n\n<div class=\"row\"  id=\"row-1665715679\">\n\n\n\t<div id=\"col-1976083385\" class=\"col small-12 large-12\"  >\n\t\t\t\t<div class=\"col-inner\"  >\n\t\t\t\n\t\t\t\n\n\t<div id=\"text-1164529207\" class=\"text\">\n\t\t\n\n<p style=\"margin-bottom: 0px;\"><a href=\"\/de\/\" style=\"color: #949494;\">Home<\/a> <a href=\"\/de\/cosa-fare\/\" style=\"color: #949494;\">&gt;  Was machen<\/a> > Wenn es regnet<\/p>\n\n\t\t\n<style>\n#text-1164529207 {\n  font-size: 0.9rem;\n  color: rgb(0, 189, 233);\n}\n#text-1164529207 > * {\n  color: rgb(0, 189, 233);\n}\n<\/style>\n\t<\/div>\n\t\n\n\t\t<\/div>\n\t\t\t\t\n<style>\n#col-1976083385 > .col-inner {\n  margin: 0px 0px -20px 0px;\n}\n<\/style>\n\t<\/div>\n\n\t\n\n<\/div>\n\n\t\t<\/div>\n\n\t\t\n<style>\n#section_1999162679 {\n  padding-top: 0px;\n  padding-bottom: 0px;\n  background-color: rgb(244, 244, 245);\n}\n<\/style>\n\t<\/section>\n\t\n\n\t<section class=\"section\" id=\"section_403948626\">\n\t\t<div class=\"section-bg fill\" >\n\t\t\t\t\t\t\t\t\t\n\t\t\t\n\n\t\t<\/div>\n\n\t\t\n\n\t\t<div class=\"section-content relative\">\n\t\t\t\n\n\t<div id=\"gap-693305349\" class=\"gap-element clearfix\" style=\"display:block; height:auto;\">\n\t\t\n<style>\n#gap-693305349 {\n  padding-top: 5px;\n}\n<\/style>\n\t<\/div>\n\t\n\n<div class=\"row\"  id=\"row-611493863\">\n\n\n\t<div id=\"col-1473735439\" class=\"col small-12 large-12\"  >\n\t\t\t\t<div class=\"col-inner\"  >\n\t\t\t\n\t\t\t\n\n\t<div id=\"text-3523908548\" class=\"text\">\n\t\t\n\n<p style=\"margin-bottom: 0px;\"><strong>Wenn es regnet<br \/>\n<\/strong><\/p>\n\n\t\t\n<style>\n#text-3523908548 {\n  font-size: 1.5rem;\n  color: rgb(255, 255, 255);\n}\n#text-3523908548 > * {\n  color: rgb(255, 255, 255);\n}\n@media (min-width:550px) {\n  #text-3523908548 {\n    font-size: 2rem;\n  }\n}\n<\/style>\n\t<\/div>\n\t\n\n\t\t<\/div>\n\t\t\t\t\n<style>\n#col-1473735439 > .col-inner {\n  margin: 0px 0px -25px 0px;\n}\n<\/style>\n\t<\/div>\n\n\t\n\n<\/div>\n\n\t\t<\/div>\n\n\t\t\n<style>\n#section_403948626 {\n  padding-top: 0px;\n  padding-bottom: 0px;\n  background-color: rgb(5, 18, 27);\n}\n<\/style>\n\t<\/section>\n\t\n<div class=\"row\"  id=\"row-691764667\">\n\n\n\t<div id=\"col-2090272545\" class=\"col small-12 large-12\"  >\n\t\t\t\t<div class=\"col-inner text-center\"  >\n\t\t\t\n\t\t\t\n\n\t<div id=\"text-1339649459\" class=\"text\">\n\t\t\n\n<p><p><strong>Die H\u00e4user des Parks<\/strong><\/p>\n<p>Die H\u00e4user des Nationalparks Toskanischer Archipel sind im Jahre 2000 eingeweihte Besucherzentren, die dazu dienen, Menschen in der landschaftlichen und kulturellen Umgebung des Parks zu empfangen und ihnen diese Welt vorzustellen.<\/p>\n<p>Das Haus des Parks von Marciana befindet sich in der N\u00e4he der pisanischen Festung. Es ist in zwei S\u00e4le aufgeteilt und erz\u00e4hlt mithilfe verschiedener Techniken &#8211; Rekonstruktion nat\u00fcrlicher und vom Menschen beeinflusster Umgebungen, digitales Material, Plakate, Verbreitung von Kl\u00e4ngen und Ger\u00fcchen &#8211; alles \u00fcber die Landschaft von Elba, \u00fcber Land, Meer und Leute und ihre Besonderheiten und schafft es vor allem, deutlich zu machen, warum dieses au\u00dfergew\u00f6hnliche Gebiet gesch\u00fctzt werden muss.<\/p>\n<p>Das Haus des Parks von Rio nell&#8217;Elba befindet sich im historischen Zentrum des Ortes und konzentriert seine Arbeit als Besucherzentrum auf die Erkl\u00e4rung der Besonderheiten der Ostseite der Insel, auch die auf Elba vorhandenen Mineralien werden pr\u00e4sentiert. Sehr eindrucksvoll sind die neuen Waschr\u00e4ume von 1907, die sich au\u00dfen befinden; hier durchflie\u00dft das Wasser aus der nahen Quelle das Geb\u00e4ude in einem Becken aus Zement und ergie\u00dft sich dann in den Graben, der die Valle dei Mulini bildet.<\/p>\n<p>\u00a0<\/p>\n<p><strong>Die Napoleonischen Villen<\/strong><\/p>\n<p>Napoleon erw\u00e4hlte sich zwei Wohnsitze, beide in Portoferraio.<\/p>\n<p>Villa dei Mulini: Offizieller Wohnsitz von Napoleon Bonaparte, im h\u00f6her gelegenen Teil des historischen Zentrums von Portoferraio zwischen dem Forte Stella und dem Forte Falcone. Das bereits vor Napoleons Zeit erbaute Geb\u00e4ude bekam den Namen \u201cVilla dei Mulini\u201d (Villa der M\u00fchlen), weil sich dort urspr\u00fcnglich vier M\u00fchlen befanden, die man f\u00fcr diese besonders windige Gegend erbauen lie\u00df, damit sie die Festung versorgten. Napoleon lie\u00df das Geb\u00e4ude umbauen und um ein Stockwerk erweitern, um darin besser mit seiner Frau leben zu k\u00f6nnen, die jedoch nie zu ihm kam. Er lebte deshalb mit seiner Schwester Paolina und seiner Mutter Letizia zusammen. Sehr ger\u00e4umig wurde der Empfangssalon gestaltet, in dem Napoleon es liebte, sich oft mit G\u00e4sten zu umgeben. Die prachtvoll ausgestattete und geschm\u00fcckte Villa bekam auch einen sehr gepflegten Garten, von dem aus man einen wundervollen Ausblick genie\u00dft.<\/p>\n<p>San Martino: Diese Villa liegt mitten in einem gr\u00fcnen, angenehm k\u00fchlen Tal knapp au\u00dferhalb von Portoferraio; das heutige, gro\u00dfe Geb\u00e4ude in neoklassizistischem Stil entspricht nicht dem urspr\u00fcnglichen Aussehen, das sehr viel bescheidener war. Es wurde n\u00e4mlich 1851 vom F\u00fcrsten Demidoff vergr\u00f6\u00dfert, der dort eine Napoleon-Sammlung er\u00f6ffnen wollte.<\/p>\n<p>Die von Napoleon auf einem Ausflug zu Pferde entdeckte Villa sollte seine Sommerresidenz werden. Sie bestand aus 8 R\u00e4umen auf einem einzigen Stockwerk, mit einem Souterrain. Das Besondere an dieser Residenz waren die pr\u00e4chtigen Dekorationen in lebhaften Farben von Ravelli, unter denen diejenigen des \u00e4gyptischen Saals besonders hervorstechen, den Napoleon als Speisesaal wollte, um an die glorreichen Tage des \u00c4gyptenfeldzugs zu erinnern.<\/p>\n<p>\u00a0<\/p>\n<p><strong>Verkostungen<\/strong><\/p>\n<p>Es gibt viele M\u00f6glichkeiten, die typischen Produkte von der Insel Elba zu probieren.<\/p>\n<p>Die Weinproduktion ist von hoher Qualit\u00e4t und DOP (Denominazione d\u2019Origine Protetta)-zertifiziert; das Sortiment umfasst den Elba Bianco, den Elba Rosso, den Aleatico und viele andere Sorten und gewinnt immer mehr an Bedeutung. Man kann Weinbaubetriebe besuchen und an Verkostungen in sehr typischen \u00d6notheken teilnehmen, z.B. in der Enoteca della Fortezza, die im Inneren der Festungen aus der Medicizeit in Portoferraio eingerichtet wurde.<\/p>\n<p>Sehr verlockend ist auch die M\u00f6glichkeit, das seit kurzem auf Elba selbst hergestellte Bier zu probieren, das von hoher Qualit\u00e4t ist und sorgf\u00e4ltig unter Verwendung von Produkten der Insel gebraut wird. Die Birra Artigianale alle Castagne enth\u00e4lt wahrhaftig ungew\u00f6hnliche Aromen, die auch die Erwartungen der Anspruchsvollsten nicht entt\u00e4uschen werden.<\/p>\n<p>Au\u00dferdem bieten sich dem Touristen mit gutem Geschmack noch viele andere M\u00f6glichkeiten, die Produkte der Gegend kennenzulernen: Honig, Konfit\u00fcren und Gelees, die ausschlie\u00dflich aus saisonalen Produkten aus der Gegend hergestellt werden \u2013 im exquisiten Geschmack mischen sich alte Traditionen und innovative Ideen.<\/p>\n<p>All das bildet sicher einen qualitativ hochwertigen Rahmen f\u00fcr die ber\u00fchmte K\u00fcche von Elba. Ihre Urspr\u00fcnge sind einfach und die Gerichte haben stets einen traditionellen Bezug.<\/p>\n<p>Im Laufe des Jahres finden viele dem Wein und der Gastronomie gewidmete Veranstaltungen statt, die die M\u00f6glichkeit bieten, die unverwechselbaren Aromen dieser Landschaft kennenzulernen.<\/p>\n<p>\u00a0<\/p>\n\n\t\t\n<style>\n#text-1339649459 {\n  text-align: left;\n}\n<\/style>\n\t<\/div>\n\t\n\n\t\t<\/div>\n\t\t\t\t\t<\/div>\n\n\t\n\n\t<div id=\"col-194458547\" class=\"col small-12 large-12\"  >\n\t\t\t\t<div class=\"col-inner\"  >\n\t\t\t\n\t\t\t\n\n<div class=\"is-divider divider clearfix\" style=\"margin-top:0px;margin-bottom:0px;max-width:100%;height:1px;\"><\/div>\n\n\t<div id=\"gap-369655313\" class=\"gap-element clearfix\" style=\"display:block; height:auto;\">\n\t\t\n<style>\n#gap-369655313 {\n  padding-top: 10px;\n}\n<\/style>\n\t<\/div>\n\t\n\n<div class=\"social-icons share-icons share-row relative full-width text-center icon-style-fill\" ><span class=\"share-icons-title\">Condividi:<\/span><a href=\"whatsapp:\/\/send?text=Wenn%20es%20regnet - https:\/\/www.margheritaviaggi.com\/de\/cosa-fare\/cosa-fare-se-piove-allisola-delba\/\" data-action=\"share\/whatsapp\/share\" class=\"icon primary button circle tooltip whatsapp show-for-medium\" title=\"Auf WhatsApp teilen\" aria-label=\"Auf WhatsApp teilen\"><i class=\"icon-whatsapp\" aria-hidden=\"true\"><\/i><\/a><a href=\"https:\/\/www.facebook.com\/sharer.php?u=https:\/\/www.margheritaviaggi.com\/de\/cosa-fare\/cosa-fare-se-piove-allisola-delba\/\" data-label=\"Facebook\" onclick=\"window.open(this.href,this.title,'width=500,height=500,top=300px,left=300px'); return false;\" target=\"_blank\" class=\"icon primary button circle tooltip facebook\" title=\"Auf Facebook teilen\" aria-label=\"Auf Facebook teilen\" rel=\"noopener nofollow\"><i class=\"icon-facebook\" aria-hidden=\"true\"><\/i><\/a><a href=\"https:\/\/twitter.com\/share?url=https:\/\/www.margheritaviaggi.com\/de\/cosa-fare\/cosa-fare-se-piove-allisola-delba\/\" onclick=\"window.open(this.href,this.title,'width=500,height=500,top=300px,left=300px'); return false;\" target=\"_blank\" class=\"icon primary button circle tooltip twitter\" title=\"Auf Twitter teilen\" aria-label=\"Auf Twitter teilen\" rel=\"noopener nofollow\"><i class=\"icon-twitter\" aria-hidden=\"true\"><\/i><\/a><a href=\"mailto:?subject=Wenn%20es%20regnet&body=Schau%20dir%20das%20an%3A%20https%3A%2F%2Fwww.margheritaviaggi.com%2Fde%2Fcosa-fare%2Fcosa-fare-se-piove-allisola-delba%2F\" class=\"icon primary button circle tooltip email\" title=\"E-mail an einen Freund senden\" aria-label=\"E-mail an einen Freund senden\" rel=\"nofollow\"><i class=\"icon-envelop\" aria-hidden=\"true\"><\/i><\/a><a href=\"https:\/\/pinterest.com\/pin\/create\/button?url=https:\/\/www.margheritaviaggi.com\/de\/cosa-fare\/cosa-fare-se-piove-allisola-delba\/&media&description=Wenn%20es%20regnet\" onclick=\"window.open(this.href,this.title,'width=500,height=500,top=300px,left=300px'); return false;\" target=\"_blank\" class=\"icon primary button circle tooltip pinterest\" title=\"Pinterest Pin erstellen\" aria-label=\"Pinterest Pin erstellen\" rel=\"noopener nofollow\"><i class=\"icon-pinterest\" aria-hidden=\"true\"><\/i><\/a><a href=\"https:\/\/www.linkedin.com\/shareArticle?mini=true&url=https:\/\/www.margheritaviaggi.com\/de\/cosa-fare\/cosa-fare-se-piove-allisola-delba\/&title=Wenn%20es%20regnet\" onclick=\"window.open(this.href,this.title,'width=500,height=500,top=300px,left=300px'); return false;\" target=\"_blank\" class=\"icon primary button circle tooltip linkedin\" title=\"Auf LinkedIn teilen\" aria-label=\"Auf LinkedIn teilen\" rel=\"noopener nofollow\"><i class=\"icon-linkedin\" aria-hidden=\"true\"><\/i><\/a><\/div>\n\n<div class=\"is-divider divider clearfix\" style=\"margin-top:0px;margin-bottom:0px;max-width:100%;height:1px;\"><\/div>\n\n\n\t\t<\/div>\n\t\t\t\t\t<\/div>\n\n\t\n\n<\/div>\n","protected":false},"excerpt":{"rendered":"","protected":false},"author":1,"featured_media":0,"parent":49744,"menu_order":41,"comment_status":"closed","ping_status":"closed","template":"page-blank.php","meta":{"_joinchat":[],"footnotes":""},"class_list":["post-49780","page","type-page","status-publish","hentry"],"aioseo_notices":[],"_links":{"self":[{"href":"https:\/\/www.margheritaviaggi.com\/de\/wp-json\/wp\/v2\/pages\/49780","targetHints":{"allow":["GET"]}}],"collection":[{"href":"https:\/\/www.margheritaviaggi.com\/de\/wp-json\/wp\/v2\/pages"}],"about":[{"href":"https:\/\/www.margheritaviaggi.com\/de\/wp-json\/wp\/v2\/types\/page"}],"author":[{"embeddable":true,"href":"https:\/\/www.margheritaviaggi.com\/de\/wp-json\/wp\/v2\/users\/1"}],"replies":[{"embeddable":true,"href":"https:\/\/www.margheritaviaggi.com\/de\/wp-json\/wp\/v2\/comments?post=49780"}],"version-history":[{"count":5,"href":"https:\/\/www.margheritaviaggi.com\/de\/wp-json\/wp\/v2\/pages\/49780\/revisions"}],"predecessor-version":[{"id":51303,"href":"https:\/\/www.margheritaviaggi.com\/de\/wp-json\/wp\/v2\/pages\/49780\/revisions\/51303"}],"up":[{"embeddable":true,"href":"https:\/\/www.margheritaviaggi.com\/de\/wp-json\/wp\/v2\/pages\/49744"}],"wp:attachment":[{"href":"https:\/\/www.margheritaviaggi.com\/de\/wp-json\/wp\/v2\/media?parent=49780"}],"curies":[{"name":"wp","href":"https:\/\/api.w.org\/{rel}","templated":true}]}}