{"id":49764,"date":"2015-07-06T17:16:38","date_gmt":"2015-07-06T17:16:38","guid":{"rendered":"https:\/\/mv.comcart.it\/case-affitto-elba\/"},"modified":"2025-11-02T11:15:02","modified_gmt":"2025-11-02T11:15:02","slug":"case-affitto-elba","status":"publish","type":"page","link":"https:\/\/www.margheritaviaggi.com\/de\/case-affitto-elba\/","title":{"rendered":"H\u00c4USER MIETE ELBA"},"content":{"rendered":"\n\n\t<section class=\"section hide-for-small\" id=\"section_183832102\">\n\t\t<div class=\"section-bg fill\" >\n\t\t\t\t\t\t\t\t\t\n\t\t\t\n\n\t\t<\/div>\n\n\t\t\n\n\t\t<div class=\"section-content relative\">\n\t\t\t\n\n\t<div id=\"gap-602660427\" class=\"gap-element clearfix\" style=\"display:block; height:auto;\">\n\t\t\n<style>\n#gap-602660427 {\n  padding-top: 15px;\n}\n<\/style>\n\t<\/div>\n\t\n\n<div class=\"row\"  id=\"row-935579785\">\n\n\n\t<div id=\"col-1472168744\" class=\"col small-12 large-12\"  >\n\t\t\t\t<div class=\"col-inner\"  >\n\t\t\t\n\t\t\t\n\n\t<div id=\"text-2556980617\" class=\"text\">\n\t\t\n\n<p style=\"margin-bottom: 0px;\"><a href=\"\/de\/\" style=\"color: #949494;\">Home<\/a> &gt; H\u00c4USER MIETE ELBA<\/p>\n\n\t\t\n<style>\n#text-2556980617 {\n  font-size: 0.9rem;\n  color: rgb(0, 189, 233);\n}\n#text-2556980617 > * {\n  color: rgb(0, 189, 233);\n}\n<\/style>\n\t<\/div>\n\t\n\n\t\t<\/div>\n\t\t\t\t\n<style>\n#col-1472168744 > .col-inner {\n  margin: 0px 0px -20px 0px;\n}\n<\/style>\n\t<\/div>\n\n\t\n\n<\/div>\n\n\t\t<\/div>\n\n\t\t\n<style>\n#section_183832102 {\n  padding-top: 0px;\n  padding-bottom: 0px;\n  background-color: rgb(244, 244, 245);\n}\n<\/style>\n\t<\/section>\n\t\n<div class=\"row\"  id=\"row-1325384239\">\n\n\n\t<div id=\"col-885561150\" class=\"col small-12 large-12\"  >\n\t\t\t\t<div class=\"col-inner text-center\"  >\n\t\t\t\n\t\t\t\n\n\t<div id=\"text-2984480333\" class=\"text\">\n\t\t\n\n<h1>H\u00c4USER MIETE ELBA<br>\n<\/h1>\n\n\t\t\n<style>\n#text-2984480333 {\n  text-align: center;\n}\n<\/style>\n\t<\/div>\n\t\n\t<div id=\"gap-1717790115\" class=\"gap-element clearfix\" style=\"display:block; height:auto;\">\n\t\t\n<style>\n#gap-1717790115 {\n  padding-top: 15px;\n}\n<\/style>\n\t<\/div>\n\t\n\n\t<div id=\"text-841415499\" class=\"text\">\n\t\t\n\n<p><span id=\"result_box\" class=\"\" lang=\"de\"><span class=\"\"><strong>Insel Elba H\u00e4user zu vermieten<\/strong>, haupts\u00e4chlich im zentralen s\u00fcdlichen Teil der Insel in Marina di Campo, aber auch in der N\u00e4he der Str\u00e4nde von Cavoli, Seccheto, Fetovaia.<\/span> <span class=\"\">Finden Sie Ihr<strong> Mietehaus auf Elba<\/strong> unter \u00fcber 150 Strukturen zur <strong>Miete<\/strong> auf unserer Website erhalten ein Online-Angebot, Verf\u00fcgbarkeit und Preise werden immer in Echtzeit aktualisiert.<\/span> Unter den <strong>H\u00e4usern<\/strong>, die auf <strong>Elba zu vermieten<\/strong> sind, haben wir Villen am Strand, H\u00e4user mit Blick auf das Meer, Studios, Zweizimmer- und Dreizimmerwohnungen mit gro\u00dfen Au\u00dfenbereichen. Sie k\u00f6nnen die <strong>Insel Elba<\/strong> von April bis Oktober besuchen. Die Kosten der <strong>H\u00e4user auf Elba<\/strong> sind niedriger und die Preise sind sehr g\u00fcnstig, w\u00e4hrend der Nebensaison, wenn die Insel weniger \u00fcberf\u00fcllt ist und zus\u00e4tzlich zum Meer k\u00f6nnen Sie die Sch\u00f6nheit der Berge durch Wandern, Mountainbiken oder Kajak fahren genie\u00dfen<\/span><\/p>\n<p><span id=\"result_box\" class=\"\" lang=\"de\"> <\/span><\/p>\n\n\t\t\n<style>\n#text-841415499 {\n  text-align: left;\n}\n<\/style>\n\t<\/div>\n\t\n<a href=\"https:\/\/easyelba.com\/de\/einrichtungen\/\" class=\"button primary button-margherita-viaggi\" >\n\t\t<span>Scopri gli appartamenti!<\/span>\n\t<\/a>\n\n\n\n\t\t<\/div>\n\t\t\t\t\t<\/div>\n\n\t\n\n<\/div>\n","protected":false},"excerpt":{"rendered":"","protected":false},"author":1,"featured_media":0,"parent":0,"menu_order":27,"comment_status":"closed","ping_status":"closed","template":"page-blank.php","meta":{"_joinchat":[],"footnotes":""},"class_list":["post-49764","page","type-page","status-publish","hentry"],"aioseo_notices":[],"_links":{"self":[{"href":"https:\/\/www.margheritaviaggi.com\/de\/wp-json\/wp\/v2\/pages\/49764","targetHints":{"allow":["GET"]}}],"collection":[{"href":"https:\/\/www.margheritaviaggi.com\/de\/wp-json\/wp\/v2\/pages"}],"about":[{"href":"https:\/\/www.margheritaviaggi.com\/de\/wp-json\/wp\/v2\/types\/page"}],"author":[{"embeddable":true,"href":"https:\/\/www.margheritaviaggi.com\/de\/wp-json\/wp\/v2\/users\/1"}],"replies":[{"embeddable":true,"href":"https:\/\/www.margheritaviaggi.com\/de\/wp-json\/wp\/v2\/comments?post=49764"}],"version-history":[{"count":4,"href":"https:\/\/www.margheritaviaggi.com\/de\/wp-json\/wp\/v2\/pages\/49764\/revisions"}],"predecessor-version":[{"id":51262,"href":"https:\/\/www.margheritaviaggi.com\/de\/wp-json\/wp\/v2\/pages\/49764\/revisions\/51262"}],"wp:attachment":[{"href":"https:\/\/www.margheritaviaggi.com\/de\/wp-json\/wp\/v2\/media?parent=49764"}],"curies":[{"name":"wp","href":"https:\/\/api.w.org\/{rel}","templated":true}]}}