{"id":49744,"date":"2015-04-16T07:40:21","date_gmt":"2015-04-16T07:40:21","guid":{"rendered":"https:\/\/mv.comcart.it\/cosa-fare\/"},"modified":"2025-11-02T11:24:30","modified_gmt":"2025-11-02T11:24:30","slug":"cosa-fare","status":"publish","type":"page","link":"https:\/\/www.margheritaviaggi.com\/de\/cosa-fare\/","title":{"rendered":"Was machen"},"content":{"rendered":"\n\n\t<section class=\"section hide-for-small\" id=\"section_727882319\">\n\t\t<div class=\"section-bg fill\" >\n\t\t\t\t\t\t\t\t\t\n\t\t\t\n\n\t\t<\/div>\n\n\t\t\n\n\t\t<div class=\"section-content relative\">\n\t\t\t\n\n\t<div id=\"gap-986364707\" class=\"gap-element clearfix\" style=\"display:block; height:auto;\">\n\t\t\n<style>\n#gap-986364707 {\n  padding-top: 15px;\n}\n<\/style>\n\t<\/div>\n\t\n\n<div class=\"row\"  id=\"row-2017877104\">\n\n\n\t<div id=\"col-309964335\" class=\"col small-12 large-12\"  >\n\t\t\t\t<div class=\"col-inner\"  >\n\t\t\t\n\t\t\t\n\n\t<div id=\"text-750893087\" class=\"text\">\n\t\t\n\n<p style=\"margin-bottom: 0px;\"><a href=\"\/de\/\" style=\"color: #949494;\">Home<\/a> &gt; Was machen<\/p>\n\n\t\t\n<style>\n#text-750893087 {\n  font-size: 0.9rem;\n  color: rgb(0, 189, 233);\n}\n#text-750893087 > * {\n  color: rgb(0, 189, 233);\n}\n<\/style>\n\t<\/div>\n\t\n\n\t\t<\/div>\n\t\t\t\t\n<style>\n#col-309964335 > .col-inner {\n  margin: 0px 0px -20px 0px;\n}\n<\/style>\n\t<\/div>\n\n\t\n\n<\/div>\n\n\t\t<\/div>\n\n\t\t\n<style>\n#section_727882319 {\n  padding-top: 0px;\n  padding-bottom: 0px;\n  background-color: rgb(244, 244, 245);\n}\n<\/style>\n\t<\/section>\n\t\n\n\t<section class=\"section\" id=\"section_289131249\">\n\t\t<div class=\"section-bg fill\" >\n\t\t\t\t\t\t\t\t\t\n\t\t\t\n\n\t\t<\/div>\n\n\t\t\n\n\t\t<div class=\"section-content relative\">\n\t\t\t\n\n\t<div id=\"gap-157669531\" class=\"gap-element clearfix\" style=\"display:block; height:auto;\">\n\t\t\n<style>\n#gap-157669531 {\n  padding-top: 5px;\n}\n<\/style>\n\t<\/div>\n\t\n\n<div class=\"row\"  id=\"row-1255655249\">\n\n\n\t<div id=\"col-1502674942\" class=\"col small-12 large-12\"  >\n\t\t\t\t<div class=\"col-inner\"  >\n\t\t\t\n\t\t\t\n\n\t<div id=\"text-3594005046\" class=\"text\">\n\t\t\n\n<p style=\"margin-bottom: 0px;\"><strong>Was machen<\/strong><\/p>\n\n\t\t\n<style>\n#text-3594005046 {\n  font-size: 1.5rem;\n  color: rgb(255, 255, 255);\n}\n#text-3594005046 > * {\n  color: rgb(255, 255, 255);\n}\n@media (min-width:550px) {\n  #text-3594005046 {\n    font-size: 2rem;\n  }\n}\n<\/style>\n\t<\/div>\n\t\n\n\t\t<\/div>\n\t\t\t\t\n<style>\n#col-1502674942 > .col-inner {\n  margin: 0px 0px -25px 0px;\n}\n<\/style>\n\t<\/div>\n\n\t\n\n<\/div>\n\n\t\t<\/div>\n\n\t\t\n<style>\n#section_289131249 {\n  padding-top: 0px;\n  padding-bottom: 0px;\n  background-color: rgb(5, 18, 27);\n}\n<\/style>\n\t<\/section>\n\t\n<div class=\"row\"  id=\"row-1469678140\">\n\n\n\t<div id=\"col-1601457780\" class=\"col small-12 large-12\"  >\n\t\t\t\t<div class=\"col-inner text-center\"  >\n\t\t\t\n\t\t\t\n\n\t<div id=\"text-545509130\" class=\"text\">\n\t\t\n\n<p>Die Insel Elba bietet seinen Besuchern nicht nur mit seinen sch\u00f6nen Str\u00e4nden, es gibt viele M\u00f6glichkeiten f\u00fcr diejenigen, die ihren Urlaub auf der Insel verbringen m\u00f6chten.<\/p>\n<p>An einem klaren Tag kann man den Gipfel des Monte Capanne erreicht und bewundern Sie von der gesamten Insel Elba und die anderen Inseln des Archipels. Eine andere herrliche Aussicht kann von Volterraio Schloss, Festung aus der Pisa Herrschaft, mit einem Blick auf den Golf von Portoferraio genie\u00dfen.<\/p>\n<p>Wenn Sie das Bergbaugebiet erkunden m\u00f6chten, k\u00f6nnen Sie den Minen von Capoliveri oder den Mineralpark von Rio Marina besuchen: zwei eindrucksvolle Erlebnisse, f\u00fcr Erwachsene und Kinder: die Wirtschaft seit Jahrhunderten zur Gewinnung von Mineralien.<\/p>\n<p>Eine weitere Reise, die Sie mit seinem Charme begeistern wird, ist die Napoleonischen Residenzen: Bonaparte in der Tat &#8211; w\u00e4hrend seiner kurzen Regierungszeit auf der Insel &#8211; Portoferraio w\u00e4hlte zu seiner Residenz und errichtete zwei Villen: Villa dei Mulini, das war sein offizielle Residenz in der Altstadt von Portoferraio, und Villa San Martino, eine Sommerresidenz im Nachbarland.<\/p>\n<p>Entdecken die Aromen der Insel Elba: die lokale K\u00fcche, in einem der typischen Restaurants und probieren Sie die lokalen Produkte, wie PDO, Handwerk Bier, Honig aus der Region und traditionelle S\u00fc\u00dfigkeiten Elba: zermalmt betrunkenen Seemann und Brot.<\/p>\n\n\t\t\n<style>\n#text-545509130 {\n  text-align: left;\n}\n<\/style>\n\t<\/div>\n\t\n\n\t\t<\/div>\n\t\t\t\t\t<\/div>\n\n\t\n\n\t<div id=\"col-1768835355\" class=\"col small-12 large-12\"  >\n\t\t\t\t<div class=\"col-inner\"  >\n\t\t\t\n\t\t\t\n\n<div class=\"is-divider divider clearfix\" style=\"margin-top:0px;margin-bottom:0px;max-width:100%;height:1px;\"><\/div>\n\n\t<div id=\"gap-112409856\" class=\"gap-element clearfix\" style=\"display:block; height:auto;\">\n\t\t\n<style>\n#gap-112409856 {\n  padding-top: 10px;\n}\n<\/style>\n\t<\/div>\n\t\n\n<div class=\"social-icons share-icons share-row relative full-width text-center icon-style-fill\" ><span class=\"share-icons-title\">Condividi:<\/span><a href=\"whatsapp:\/\/send?text=Was%20machen - https:\/\/www.margheritaviaggi.com\/de\/cosa-fare\/\" data-action=\"share\/whatsapp\/share\" class=\"icon primary button circle tooltip whatsapp show-for-medium\" title=\"Auf WhatsApp teilen\" aria-label=\"Auf WhatsApp teilen\"><i class=\"icon-whatsapp\" aria-hidden=\"true\"><\/i><\/a><a href=\"https:\/\/www.facebook.com\/sharer.php?u=https:\/\/www.margheritaviaggi.com\/de\/cosa-fare\/\" data-label=\"Facebook\" onclick=\"window.open(this.href,this.title,'width=500,height=500,top=300px,left=300px'); return false;\" target=\"_blank\" class=\"icon primary button circle tooltip facebook\" title=\"Auf Facebook teilen\" aria-label=\"Auf Facebook teilen\" rel=\"noopener nofollow\"><i class=\"icon-facebook\" aria-hidden=\"true\"><\/i><\/a><a href=\"https:\/\/twitter.com\/share?url=https:\/\/www.margheritaviaggi.com\/de\/cosa-fare\/\" onclick=\"window.open(this.href,this.title,'width=500,height=500,top=300px,left=300px'); return false;\" target=\"_blank\" class=\"icon primary button circle tooltip twitter\" title=\"Auf Twitter teilen\" aria-label=\"Auf Twitter teilen\" rel=\"noopener nofollow\"><i class=\"icon-twitter\" aria-hidden=\"true\"><\/i><\/a><a href=\"mailto:?subject=Was%20machen&body=Schau%20dir%20das%20an%3A%20https%3A%2F%2Fwww.margheritaviaggi.com%2Fde%2Fcosa-fare%2F\" class=\"icon primary button circle tooltip email\" title=\"E-mail an einen Freund senden\" aria-label=\"E-mail an einen Freund senden\" rel=\"nofollow\"><i class=\"icon-envelop\" aria-hidden=\"true\"><\/i><\/a><a href=\"https:\/\/pinterest.com\/pin\/create\/button?url=https:\/\/www.margheritaviaggi.com\/de\/cosa-fare\/&media&description=Was%20machen\" onclick=\"window.open(this.href,this.title,'width=500,height=500,top=300px,left=300px'); return false;\" target=\"_blank\" class=\"icon primary button circle tooltip pinterest\" title=\"Pinterest Pin erstellen\" aria-label=\"Pinterest Pin erstellen\" rel=\"noopener nofollow\"><i class=\"icon-pinterest\" aria-hidden=\"true\"><\/i><\/a><a href=\"https:\/\/www.linkedin.com\/shareArticle?mini=true&url=https:\/\/www.margheritaviaggi.com\/de\/cosa-fare\/&title=Was%20machen\" onclick=\"window.open(this.href,this.title,'width=500,height=500,top=300px,left=300px'); return false;\" target=\"_blank\" class=\"icon primary button circle tooltip linkedin\" title=\"Auf LinkedIn teilen\" aria-label=\"Auf LinkedIn teilen\" rel=\"noopener nofollow\"><i class=\"icon-linkedin\" aria-hidden=\"true\"><\/i><\/a><\/div>\n\n<div class=\"is-divider divider clearfix\" style=\"margin-top:0px;margin-bottom:0px;max-width:100%;height:1px;\"><\/div>\n\n\n\t\t<\/div>\n\t\t\t\t\t<\/div>\n\n\t\n\n<\/div>\n","protected":false},"excerpt":{"rendered":"","protected":false},"author":1,"featured_media":0,"parent":0,"menu_order":47,"comment_status":"closed","ping_status":"closed","template":"page-blank.php","meta":{"_joinchat":[],"footnotes":""},"class_list":["post-49744","page","type-page","status-publish","hentry"],"aioseo_notices":[],"_links":{"self":[{"href":"https:\/\/www.margheritaviaggi.com\/de\/wp-json\/wp\/v2\/pages\/49744","targetHints":{"allow":["GET"]}}],"collection":[{"href":"https:\/\/www.margheritaviaggi.com\/de\/wp-json\/wp\/v2\/pages"}],"about":[{"href":"https:\/\/www.margheritaviaggi.com\/de\/wp-json\/wp\/v2\/types\/page"}],"author":[{"embeddable":true,"href":"https:\/\/www.margheritaviaggi.com\/de\/wp-json\/wp\/v2\/users\/1"}],"replies":[{"embeddable":true,"href":"https:\/\/www.margheritaviaggi.com\/de\/wp-json\/wp\/v2\/comments?post=49744"}],"version-history":[{"count":5,"href":"https:\/\/www.margheritaviaggi.com\/de\/wp-json\/wp\/v2\/pages\/49744\/revisions"}],"predecessor-version":[{"id":51275,"href":"https:\/\/www.margheritaviaggi.com\/de\/wp-json\/wp\/v2\/pages\/49744\/revisions\/51275"}],"wp:attachment":[{"href":"https:\/\/www.margheritaviaggi.com\/de\/wp-json\/wp\/v2\/media?parent=49744"}],"curies":[{"name":"wp","href":"https:\/\/api.w.org\/{rel}","templated":true}]}}