{"id":49720,"date":"2015-02-11T14:11:49","date_gmt":"2015-02-11T14:11:49","guid":{"rendered":"https:\/\/mv.comcart.it\/marciana-marina\/"},"modified":"2025-11-02T11:43:26","modified_gmt":"2025-11-02T11:43:26","slug":"marciana-marina","status":"publish","type":"page","link":"https:\/\/www.margheritaviaggi.com\/de\/esplora-lelba\/marciana-marina\/","title":{"rendered":"Marciana Marina"},"content":{"rendered":"\n\n\t<section class=\"section hide-for-small\" id=\"section_435539958\">\n\t\t<div class=\"section-bg fill\" >\n\t\t\t\t\t\t\t\t\t\n\t\t\t\n\n\t\t<\/div>\n\n\t\t\n\n\t\t<div class=\"section-content relative\">\n\t\t\t\n\n\t<div id=\"gap-1325715871\" class=\"gap-element clearfix\" style=\"display:block; height:auto;\">\n\t\t\n<style>\n#gap-1325715871 {\n  padding-top: 15px;\n}\n<\/style>\n\t<\/div>\n\t\n\n<div class=\"row\"  id=\"row-710364675\">\n\n\n\t<div id=\"col-884888165\" class=\"col small-12 large-12\"  >\n\t\t\t\t<div class=\"col-inner\"  >\n\t\t\t\n\t\t\t\n\n\t<div id=\"text-1230653724\" class=\"text\">\n\t\t\n\n<p style=\"margin-bottom: 0px;\"><a href=\"\/de\/\" style=\"color: #949494;\">Home<\/a> <a href=\"\/de\/esplora-lelba\/\" style=\"color: #949494;\">&gt; Entdecken Sie Elba<\/a> &gt; Marciana Marina\n<\/p>\n\n\t\t\n<style>\n#text-1230653724 {\n  font-size: 0.9rem;\n  color: rgb(0, 189, 233);\n}\n#text-1230653724 > * {\n  color: rgb(0, 189, 233);\n}\n<\/style>\n\t<\/div>\n\t\n\n\t\t<\/div>\n\t\t\t\t\n<style>\n#col-884888165 > .col-inner {\n  margin: 0px 0px -20px 0px;\n}\n<\/style>\n\t<\/div>\n\n\t\n\n<\/div>\n\n\t\t<\/div>\n\n\t\t\n<style>\n#section_435539958 {\n  padding-top: 0px;\n  padding-bottom: 0px;\n  background-color: rgb(244, 244, 245);\n}\n<\/style>\n\t<\/section>\n\t\n<div class=\"row row-collapse row-full-width\"  id=\"row-961827809\">\n\n\n\t<div id=\"col-28988128\" class=\"col small-12 large-12\"  >\n\t\t\t\t<div class=\"col-inner\"  >\n\t\t\t\n\t\t\t\n\n\n  <div class=\"banner has-hover\" id=\"banner-1206518450\">\n          <div class=\"banner-inner fill\">\n        <div class=\"banner-bg fill\" >\n            <img loading=\"lazy\" decoding=\"async\" width=\"1800\" height=\"1201\" src=\"https:\/\/www.margheritaviaggi.com\/wp-content\/uploads\/2015\/02\/MARCIANA-MARINA-VACANZE-ISOLA-ELBA.jpg\" class=\"bg attachment-original size-original\" alt=\"\" \/>                                    \n                    <\/div>\n\t\t\n        <div class=\"banner-layers container\">\n            <div class=\"fill banner-link\"><\/div>            \n\n   <div id=\"text-box-1800820822\" class=\"text-box banner-layer x50 md-x50 lg-x50 y50 md-y50 lg-y50 res-text\">\n                                <div class=\"text-box-content text dark\">\n              \n              <div class=\"text-inner text-center\">\n                  \n\n\n              <\/div>\n           <\/div>\n                            \n<style>\n#text-box-1800820822 {\n  width: 60%;\n}\n#text-box-1800820822 .text-box-content {\n  font-size: 100%;\n}\n@media (min-width:550px) {\n  #text-box-1800820822 {\n    width: 60%;\n  }\n}\n<\/style>\n    <\/div>\n \n\n        <\/div>\n      <\/div>\n\n            \n<style>\n#banner-1206518450 {\n  padding-top: 200px;\n  background-color: rgb(255, 255, 255);\n}\n#banner-1206518450 .banner-bg img {\n  object-position: 50% 50%;\n}\n@media (min-width:550px) {\n  #banner-1206518450 {\n    padding-top: 300px;\n  }\n}\n<\/style>\n  <\/div>\n\n\n\n\t\t<\/div>\n\t\t\t\t\n<style>\n#col-28988128 > .col-inner {\n  margin: 0px 0px -48px 0px;\n}\n@media (min-width:550px) {\n  #col-28988128 > .col-inner {\n    margin: 0px 0px -60px 0px;\n  }\n}\n<\/style>\n\t<\/div>\n\n\t\n\n<\/div>\n\n\t<section class=\"section\" id=\"section_1417997428\">\n\t\t<div class=\"section-bg fill\" >\n\t\t\t\t\t\t\t\t\t\n\t\t\t\n\n\t\t<\/div>\n\n\t\t\n\n\t\t<div class=\"section-content relative\">\n\t\t\t\n\n\t<div id=\"gap-775255098\" class=\"gap-element clearfix\" style=\"display:block; height:auto;\">\n\t\t\n<style>\n#gap-775255098 {\n  padding-top: 5px;\n}\n<\/style>\n\t<\/div>\n\t\n\n<div class=\"row\"  id=\"row-1334097781\">\n\n\n\t<div id=\"col-1396105727\" class=\"col small-12 large-12\"  >\n\t\t\t\t<div class=\"col-inner\"  >\n\t\t\t\n\t\t\t\n\n\t<div id=\"text-2131583124\" class=\"text\">\n\t\t\n\n<p style=\"margin-bottom: 0px;\"><strong>Marciana Marina<br><\/strong><\/p>\n\t\t\n<style>\n#text-2131583124 {\n  font-size: 1.5rem;\n  color: rgb(255, 255, 255);\n}\n#text-2131583124 > * {\n  color: rgb(255, 255, 255);\n}\n@media (min-width:550px) {\n  #text-2131583124 {\n    font-size: 2rem;\n  }\n}\n<\/style>\n\t<\/div>\n\t\n\n\t\t<\/div>\n\t\t\t\t\n<style>\n#col-1396105727 > .col-inner {\n  margin: 0px 0px -25px 0px;\n}\n<\/style>\n\t<\/div>\n\n\t\n\n<\/div>\n\n\t\t<\/div>\n\n\t\t\n<style>\n#section_1417997428 {\n  padding-top: 0px;\n  padding-bottom: 0px;\n  background-color: rgba(0, 0, 0, 0.7);\n}\n<\/style>\n\t<\/section>\n\t\n<div class=\"row\"  id=\"row-352356832\">\n\n\n\t<div id=\"col-492501217\" class=\"col small-12 large-12\"  >\n\t\t\t\t<div class=\"col-inner text-left\"  >\n\t\t\t\n\t\t\t\n\n<p><p>Nach Ende der Zeit, in der Piraten angriffen, und nach Erreichen der Unabh\u00e4ngigkeit von der Gemeinde Marciana im Jahre 1884 behauptet sich Marciana Marina als eigenst\u00e4ndige Ortschaft und beginnt, sich um die beiden historischen Symbole seines Gebietes herum zu entwickeln: den pisanischen Turm aus dem 12. Jahrhundert und den historischen Ortskern &#8222;Il Cotone&#8220;, der um eine kleine Einbuchtung herum entstand, die Fischerbooten eine sichere Zuflucht bot.<\/p>\n<p>Marciana Marina, vom Ausma\u00df her eine der kleinsten Gemeinden Italiens, zeichnet sich durch ihren historischen Kern aus, der noch immer vom &#8222;Cotone&#8220; mit seinen typischen bunten, dicht beieinander stehenden H\u00e4usern gebildet wird, die auf einem Vorsprung direkt am Meer liegen, durch die Kirche Santa Chiara im Zentrum und durch seine lange Strandpromenade mit f\u00fcr das 19. Jahrhundert typischen Geb\u00e4uden, wo jahrhundertealte, lange Reihen von Tamerisken wachsen, die bis zum Turm reichen.<\/p>\n<p>Seine Berufung waren lange Zeit Ackerbau und Fischfang, aber seit die Insel von Touristen besucht wird, hat sich sowohl das Aussehen des Ortes als auch seine Wirtschaft radikal ge\u00e4ndert.<\/p>\n<p>Sehr interessant ist ein Besuch des Strandes von Bagno, wo sich fr\u00fcher eine von Elbas zahlreichen Fanganlagen f\u00fcr Thunfisch befand. Der Thunfischfang war n\u00e4mlich f\u00fcr die Wirtschaft der Insel mit am wichtigsten. Thunfischprodukte wurden in gro\u00dfer Zahl verarbeitet und exportiert.<\/p>\n<p>Der von Nordwesten bis Nordosten vollkommen zum Meer hin offene Ort ist nach der Errichtung des Deichs zu Beginn des 20. Jahrhunderts im Laufe der Zeit ein wichtiger, sicherer Touristenhafen geworden, die letzte Station vor Korsika.<\/p>\n<p>Markttag: Dienstag<\/p>\n<\/p>\n<p>\u00a0<\/p>\n\n\t<div class=\"img has-hover x md-x lg-x y md-y lg-y\" id=\"image_463572886\">\n\t\t\t\t\t\t\t\t<div class=\"img-inner dark\" >\n\t\t\t<img loading=\"lazy\" decoding=\"async\" width=\"1050\" height=\"750\" src=\"https:\/\/www.margheritaviaggi.com\/wp-content\/uploads\/2015\/02\/Marciana-Marina-Fuochi-.jpg\" class=\"attachment-original size-original\" alt=\"\" srcset=\"https:\/\/www.margheritaviaggi.com\/wp-content\/uploads\/2015\/02\/Marciana-Marina-Fuochi-.jpg 1050w, https:\/\/www.margheritaviaggi.com\/wp-content\/uploads\/2015\/02\/Marciana-Marina-Fuochi--300x214.jpg 300w, https:\/\/www.margheritaviaggi.com\/wp-content\/uploads\/2015\/02\/Marciana-Marina-Fuochi--1024x731.jpg 1024w, https:\/\/www.margheritaviaggi.com\/wp-content\/uploads\/2015\/02\/Marciana-Marina-Fuochi--768x549.jpg 768w\" sizes=\"auto, (max-width: 1050px) 100vw, 1050px\" \/>\t\t\t\t\t\t\n\t\t\t\t\t<\/div>\n\t\t\t\t\t\t\t\t\n<style>\n#image_463572886 {\n  width: 100%;\n}\n<\/style>\n\t<\/div>\n\t\n\n\t<div class=\"img has-hover x md-x lg-x y md-y lg-y\" id=\"image_489209521\">\n\t\t\t\t\t\t\t\t<div class=\"img-inner dark\" >\n\t\t\t<img loading=\"lazy\" decoding=\"async\" width=\"1050\" height=\"750\" src=\"https:\/\/www.margheritaviaggi.com\/wp-content\/uploads\/2015\/02\/Marciana-Marina-.jpg\" class=\"attachment-original size-original\" alt=\"\" srcset=\"https:\/\/www.margheritaviaggi.com\/wp-content\/uploads\/2015\/02\/Marciana-Marina-.jpg 1050w, https:\/\/www.margheritaviaggi.com\/wp-content\/uploads\/2015\/02\/Marciana-Marina--300x214.jpg 300w, https:\/\/www.margheritaviaggi.com\/wp-content\/uploads\/2015\/02\/Marciana-Marina--1024x731.jpg 1024w, https:\/\/www.margheritaviaggi.com\/wp-content\/uploads\/2015\/02\/Marciana-Marina--768x549.jpg 768w\" sizes=\"auto, (max-width: 1050px) 100vw, 1050px\" \/>\t\t\t\t\t\t\n\t\t\t\t\t<\/div>\n\t\t\t\t\t\t\t\t\n<style>\n#image_489209521 {\n  width: 100%;\n}\n<\/style>\n\t<\/div>\n\t\n\n\n\t\t<\/div>\n\t\t\t\t\t<\/div>\n\n\t\n\n\t<div id=\"col-213555430\" class=\"col small-12 large-12\"  >\n\t\t\t\t<div class=\"col-inner\"  >\n\t\t\t\n\t\t\t\n\n<div class=\"is-divider divider clearfix\" style=\"margin-top:0px;margin-bottom:0px;max-width:100%;height:1px;\"><\/div>\n\n\t<div id=\"gap-1752658894\" class=\"gap-element clearfix\" style=\"display:block; height:auto;\">\n\t\t\n<style>\n#gap-1752658894 {\n  padding-top: 10px;\n}\n<\/style>\n\t<\/div>\n\t\n\n<div class=\"social-icons share-icons share-row relative full-width text-center icon-style-fill\" ><span class=\"share-icons-title\">Condividi:<\/span><a href=\"whatsapp:\/\/send?text=Marciana%20Marina - https:\/\/www.margheritaviaggi.com\/de\/esplora-lelba\/marciana-marina\/\" data-action=\"share\/whatsapp\/share\" class=\"icon primary button circle tooltip whatsapp show-for-medium\" title=\"Auf WhatsApp teilen\" aria-label=\"Auf WhatsApp teilen\"><i class=\"icon-whatsapp\" aria-hidden=\"true\"><\/i><\/a><a href=\"https:\/\/www.facebook.com\/sharer.php?u=https:\/\/www.margheritaviaggi.com\/de\/esplora-lelba\/marciana-marina\/\" data-label=\"Facebook\" onclick=\"window.open(this.href,this.title,'width=500,height=500,top=300px,left=300px'); return false;\" target=\"_blank\" class=\"icon primary button circle tooltip facebook\" title=\"Auf Facebook teilen\" aria-label=\"Auf Facebook teilen\" rel=\"noopener nofollow\"><i class=\"icon-facebook\" aria-hidden=\"true\"><\/i><\/a><a href=\"https:\/\/twitter.com\/share?url=https:\/\/www.margheritaviaggi.com\/de\/esplora-lelba\/marciana-marina\/\" onclick=\"window.open(this.href,this.title,'width=500,height=500,top=300px,left=300px'); return false;\" target=\"_blank\" class=\"icon primary button circle tooltip twitter\" title=\"Auf Twitter teilen\" aria-label=\"Auf Twitter teilen\" rel=\"noopener nofollow\"><i class=\"icon-twitter\" aria-hidden=\"true\"><\/i><\/a><a href=\"mailto:?subject=Marciana%20Marina&body=Schau%20dir%20das%20an%3A%20https%3A%2F%2Fwww.margheritaviaggi.com%2Fde%2Fesplora-lelba%2Fmarciana-marina%2F\" class=\"icon primary button circle tooltip email\" title=\"E-mail an einen Freund senden\" aria-label=\"E-mail an einen Freund senden\" rel=\"nofollow\"><i class=\"icon-envelop\" aria-hidden=\"true\"><\/i><\/a><a href=\"https:\/\/pinterest.com\/pin\/create\/button?url=https:\/\/www.margheritaviaggi.com\/de\/esplora-lelba\/marciana-marina\/&media=https:\/\/www.margheritaviaggi.com\/wp-content\/uploads\/2015\/02\/MARCIANA-MARINA-VACANZE-ISOLA-ELBA-1024x683.jpg&description=Marciana%20Marina\" onclick=\"window.open(this.href,this.title,'width=500,height=500,top=300px,left=300px'); return false;\" target=\"_blank\" class=\"icon primary button circle tooltip pinterest\" title=\"Pinterest Pin erstellen\" aria-label=\"Pinterest Pin erstellen\" rel=\"noopener nofollow\"><i class=\"icon-pinterest\" aria-hidden=\"true\"><\/i><\/a><a href=\"https:\/\/www.linkedin.com\/shareArticle?mini=true&url=https:\/\/www.margheritaviaggi.com\/de\/esplora-lelba\/marciana-marina\/&title=Marciana%20Marina\" onclick=\"window.open(this.href,this.title,'width=500,height=500,top=300px,left=300px'); return false;\" target=\"_blank\" class=\"icon primary button circle tooltip linkedin\" title=\"Auf LinkedIn teilen\" aria-label=\"Auf LinkedIn teilen\" rel=\"noopener nofollow\"><i class=\"icon-linkedin\" aria-hidden=\"true\"><\/i><\/a><\/div>\n\n<div class=\"is-divider divider clearfix\" style=\"margin-top:0px;margin-bottom:0px;max-width:100%;height:1px;\"><\/div>\n\n\n\t\t<\/div>\n\t\t\t\t\t<\/div>\n\n\t\n\n<\/div>\n","protected":false},"excerpt":{"rendered":"","protected":false},"author":1,"featured_media":39358,"parent":50136,"menu_order":51,"comment_status":"closed","ping_status":"closed","template":"page-blank.php","meta":{"_joinchat":[],"footnotes":""},"class_list":["post-49720","page","type-page","status-publish","has-post-thumbnail","hentry"],"aioseo_notices":[],"_links":{"self":[{"href":"https:\/\/www.margheritaviaggi.com\/de\/wp-json\/wp\/v2\/pages\/49720","targetHints":{"allow":["GET"]}}],"collection":[{"href":"https:\/\/www.margheritaviaggi.com\/de\/wp-json\/wp\/v2\/pages"}],"about":[{"href":"https:\/\/www.margheritaviaggi.com\/de\/wp-json\/wp\/v2\/types\/page"}],"author":[{"embeddable":true,"href":"https:\/\/www.margheritaviaggi.com\/de\/wp-json\/wp\/v2\/users\/1"}],"replies":[{"embeddable":true,"href":"https:\/\/www.margheritaviaggi.com\/de\/wp-json\/wp\/v2\/comments?post=49720"}],"version-history":[{"count":34,"href":"https:\/\/www.margheritaviaggi.com\/de\/wp-json\/wp\/v2\/pages\/49720\/revisions"}],"predecessor-version":[{"id":51295,"href":"https:\/\/www.margheritaviaggi.com\/de\/wp-json\/wp\/v2\/pages\/49720\/revisions\/51295"}],"up":[{"embeddable":true,"href":"https:\/\/www.margheritaviaggi.com\/de\/wp-json\/wp\/v2\/pages\/50136"}],"wp:featuredmedia":[{"embeddable":true,"href":"https:\/\/www.margheritaviaggi.com\/de\/wp-json\/wp\/v2\/media\/39358"}],"wp:attachment":[{"href":"https:\/\/www.margheritaviaggi.com\/de\/wp-json\/wp\/v2\/media?parent=49720"}],"curies":[{"name":"wp","href":"https:\/\/api.w.org\/{rel}","templated":true}]}}