{"id":49705,"date":"2015-02-11T14:12:06","date_gmt":"2015-02-11T14:12:06","guid":{"rendered":"https:\/\/mv.comcart.it\/marciana\/"},"modified":"2025-11-02T11:43:09","modified_gmt":"2025-11-02T11:43:09","slug":"marciana","status":"publish","type":"page","link":"https:\/\/www.margheritaviaggi.com\/de\/esplora-lelba\/marciana\/","title":{"rendered":"Marciana"},"content":{"rendered":"\n\n\t<section class=\"section hide-for-small\" id=\"section_215892082\">\n\t\t<div class=\"section-bg fill\" >\n\t\t\t\t\t\t\t\t\t\n\t\t\t\n\n\t\t<\/div>\n\n\t\t\n\n\t\t<div class=\"section-content relative\">\n\t\t\t\n\n\t<div id=\"gap-2086262900\" class=\"gap-element clearfix\" style=\"display:block; height:auto;\">\n\t\t\n<style>\n#gap-2086262900 {\n  padding-top: 15px;\n}\n<\/style>\n\t<\/div>\n\t\n\n<div class=\"row\"  id=\"row-1023588451\">\n\n\n\t<div id=\"col-1889922232\" class=\"col small-12 large-12\"  >\n\t\t\t\t<div class=\"col-inner\"  >\n\t\t\t\n\t\t\t\n\n\t<div id=\"text-796069031\" class=\"text\">\n\t\t\n\n<p style=\"margin-bottom: 0px;\"><a href=\"\/de\/\" style=\"color: #949494;\">Home<\/a> <a href=\"\/de\/esplora-lelba\/\" style=\"color: #949494;\">&gt; Entdecken Sie Elba<\/a> &gt; Marciana\n<\/p>\n\n\t\t\n<style>\n#text-796069031 {\n  font-size: 0.9rem;\n  color: rgb(0, 189, 233);\n}\n#text-796069031 > * {\n  color: rgb(0, 189, 233);\n}\n<\/style>\n\t<\/div>\n\t\n\n\t\t<\/div>\n\t\t\t\t\n<style>\n#col-1889922232 > .col-inner {\n  margin: 0px 0px -20px 0px;\n}\n<\/style>\n\t<\/div>\n\n\t\n\n<\/div>\n\n\t\t<\/div>\n\n\t\t\n<style>\n#section_215892082 {\n  padding-top: 0px;\n  padding-bottom: 0px;\n  background-color: rgb(244, 244, 245);\n}\n<\/style>\n\t<\/section>\n\t\n<div class=\"row row-collapse row-full-width\"  id=\"row-688316752\">\n\n\n\t<div id=\"col-2032606550\" class=\"col small-12 large-12\"  >\n\t\t\t\t<div class=\"col-inner\"  >\n\t\t\t\n\t\t\t\n\n\n  <div class=\"banner has-hover\" id=\"banner-1583591899\">\n          <div class=\"banner-inner fill\">\n        <div class=\"banner-bg fill\" >\n            <img loading=\"lazy\" decoding=\"async\" width=\"328\" height=\"260\" src=\"https:\/\/www.margheritaviaggi.com\/wp-content\/uploads\/2015\/02\/8_Margherita.jpg\" class=\"bg attachment-original size-original\" alt=\"\" \/>                                    \n                    <\/div>\n\t\t\n        <div class=\"banner-layers container\">\n            <div class=\"fill banner-link\"><\/div>            \n\n   <div id=\"text-box-1503835114\" class=\"text-box banner-layer x50 md-x50 lg-x50 y50 md-y50 lg-y50 res-text\">\n                                <div class=\"text-box-content text dark\">\n              \n              <div class=\"text-inner text-center\">\n                  \n\n\n              <\/div>\n           <\/div>\n                            \n<style>\n#text-box-1503835114 {\n  width: 60%;\n}\n#text-box-1503835114 .text-box-content {\n  font-size: 100%;\n}\n@media (min-width:550px) {\n  #text-box-1503835114 {\n    width: 60%;\n  }\n}\n<\/style>\n    <\/div>\n \n\n        <\/div>\n      <\/div>\n\n            \n<style>\n#banner-1583591899 {\n  padding-top: 200px;\n  background-color: rgb(255, 255, 255);\n}\n#banner-1583591899 .banner-bg img {\n  object-position: 50% 50%;\n}\n@media (min-width:550px) {\n  #banner-1583591899 {\n    padding-top: 300px;\n  }\n}\n<\/style>\n  <\/div>\n\n\n\n\t\t<\/div>\n\t\t\t\t\n<style>\n#col-2032606550 > .col-inner {\n  margin: 0px 0px -48px 0px;\n}\n@media (min-width:550px) {\n  #col-2032606550 > .col-inner {\n    margin: 0px 0px -60px 0px;\n  }\n}\n<\/style>\n\t<\/div>\n\n\t\n\n<\/div>\n\n\t<section class=\"section\" id=\"section_1261291827\">\n\t\t<div class=\"section-bg fill\" >\n\t\t\t\t\t\t\t\t\t\n\t\t\t\n\n\t\t<\/div>\n\n\t\t\n\n\t\t<div class=\"section-content relative\">\n\t\t\t\n\n\t<div id=\"gap-1607538013\" class=\"gap-element clearfix\" style=\"display:block; height:auto;\">\n\t\t\n<style>\n#gap-1607538013 {\n  padding-top: 5px;\n}\n<\/style>\n\t<\/div>\n\t\n\n<div class=\"row\"  id=\"row-593827531\">\n\n\n\t<div id=\"col-629586326\" class=\"col small-12 large-12\"  >\n\t\t\t\t<div class=\"col-inner\"  >\n\t\t\t\n\t\t\t\n\n\t<div id=\"text-2237873862\" class=\"text\">\n\t\t\n\n<p style=\"margin-bottom: 0px;\"><strong>Marciana<\/strong><\/p>\n\t\t\n<style>\n#text-2237873862 {\n  font-size: 1.5rem;\n  color: rgb(255, 255, 255);\n}\n#text-2237873862 > * {\n  color: rgb(255, 255, 255);\n}\n@media (min-width:550px) {\n  #text-2237873862 {\n    font-size: 2rem;\n  }\n}\n<\/style>\n\t<\/div>\n\t\n\n\t\t<\/div>\n\t\t\t\t\n<style>\n#col-629586326 > .col-inner {\n  margin: 0px 0px -25px 0px;\n}\n<\/style>\n\t<\/div>\n\n\t\n\n<\/div>\n\n\t\t<\/div>\n\n\t\t\n<style>\n#section_1261291827 {\n  padding-top: 0px;\n  padding-bottom: 0px;\n  background-color: rgba(0, 0, 0, 0.7);\n}\n<\/style>\n\t<\/section>\n\t\n<div class=\"row\"  id=\"row-878542781\">\n\n\n\t<div id=\"col-1280774435\" class=\"col small-12 large-12\"  >\n\t\t\t\t<div class=\"col-inner text-left\"  >\n\t\t\t\n\t\t\t\n\n\t<div id=\"text-2730787360\" class=\"text\">\n\t\t\n\n<p>Marciana ist von allen Gemeinden Elbas sicher die heterogenste, da sie auf ihrem Gebiet sehr unterschiedliche Ortsteile vereinigt.<\/p>\n<p>Die Ortschaft Marciana auf 375 Metern \u00fc.d.M. und der Ortsteil Poggio haben am Nordhang des Monte Capanne ihr mittelalterliches Aussehen vollkommen beibehalten, das sich durch ein Stadtbild aus eng beieinander liegenden H\u00e4usern, kleinen Pl\u00e4tzen und sehr engen Gassen aus Granit auszeichnet, in denen nur wenige Eingangst\u00fcren ge\u00f6ffnet sind.<\/p>\n<p>Der sehr alte Ort (35 v. Chr.) Marciana, dessen St\u00e4rke seine erh\u00f6hte Lage ist, die ihn vor Angriffen durch Piraten sch\u00fctzte, erlebte seine erste Bl\u00fctezeit mit den Pisanern, dann mit den F\u00fcrsten von Piombino, den Appianern, die ihn zu ihrer Residenz machten, von der aus sie mehr als die H\u00e4lfte der Insel inklusive Pianosa beherrschten. Auf einem Saumpfad erreicht man von der Ortschaft aus in kurzer Zeit das Heiligtum der Madonna del Monte, das \u00e4lteste von Elba, das schon seit dem 14. Jh. eine Kultst\u00e4tte war und 1595 erbaut wurde, mehrfach seine Gestalt wechselte und die heutige im Jahre 1799 bekam; ber\u00fchmt wurde es durch einen kurzen Aufenthalt Napoleons, der dort seine Geliebte Maria Walewska kennenlernte. Einen Besuch wert sind au\u00dferdem die pisanische Festung aus dem 12. Jahrhundert, das arch\u00e4ologische Museum, in dem die erstaunlichen Reste der uralten Vergangenheit dieser Landschaft aufbewahrt werden, und die Casa del Parco.<\/p>\n<p>Nach Jahrhunderten der Eisenverarbeitung wurden Viehzucht und Ackerbau zur Berufung der Bewohner von Marciana. Wie in ganz Elba hat auch hier der Tourismus eine starke Ver\u00e4nderung mit sich gebracht und die Entwicklung Elbas zum touristischen Ziel nahm genau hier, in der Siedlung Poggio, ihren Anfang. Das Dorf besitzt n\u00e4mlich etwas sehr Interessantes: eine kleine, nat\u00fcrliche Quelle mit dem saubersten Wasser und Heilkr\u00e4ften, die &#8222;Fonte Napoleone&#8220;, ein kleiner Schatz, den schon Napoleon Bonaparte kannte und sch\u00e4tzte. Diese Quelle machte Poggio gemeinsam mit seinem milden Mikroklima zu einem richtigen Luftkurort, der nach der Errichtung des Thermalbads und des ersten Hotels von Elba die ersten Touristen nach Elba lockte. Ein kurzer Spaziergang vom Friedhof von Poggio aus f\u00fchrt zur Einsiedelei von San Cerbone, einem sehr eindrucksvollen Ort, der zu Ehren des Heiligen erbaut wurde, der im Jahre 572 nach der Ankunft der Langobarden in Populonia hierher floh. In der Ortschaft Poggio ist eine Besichtigung der Kirche San Niccol\u00f2 sehr interessant, ein sehr eindrucksvoller, klassischer Ort und Beispiel einer alten Festungskirche.<\/p>\n<p>Einen Besuch lohnt die Kirche San Lorenzo, ein richtiges nationales Denkmal; diese romanische Pfarrkirche wurde im Jahre 1554 von den T\u00fcrken zerst\u00f6rt.<\/p>\n<p>Die anderen Ortsteile der Gemeinde sind sehr attraktive Badeorte: Sant&#8217;Andrea, Patresi, Chiessi, Pomonte und Procchio.<\/p>\n\n\t\t\n<style>\n#text-2730787360 {\n  text-align: left;\n}\n<\/style>\n\t<\/div>\n\t\n\n\t\t<\/div>\n\t\t\t\t\t<\/div>\n\n\t\n\n\t<div id=\"col-604398570\" class=\"col small-12 large-12\"  >\n\t\t\t\t<div class=\"col-inner\"  >\n\t\t\t\n\t\t\t\n\n<div class=\"is-divider divider clearfix\" style=\"margin-top:0px;margin-bottom:0px;max-width:100%;height:1px;\"><\/div>\n\n\t<div id=\"gap-1612726431\" class=\"gap-element clearfix\" style=\"display:block; height:auto;\">\n\t\t\n<style>\n#gap-1612726431 {\n  padding-top: 10px;\n}\n<\/style>\n\t<\/div>\n\t\n\n<div class=\"social-icons share-icons share-row relative full-width text-center icon-style-fill\" ><span class=\"share-icons-title\">Condividi:<\/span><a href=\"whatsapp:\/\/send?text=Marciana - https:\/\/www.margheritaviaggi.com\/de\/esplora-lelba\/marciana\/\" data-action=\"share\/whatsapp\/share\" class=\"icon primary button circle tooltip whatsapp show-for-medium\" title=\"Auf WhatsApp teilen\" aria-label=\"Auf WhatsApp teilen\"><i class=\"icon-whatsapp\" aria-hidden=\"true\"><\/i><\/a><a href=\"https:\/\/www.facebook.com\/sharer.php?u=https:\/\/www.margheritaviaggi.com\/de\/esplora-lelba\/marciana\/\" data-label=\"Facebook\" onclick=\"window.open(this.href,this.title,'width=500,height=500,top=300px,left=300px'); return false;\" target=\"_blank\" class=\"icon primary button circle tooltip facebook\" title=\"Auf Facebook teilen\" aria-label=\"Auf Facebook teilen\" rel=\"noopener nofollow\"><i class=\"icon-facebook\" aria-hidden=\"true\"><\/i><\/a><a href=\"https:\/\/twitter.com\/share?url=https:\/\/www.margheritaviaggi.com\/de\/esplora-lelba\/marciana\/\" onclick=\"window.open(this.href,this.title,'width=500,height=500,top=300px,left=300px'); return false;\" target=\"_blank\" class=\"icon primary button circle tooltip twitter\" title=\"Auf Twitter teilen\" aria-label=\"Auf Twitter teilen\" rel=\"noopener nofollow\"><i class=\"icon-twitter\" aria-hidden=\"true\"><\/i><\/a><a href=\"mailto:?subject=Marciana&body=Schau%20dir%20das%20an%3A%20https%3A%2F%2Fwww.margheritaviaggi.com%2Fde%2Fesplora-lelba%2Fmarciana%2F\" class=\"icon primary button circle tooltip email\" title=\"E-mail an einen Freund senden\" aria-label=\"E-mail an einen Freund senden\" rel=\"nofollow\"><i class=\"icon-envelop\" aria-hidden=\"true\"><\/i><\/a><a href=\"https:\/\/pinterest.com\/pin\/create\/button?url=https:\/\/www.margheritaviaggi.com\/de\/esplora-lelba\/marciana\/&media=https:\/\/www.margheritaviaggi.com\/wp-content\/uploads\/2015\/02\/8_Margherita.jpg&description=Marciana\" onclick=\"window.open(this.href,this.title,'width=500,height=500,top=300px,left=300px'); return false;\" target=\"_blank\" class=\"icon primary button circle tooltip pinterest\" title=\"Pinterest Pin erstellen\" aria-label=\"Pinterest Pin erstellen\" rel=\"noopener nofollow\"><i class=\"icon-pinterest\" aria-hidden=\"true\"><\/i><\/a><a href=\"https:\/\/www.linkedin.com\/shareArticle?mini=true&url=https:\/\/www.margheritaviaggi.com\/de\/esplora-lelba\/marciana\/&title=Marciana\" onclick=\"window.open(this.href,this.title,'width=500,height=500,top=300px,left=300px'); return false;\" target=\"_blank\" class=\"icon primary button circle tooltip linkedin\" title=\"Auf LinkedIn teilen\" aria-label=\"Auf LinkedIn teilen\" rel=\"noopener nofollow\"><i class=\"icon-linkedin\" aria-hidden=\"true\"><\/i><\/a><\/div>\n\n<div class=\"is-divider divider clearfix\" style=\"margin-top:0px;margin-bottom:0px;max-width:100%;height:1px;\"><\/div>\n\n\n\t\t<\/div>\n\t\t\t\t\t<\/div>\n\n\t\n\n<\/div>\n","protected":false},"excerpt":{"rendered":"","protected":false},"author":1,"featured_media":39266,"parent":50136,"menu_order":50,"comment_status":"closed","ping_status":"closed","template":"page-blank.php","meta":{"_joinchat":[],"footnotes":""},"class_list":["post-49705","page","type-page","status-publish","has-post-thumbnail","hentry"],"aioseo_notices":[],"_links":{"self":[{"href":"https:\/\/www.margheritaviaggi.com\/de\/wp-json\/wp\/v2\/pages\/49705","targetHints":{"allow":["GET"]}}],"collection":[{"href":"https:\/\/www.margheritaviaggi.com\/de\/wp-json\/wp\/v2\/pages"}],"about":[{"href":"https:\/\/www.margheritaviaggi.com\/de\/wp-json\/wp\/v2\/types\/page"}],"author":[{"embeddable":true,"href":"https:\/\/www.margheritaviaggi.com\/de\/wp-json\/wp\/v2\/users\/1"}],"replies":[{"embeddable":true,"href":"https:\/\/www.margheritaviaggi.com\/de\/wp-json\/wp\/v2\/comments?post=49705"}],"version-history":[{"count":12,"href":"https:\/\/www.margheritaviaggi.com\/de\/wp-json\/wp\/v2\/pages\/49705\/revisions"}],"predecessor-version":[{"id":51294,"href":"https:\/\/www.margheritaviaggi.com\/de\/wp-json\/wp\/v2\/pages\/49705\/revisions\/51294"}],"up":[{"embeddable":true,"href":"https:\/\/www.margheritaviaggi.com\/de\/wp-json\/wp\/v2\/pages\/50136"}],"wp:featuredmedia":[{"embeddable":true,"href":"https:\/\/www.margheritaviaggi.com\/de\/wp-json\/wp\/v2\/media\/39266"}],"wp:attachment":[{"href":"https:\/\/www.margheritaviaggi.com\/de\/wp-json\/wp\/v2\/media?parent=49705"}],"curies":[{"name":"wp","href":"https:\/\/api.w.org\/{rel}","templated":true}]}}