{"id":49701,"date":"2015-02-11T14:11:18","date_gmt":"2015-02-11T14:11:18","guid":{"rendered":"https:\/\/mv.comcart.it\/marina-di-campo\/"},"modified":"2025-11-02T11:42:52","modified_gmt":"2025-11-02T11:42:52","slug":"marina-di-campo","status":"publish","type":"page","link":"https:\/\/www.margheritaviaggi.com\/de\/esplora-lelba\/marina-di-campo\/","title":{"rendered":"Marina di campo"},"content":{"rendered":"\n\n\t<section class=\"section hide-for-small\" id=\"section_1550367520\">\n\t\t<div class=\"section-bg fill\" >\n\t\t\t\t\t\t\t\t\t\n\t\t\t\n\n\t\t<\/div>\n\n\t\t\n\n\t\t<div class=\"section-content relative\">\n\t\t\t\n\n\t<div id=\"gap-911430040\" class=\"gap-element clearfix\" style=\"display:block; height:auto;\">\n\t\t\n<style>\n#gap-911430040 {\n  padding-top: 15px;\n}\n<\/style>\n\t<\/div>\n\t\n\n<div class=\"row\"  id=\"row-1989534795\">\n\n\n\t<div id=\"col-1334955450\" class=\"col small-12 large-12\"  >\n\t\t\t\t<div class=\"col-inner\"  >\n\t\t\t\n\t\t\t\n\n\t<div id=\"text-1776084520\" class=\"text\">\n\t\t\n\n<p style=\"margin-bottom: 0px;\"><a href=\"\/de\/\" style=\"color: #949494;\">Home<\/a> <a href=\"\/de\/esplora-lelba\/\" style=\"color: #949494;\">&gt; Entdecken Sie Elba<\/a> &gt; Marina di campo<\/p>\n\n\t\t\n<style>\n#text-1776084520 {\n  font-size: 0.9rem;\n  color: rgb(0, 189, 233);\n}\n#text-1776084520 > * {\n  color: rgb(0, 189, 233);\n}\n<\/style>\n\t<\/div>\n\t\n\n\t\t<\/div>\n\t\t\t\t\n<style>\n#col-1334955450 > .col-inner {\n  margin: 0px 0px -20px 0px;\n}\n<\/style>\n\t<\/div>\n\n\t\n\n<\/div>\n\n\t\t<\/div>\n\n\t\t\n<style>\n#section_1550367520 {\n  padding-top: 0px;\n  padding-bottom: 0px;\n  background-color: rgb(244, 244, 245);\n}\n<\/style>\n\t<\/section>\n\t\n\n\t<section class=\"section\" id=\"section_1680286308\">\n\t\t<div class=\"section-bg fill\" >\n\t\t\t\t\t\t\t\t\t\n\t\t\t\n\n\t\t<\/div>\n\n\t\t\n\n\t\t<div class=\"section-content relative\">\n\t\t\t\n\n\t<div id=\"gap-1252308666\" class=\"gap-element clearfix\" style=\"display:block; height:auto;\">\n\t\t\n<style>\n#gap-1252308666 {\n  padding-top: 5px;\n}\n<\/style>\n\t<\/div>\n\t\n\n<div class=\"row\"  id=\"row-1918200449\">\n\n\n\t<div id=\"col-1656448477\" class=\"col small-12 large-12\"  >\n\t\t\t\t<div class=\"col-inner\"  >\n\t\t\t\n\t\t\t\n\n\t<div id=\"text-621014344\" class=\"text\">\n\t\t\n\n<p style=\"margin-bottom: 0px;\"><strong>Marina di campo<\/strong><\/p>\n\t\t\n<style>\n#text-621014344 {\n  font-size: 1.5rem;\n  color: rgb(255, 255, 255);\n}\n#text-621014344 > * {\n  color: rgb(255, 255, 255);\n}\n@media (min-width:550px) {\n  #text-621014344 {\n    font-size: 2rem;\n  }\n}\n<\/style>\n\t<\/div>\n\t\n\n\t\t<\/div>\n\t\t\t\t\n<style>\n#col-1656448477 > .col-inner {\n  margin: 0px 0px -25px 0px;\n}\n<\/style>\n\t<\/div>\n\n\t\n\n<\/div>\n\n\t\t<\/div>\n\n\t\t\n<style>\n#section_1680286308 {\n  padding-top: 0px;\n  padding-bottom: 0px;\n  background-color: rgb(5, 18, 27);\n}\n<\/style>\n\t<\/section>\n\t\n<div class=\"row\"  id=\"row-191449566\">\n\n\n\t<div id=\"col-1806895628\" class=\"col small-12 large-12\"  >\n\t\t\t\t<div class=\"col-inner\"  >\n\t\t\t\n\t\t\t\n\n\t<div class=\"img has-hover x md-x lg-x y md-y lg-y\" id=\"image_991752128\">\n\t\t<a class=\"image-lightbox lightbox-gallery\" title=\"\" href=\"https:\/\/www.margheritaviaggi.com\/wp-content\/uploads\/2015\/02\/Spiaggia-Marina-di-Campo-Vista-aerea1.jpg\">\t\t\t\t\t\t<div class=\"img-inner dark\" >\n\t\t\t<img loading=\"lazy\" decoding=\"async\" width=\"1050\" height=\"750\" src=\"https:\/\/www.margheritaviaggi.com\/wp-content\/uploads\/2015\/02\/Spiaggia-Marina-di-Campo-Vista-aerea1.jpg\" class=\"attachment-original size-original\" alt=\"\" srcset=\"https:\/\/www.margheritaviaggi.com\/wp-content\/uploads\/2015\/02\/Spiaggia-Marina-di-Campo-Vista-aerea1.jpg 1050w, https:\/\/www.margheritaviaggi.com\/wp-content\/uploads\/2015\/02\/Spiaggia-Marina-di-Campo-Vista-aerea1-300x214.jpg 300w, https:\/\/www.margheritaviaggi.com\/wp-content\/uploads\/2015\/02\/Spiaggia-Marina-di-Campo-Vista-aerea1-1024x731.jpg 1024w, https:\/\/www.margheritaviaggi.com\/wp-content\/uploads\/2015\/02\/Spiaggia-Marina-di-Campo-Vista-aerea1-768x549.jpg 768w\" sizes=\"auto, (max-width: 1050px) 100vw, 1050px\" \/>\t\t\t\t\t\t\n\t\t\t\t\t<\/div>\n\t\t\t\t\t\t<\/a>\t\t\n<style>\n#image_991752128 {\n  width: 100%;\n}\n<\/style>\n\t<\/div>\n\t\n\n\n\t\t<\/div>\n\t\t\t\t\t<\/div>\n\n\t\n\n\t<div id=\"col-1708143675\" class=\"col small-12 large-12\"  >\n\t\t\t\t<div class=\"col-inner text-center\"  >\n\t\t\t\n\t\t\t\n\n\t<div id=\"text-968797374\" class=\"text\">\n\t\t\n\n<p><p>Entstanden 1894 infolge der Trennung von der Gemeinde Marciana, deren Wappen noch heute ein Teil von dem Campos ist; Campo ist in Wirklichkeit nur der Name der Gemeinde, da keiner der Orte tats\u00e4chlich so hei\u00dft. Die bekanntesten Ortsteile sind Marina di Campo, Cavoli, Seccheto und Fetovaia am Meer sowie die H\u00fcgelsiedlungen S. Pietro und S. Ilario.<\/p>\n<p>Das Gebiet liegt s\u00fcdwestlich vom Massiv des Monte Capanne und ist somit dem Libeccio und der salzigen Luft ausgesetzt und bekommt wenig Niederschl\u00e4ge ab, was die Vegetation erkl\u00e4rt: niedriger, mittelmeertypischer Macchiawald.<\/p>\n<p>Der Ortsname (Campo, &#8222;Feld&#8220;) l\u00e4sst bereits darauf schlie\u00dfen, dass sich hier eine gro\u00dfe, ebene Fl\u00e4che befindet, auf der der einzige Flughafen der Insel liegt und die an dem reizvollen Golf mit seinem wundersch\u00f6nen Sandstrand endet.<\/p>\n<p>Die Geschichte der Gemeinde ist stets vom Granit gepr\u00e4gt gewesen, der schon in ganz alter Zeit verwendet wurde und noch heute in Steinbr\u00fcchen gewonnen und wirtschaftlich genutzt wird. Der Granit hat nicht nur die Geschichte von Campo gepr\u00e4gt, sondern auch seine Oberfl\u00e4che, die von der Zeit und den Witterungseinfl\u00fcssen angegriffen wurde, wodurch die spektakul\u00e4ren Str\u00e4nde von diesem Teil von Elba entstanden sind.<\/p>\n<p>Sehr typisch ist die alte Siedlung Marina di Campo, \u00fcberragt von der Torre della Marina, die pisanischen Ursprungs ist und im 16. Jh. erneuert wurde. Ebenfalls sehr reizvoll sind die H\u00fcgeld\u00f6rfer San Piero mit seiner Kirche San Niccol\u00f2, die auf den Resten eines dem Gott Glaucus geweihten Tempels aus der R\u00f6merzeit erbaut wurde, und S. Ilario mit seiner Kirche San Giovanni.<\/p>\n<p>Sehr typisch ist die alte Siedlung Marina di Campo, \u00fcberragt von der Torre della Marina, die pisanischen Ursprungs ist und im 16. Jh. erneuert wurde. Ebenfalls sehr reizvoll sind die H\u00fcgeld\u00f6rfer San Piero mit seiner Kirche San Niccol\u00f2, die auf den Resten eines dem Gott Glaucus geweihten Tempels aus der R\u00f6merzeit erbaut wurde, und S. Ilario mit seiner Kirche San Giovanni.<\/p>\n<p>Ganz sicher einen Besuch wert sind auch die Torre di San Giovanni, die Kirche San Francesco und die S\u00e4ulen aus r\u00f6mischer Zeit in Seccheto.<\/p>\n<p>Eine moderne Attraktion ist das Aquarium von Marina di Campo, im ganzen Mittelmeerbereich eins der am besten ausgestatteten und der spektakul\u00e4rsten.<\/p>\n<p>Ein besonderes Schmuckst\u00fcck der Gemeinde ist die Insel Pianosa, ein eindrucksvoller, faszinierender Ort voll von Geschichte und unber\u00fchrter Natur. Sie diente von 1858 bis 1997 als Gef\u00e4ngnis, hat sich nicht ver\u00e4ndert und ist heute nur f\u00fcr Besichtigungen in Gruppen ge\u00f6ffnet.<\/p>\n<p>Markttag: Mittwoch.<\/p>\n<\/p>\n<p>\u00a0<\/p>\n\n\t\t\n<style>\n#text-968797374 {\n  text-align: left;\n}\n<\/style>\n\t<\/div>\n\t\n\n\t\t<\/div>\n\t\t\t\t\t<\/div>\n\n\t\n\n\t<div id=\"col-932799101\" class=\"col small-12 large-12\"  >\n\t\t\t\t<div class=\"col-inner\"  >\n\t\t\t\n\t\t\t\n\n<div class=\"is-divider divider clearfix\" style=\"margin-top:0px;margin-bottom:0px;max-width:100%;height:1px;\"><\/div>\n\n\t<div id=\"gap-863150612\" class=\"gap-element clearfix\" style=\"display:block; height:auto;\">\n\t\t\n<style>\n#gap-863150612 {\n  padding-top: 10px;\n}\n<\/style>\n\t<\/div>\n\t\n\n<div class=\"social-icons share-icons share-row relative full-width text-center icon-style-fill\" ><span class=\"share-icons-title\">Condividi:<\/span><a href=\"whatsapp:\/\/send?text=Marina%20di%20campo - https:\/\/www.margheritaviaggi.com\/de\/esplora-lelba\/marina-di-campo\/\" data-action=\"share\/whatsapp\/share\" class=\"icon primary button circle tooltip whatsapp show-for-medium\" title=\"Auf WhatsApp teilen\" aria-label=\"Auf WhatsApp teilen\"><i class=\"icon-whatsapp\" aria-hidden=\"true\"><\/i><\/a><a href=\"https:\/\/www.facebook.com\/sharer.php?u=https:\/\/www.margheritaviaggi.com\/de\/esplora-lelba\/marina-di-campo\/\" data-label=\"Facebook\" onclick=\"window.open(this.href,this.title,'width=500,height=500,top=300px,left=300px'); return false;\" target=\"_blank\" class=\"icon primary button circle tooltip facebook\" title=\"Auf Facebook teilen\" aria-label=\"Auf Facebook teilen\" rel=\"noopener nofollow\"><i class=\"icon-facebook\" aria-hidden=\"true\"><\/i><\/a><a href=\"https:\/\/twitter.com\/share?url=https:\/\/www.margheritaviaggi.com\/de\/esplora-lelba\/marina-di-campo\/\" onclick=\"window.open(this.href,this.title,'width=500,height=500,top=300px,left=300px'); return false;\" target=\"_blank\" class=\"icon primary button circle tooltip twitter\" title=\"Auf Twitter teilen\" aria-label=\"Auf Twitter teilen\" rel=\"noopener nofollow\"><i class=\"icon-twitter\" aria-hidden=\"true\"><\/i><\/a><a href=\"mailto:?subject=Marina%20di%20campo&body=Schau%20dir%20das%20an%3A%20https%3A%2F%2Fwww.margheritaviaggi.com%2Fde%2Fesplora-lelba%2Fmarina-di-campo%2F\" class=\"icon primary button circle tooltip email\" title=\"E-mail an einen Freund senden\" aria-label=\"E-mail an einen Freund senden\" rel=\"nofollow\"><i class=\"icon-envelop\" aria-hidden=\"true\"><\/i><\/a><a href=\"https:\/\/pinterest.com\/pin\/create\/button?url=https:\/\/www.margheritaviaggi.com\/de\/esplora-lelba\/marina-di-campo\/&media&description=Marina%20di%20campo\" onclick=\"window.open(this.href,this.title,'width=500,height=500,top=300px,left=300px'); return false;\" target=\"_blank\" class=\"icon primary button circle tooltip pinterest\" title=\"Pinterest Pin erstellen\" aria-label=\"Pinterest Pin erstellen\" rel=\"noopener nofollow\"><i class=\"icon-pinterest\" aria-hidden=\"true\"><\/i><\/a><a href=\"https:\/\/www.linkedin.com\/shareArticle?mini=true&url=https:\/\/www.margheritaviaggi.com\/de\/esplora-lelba\/marina-di-campo\/&title=Marina%20di%20campo\" onclick=\"window.open(this.href,this.title,'width=500,height=500,top=300px,left=300px'); return false;\" target=\"_blank\" class=\"icon primary button circle tooltip linkedin\" title=\"Auf LinkedIn teilen\" aria-label=\"Auf LinkedIn teilen\" rel=\"noopener nofollow\"><i class=\"icon-linkedin\" aria-hidden=\"true\"><\/i><\/a><\/div>\n\n<div class=\"is-divider divider clearfix\" style=\"margin-top:0px;margin-bottom:0px;max-width:100%;height:1px;\"><\/div>\n\n\n\t\t<\/div>\n\t\t\t\t\t<\/div>\n\n\t\n\n<\/div>\n","protected":false},"excerpt":{"rendered":"","protected":false},"author":1,"featured_media":0,"parent":50136,"menu_order":46,"comment_status":"closed","ping_status":"closed","template":"page-blank.php","meta":{"_joinchat":[],"footnotes":""},"class_list":["post-49701","page","type-page","status-publish","hentry"],"aioseo_notices":[],"_links":{"self":[{"href":"https:\/\/www.margheritaviaggi.com\/de\/wp-json\/wp\/v2\/pages\/49701","targetHints":{"allow":["GET"]}}],"collection":[{"href":"https:\/\/www.margheritaviaggi.com\/de\/wp-json\/wp\/v2\/pages"}],"about":[{"href":"https:\/\/www.margheritaviaggi.com\/de\/wp-json\/wp\/v2\/types\/page"}],"author":[{"embeddable":true,"href":"https:\/\/www.margheritaviaggi.com\/de\/wp-json\/wp\/v2\/users\/1"}],"replies":[{"embeddable":true,"href":"https:\/\/www.margheritaviaggi.com\/de\/wp-json\/wp\/v2\/comments?post=49701"}],"version-history":[{"count":38,"href":"https:\/\/www.margheritaviaggi.com\/de\/wp-json\/wp\/v2\/pages\/49701\/revisions"}],"predecessor-version":[{"id":51293,"href":"https:\/\/www.margheritaviaggi.com\/de\/wp-json\/wp\/v2\/pages\/49701\/revisions\/51293"}],"up":[{"embeddable":true,"href":"https:\/\/www.margheritaviaggi.com\/de\/wp-json\/wp\/v2\/pages\/50136"}],"wp:attachment":[{"href":"https:\/\/www.margheritaviaggi.com\/de\/wp-json\/wp\/v2\/media?parent=49701"}],"curies":[{"name":"wp","href":"https:\/\/api.w.org\/{rel}","templated":true}]}}